{"id":8794,"date":"2023-12-05T13:01:36","date_gmt":"2023-12-05T12:01:36","guid":{"rendered":"https:\/\/www.opackgroup.com\/de\/?page_id=8794"},"modified":"2025-01-29T15:00:23","modified_gmt":"2025-01-29T14:00:23","slug":"stellenangebote-arbeiten-in-einem-familienbetrieb","status":"publish","type":"page","link":"https:\/\/www.opackgroup.com\/de\/stellenangebote-arbeiten-in-einem-familienbetrieb\/","title":{"rendered":"Stellenangebote"},"content":{"rendered":"\n<div class=\"hh-block block-row\"data-mb=\"regular\">\n    <div class=\"block-row__row row block-row__row--align-stretch\">\n                \n\n<div class=\"hh-block block-column col col--1 col--lg-1\/1\">\n    \n\n\n    <div class=\"hh-block block-button block-button--align-left\"\n         data-mt=\"none\"         data-mb=\"small\">\n\n        \n            \n            <a href=\"https:\/\/werkenbijopackgroup.nl\/\" target=\"_blank\" rel=\"noopener noreferrer\" class=\"hh-button hh-button--bc hh-button--style-filled hh-button--size-xlarge hh-button--color-primary block-button__button\"><span class=\"hh-button__text block-button__button-text\">Arbeitsangebot<span class=\"hh-sr-only\"> (opens in new tab)<\/span><\/span><\/a>\n        \n    <\/div>\n\n\n\n<\/div>\n            <\/div>\n<\/div>\n","protected":false},"excerpt":{"rendered":"","protected":false},"author":2,"featured_media":0,"parent":0,"menu_order":6,"comment_status":"closed","ping_status":"closed","template":"","meta":{"_acf_changed":false,"footnotes":""},"class_list":["post-8794","page","type-page","status-publish","hentry"],"acf":[],"yoast_head":"<title>Stellenangebote | Arbeiten in einem Familienbetrieb<\/title>\n<meta name=\"description\" content=\"Informieren Sie sich \u00fcber die aktuellen Stellenangebote der OPACKGROUP und finden Sie heraus, wie Sie zu Verpackungsl\u00f6sungen beitragen k\u00f6nnen.\" \/>\n<meta name=\"robots\" content=\"index, follow, max-snippet:-1, max-image-preview:large, max-video-preview:-1\" \/>\n<link rel=\"canonical\" href=\"https:\/\/www.opackgroup.com\/de\/stellenangebote-arbeiten-in-einem-familienbetrieb\/\" \/>\n<meta property=\"og:locale\" content=\"de_DE\" \/>\n<meta property=\"og:type\" content=\"article\" \/>\n<meta property=\"og:title\" content=\"Stellenangebote | Arbeiten in einem Familienbetrieb\" \/>\n<meta property=\"og:description\" content=\"Informieren Sie sich \u00fcber die aktuellen Stellenangebote der OPACKGROUP und finden Sie heraus, wie Sie zu Verpackungsl\u00f6sungen beitragen k\u00f6nnen.\" \/>\n<meta property=\"og:url\" content=\"https:\/\/www.opackgroup.com\/de\/stellenangebote-arbeiten-in-einem-familienbetrieb\/\" \/>\n<meta property=\"og:site_name\" content=\"OPACKGROUP\" \/>\n<meta property=\"article:modified_time\" content=\"2025-01-29T14:00:23+00:00\" \/>\n<meta name=\"twitter:card\" content=\"summary_large_image\" \/>\n<script type=\"application\/ld+json\" class=\"yoast-schema-graph\">{\"@context\":\"https:\/\/schema.org\",\"@graph\":[{\"@type\":\"WebPage\",\"@id\":\"https:\/\/www.opackgroup.com\/de\/stellenangebote-arbeiten-in-einem-familienbetrieb\/\",\"url\":\"https:\/\/www.opackgroup.com\/de\/stellenangebote-arbeiten-in-einem-familienbetrieb\/\",\"name\":\"Stellenangebote | Arbeiten in einem Familienbetrieb\",\"isPartOf\":{\"@id\":\"https:\/\/www.opackgroup.com\/de\/#website\"},\"datePublished\":\"2023-12-05T12:01:36+00:00\",\"dateModified\":\"2025-01-29T14:00:23+00:00\",\"description\":\"Informieren Sie sich \u00fcber die aktuellen Stellenangebote der OPACKGROUP und finden Sie heraus, wie Sie zu Verpackungsl\u00f6sungen beitragen k\u00f6nnen.\",\"breadcrumb\":{\"@id\":\"https:\/\/www.opackgroup.com\/de\/stellenangebote-arbeiten-in-einem-familienbetrieb\/#breadcrumb\"},\"inLanguage\":\"de\",\"potentialAction\":[{\"@type\":\"ReadAction\",\"target\":[\"https:\/\/www.opackgroup.com\/de\/stellenangebote-arbeiten-in-einem-familienbetrieb\/\"]}]},{\"@type\":\"BreadcrumbList\",\"@id\":\"https:\/\/www.opackgroup.com\/de\/stellenangebote-arbeiten-in-einem-familienbetrieb\/#breadcrumb\",\"itemListElement\":[{\"@type\":\"ListItem\",\"position\":1,\"name\":\"Home\",\"item\":\"https:\/\/www.opackgroup.com\/de\/\"},{\"@type\":\"ListItem\",\"position\":2,\"name\":\"Stellenangebote\"}]},{\"@type\":\"WebSite\",\"@id\":\"https:\/\/www.opackgroup.com\/de\/#website\",\"url\":\"https:\/\/www.opackgroup.com\/de\/\",\"name\":\"OPACKGROUP\",\"description\":\"The sustainable innovator\",\"potentialAction\":[{\"@type\":\"SearchAction\",\"target\":{\"@type\":\"EntryPoint\",\"urlTemplate\":\"https:\/\/www.opackgroup.com\/de\/?suchanfrage={search_term_string}\"},\"query-input\":{\"@type\":\"PropertyValueSpecification\",\"valueRequired\":true,\"valueName\":\"search_term_string\"}}],\"inLanguage\":\"de\"}]}<\/script>","yoast_head_json":{"title":"Stellenangebote | Arbeiten in einem Familienbetrieb","description":"Informieren Sie sich \u00fcber die aktuellen Stellenangebote der OPACKGROUP und finden Sie heraus, wie Sie zu Verpackungsl\u00f6sungen beitragen k\u00f6nnen.","robots":{"index":"index","follow":"follow","max-snippet":"max-snippet:-1","max-image-preview":"max-image-preview:large","max-video-preview":"max-video-preview:-1"},"canonical":"https:\/\/www.opackgroup.com\/de\/stellenangebote-arbeiten-in-einem-familienbetrieb\/","og_locale":"de_DE","og_type":"article","og_title":"Stellenangebote | Arbeiten in einem Familienbetrieb","og_description":"Informieren Sie sich \u00fcber die aktuellen Stellenangebote der OPACKGROUP und finden Sie heraus, wie Sie zu Verpackungsl\u00f6sungen beitragen k\u00f6nnen.","og_url":"https:\/\/www.opackgroup.com\/de\/stellenangebote-arbeiten-in-einem-familienbetrieb\/","og_site_name":"OPACKGROUP","article_modified_time":"2025-01-29T14:00:23+00:00","twitter_card":"summary_large_image","schema":{"@context":"https:\/\/schema.org","@graph":[{"@type":"WebPage","@id":"https:\/\/www.opackgroup.com\/de\/stellenangebote-arbeiten-in-einem-familienbetrieb\/","url":"https:\/\/www.opackgroup.com\/de\/stellenangebote-arbeiten-in-einem-familienbetrieb\/","name":"Stellenangebote | Arbeiten in einem Familienbetrieb","isPartOf":{"@id":"https:\/\/www.opackgroup.com\/de\/#website"},"datePublished":"2023-12-05T12:01:36+00:00","dateModified":"2025-01-29T14:00:23+00:00","description":"Informieren Sie sich \u00fcber die aktuellen Stellenangebote der OPACKGROUP und finden Sie heraus, wie Sie zu Verpackungsl\u00f6sungen beitragen k\u00f6nnen.","breadcrumb":{"@id":"https:\/\/www.opackgroup.com\/de\/stellenangebote-arbeiten-in-einem-familienbetrieb\/#breadcrumb"},"inLanguage":"de","potentialAction":[{"@type":"ReadAction","target":["https:\/\/www.opackgroup.com\/de\/stellenangebote-arbeiten-in-einem-familienbetrieb\/"]}]},{"@type":"BreadcrumbList","@id":"https:\/\/www.opackgroup.com\/de\/stellenangebote-arbeiten-in-einem-familienbetrieb\/#breadcrumb","itemListElement":[{"@type":"ListItem","position":1,"name":"Home","item":"https:\/\/www.opackgroup.com\/de\/"},{"@type":"ListItem","position":2,"name":"Stellenangebote"}]},{"@type":"WebSite","@id":"https:\/\/www.opackgroup.com\/de\/#website","url":"https:\/\/www.opackgroup.com\/de\/","name":"OPACKGROUP","description":"The sustainable innovator","potentialAction":[{"@type":"SearchAction","target":{"@type":"EntryPoint","urlTemplate":"https:\/\/www.opackgroup.com\/de\/?suchanfrage={search_term_string}"},"query-input":{"@type":"PropertyValueSpecification","valueRequired":true,"valueName":"search_term_string"}}],"inLanguage":"de"}]}},"_links":{"self":[{"href":"https:\/\/www.opackgroup.com\/de\/wp-json\/wp\/v2\/pages\/8794","targetHints":{"allow":["GET"]}}],"collection":[{"href":"https:\/\/www.opackgroup.com\/de\/wp-json\/wp\/v2\/pages"}],"about":[{"href":"https:\/\/www.opackgroup.com\/de\/wp-json\/wp\/v2\/types\/page"}],"author":[{"embeddable":true,"href":"https:\/\/www.opackgroup.com\/de\/wp-json\/wp\/v2\/users\/2"}],"replies":[{"embeddable":true,"href":"https:\/\/www.opackgroup.com\/de\/wp-json\/wp\/v2\/comments?post=8794"}],"version-history":[{"count":9,"href":"https:\/\/www.opackgroup.com\/de\/wp-json\/wp\/v2\/pages\/8794\/revisions"}],"predecessor-version":[{"id":10636,"href":"https:\/\/www.opackgroup.com\/de\/wp-json\/wp\/v2\/pages\/8794\/revisions\/10636"}],"wp:attachment":[{"href":"https:\/\/www.opackgroup.com\/de\/wp-json\/wp\/v2\/media?parent=8794"}],"curies":[{"name":"wp","href":"https:\/\/api.w.org\/{rel}","templated":true}]}}