{"id":8506,"date":"2023-11-28T17:47:28","date_gmt":"2023-11-28T16:47:28","guid":{"rendered":"https:\/\/www.opackgroup.com\/de\/?page_id=8506"},"modified":"2025-12-11T13:44:17","modified_gmt":"2025-12-11T12:44:17","slug":"loesungen-flexible-kundenspezifische-verpackungen","status":"publish","type":"page","link":"https:\/\/www.opackgroup.com\/de\/loesungen-flexible-kundenspezifische-verpackungen\/","title":{"rendered":"L\u00f6sung"},"content":{"rendered":"\n<div class=\"hh-block block-row\"data-mb=\"larger\">\n    <div class=\"block-row__row row block-row__row--preset-1\/4|1\/4|1\/4|1\/4 block-row__row--align-stretch\">\n                \n\n<div class=\"hh-block block-column col col--1 col--lg-1\/4\">\n    <\/div>\n\n\n<div class=\"hh-block block-column col col--1 col--lg-1\/4\">\n    \n<ul class=\"hh-block block-list block-list--type-unordered\"data-mb=\"small\">\n<li class=\"block-list__item\">\n            \n<a href=\"https:\/\/www.opackgroup.com\/de\/losungen\/schutz\/\">Schutz<\/a>\n    <\/li>\n\n\n<li class=\"block-list__item\">\n            \n<a href=\"https:\/\/www.opackgroup.com\/de\/losungen\/energie-sparen\/\">Energie sparen<\/a>\n    <\/li>\n\n\n<li class=\"block-list__item\">\n            \n<a href=\"https:\/\/www.opackgroup.com\/de\/losungen\/reduziert-lebensmittelverschwendung\/\">Reduziert Lebensmittelverschwendung<\/a>\n    <\/li>\n\n\n<li class=\"block-list__item\">\n            \n<a href=\"https:\/\/www.opackgroup.com\/de\/losungen\/co2-reduzierung\/\">CO2-reduzierung<\/a>\n    <\/li>\n\n\n<li class=\"block-list__item\">\n            \n<a href=\"https:\/\/www.opackgroup.com\/de\/losungen\/haltbarkeitsverlaengernd\/\">Haltbarkeitsverl\u00e4ngernd<\/a>\n    <\/li>\n\n\n<li class=\"block-list__item\">\n            \n<a href=\"https:\/\/www.opackgroup.com\/de\/losungen\/reguliert-temperatur\/\">Reguliert Temperatur<\/a>\n    <\/li>\n\n\n<li class=\"block-list__item\">\n            \n<a href=\"https:\/\/www.opackgroup.com\/de\/losungen\/fordert-effiezenz\/\">F\u00f6rdert Effizienz<\/a>\n    <\/li>\n\n<\/ul>\n<\/div>\n\n\n<div class=\"hh-block block-column col col--1 col--lg-1\/4\">\n    \n<ul class=\"hh-block block-list block-list--type-unordered\"data-mb=\"small\">\n<li class=\"block-list__item\">\n            \n<a href=\"https:\/\/www.opackgroup.com\/de\/losungen\/kommunikationsmittel\/\">Kommunikationsmittel<\/a>\n    <\/li>\n\n\n<li class=\"block-list__item\">\n            \n<a href=\"https:\/\/www.opackgroup.com\/de\/losungen\/fordert-hygiene\/\">F\u00f6rdert hygiene<\/a>\n    <\/li>\n\n\n<li class=\"block-list__item\">\n            \n<a href=\"https:\/\/www.opackgroup.com\/de\/losungen\/verbessert-produktionsprozesse\/\">Verbessert produktionsprozesse<\/a>\n    <\/li>\n\n\n<li class=\"block-list__item\">\n            \n<a href=\"https:\/\/www.opackgroup.com\/de\/losungen\/klimatisierung\/\">Klimatisierung<\/a>\n    <\/li>\n\n\n<li class=\"block-list__item\">\n            \n<a href=\"https:\/\/www.opackgroup.com\/de\/losungen\/hoherer-ertrag\/\">H\u00f6here Ertrag<\/a>\n    <\/li>\n\n\n<li class=\"block-list__item\">\n            \n<a href=\"https:\/\/www.opackgroup.com\/de\/losungen\/wassersparen\/\">Wassersparen<\/a>\n    <\/li>\n\n\n<li class=\"block-list__item\">\n            \n<a href=\"https:\/\/www.opackgroup.com\/de\/losungen\/arbeitseinsparung\/\">Arbeitseinsparung<\/a>\n    <\/li>\n\n<\/ul>\n<\/div>\n\n\n<div class=\"hh-block block-column col col--1 col--lg-1\/4\">\n    <\/div>\n            <\/div>\n<\/div>\n","protected":false},"excerpt":{"rendered":"","protected":false},"author":2,"featured_media":0,"parent":0,"menu_order":26,"comment_status":"closed","ping_status":"closed","template":"","meta":{"_acf_changed":false,"footnotes":""},"class_list":["post-8506","page","type-page","status-publish","hentry"],"acf":[],"yoast_head":"<title>L\u00f6sungen | Flexible kundenspezifische Verpackungen<\/title>\n<meta name=\"description\" content=\"Entdecken Sie ma\u00dfgeschneiderte Verpackungsl\u00f6sungen f\u00fcr verschiedene Bereiche, darunter Lebensmittel, Non-Food und landwirtschaftliche Anwendungen.\" \/>\n<meta name=\"robots\" content=\"index, follow, max-snippet:-1, max-image-preview:large, max-video-preview:-1\" \/>\n<link rel=\"canonical\" href=\"https:\/\/www.opackgroup.com\/de\/loesungen-flexible-kundenspezifische-verpackungen\/\" \/>\n<meta property=\"og:locale\" content=\"de_DE\" \/>\n<meta property=\"og:type\" content=\"article\" \/>\n<meta property=\"og:title\" content=\"L\u00f6sungen | Flexible kundenspezifische Verpackungen\" \/>\n<meta property=\"og:description\" content=\"Entdecken Sie ma\u00dfgeschneiderte Verpackungsl\u00f6sungen f\u00fcr verschiedene Bereiche, darunter Lebensmittel, Non-Food und landwirtschaftliche Anwendungen.\" \/>\n<meta property=\"og:url\" content=\"https:\/\/www.opackgroup.com\/de\/loesungen-flexible-kundenspezifische-verpackungen\/\" \/>\n<meta property=\"og:site_name\" content=\"OPACKGROUP\" \/>\n<meta property=\"article:modified_time\" content=\"2025-12-11T12:44:17+00:00\" \/>\n<meta name=\"twitter:card\" content=\"summary_large_image\" \/>\n<meta name=\"twitter:label1\" content=\"Gesch\u00e4tzte Lesezeit\" \/>\n\t<meta name=\"twitter:data1\" content=\"1\u00a0Minute\" \/>\n<script type=\"application\/ld+json\" class=\"yoast-schema-graph\">{\"@context\":\"https:\/\/schema.org\",\"@graph\":[{\"@type\":\"WebPage\",\"@id\":\"https:\/\/www.opackgroup.com\/de\/loesungen-flexible-kundenspezifische-verpackungen\/\",\"url\":\"https:\/\/www.opackgroup.com\/de\/loesungen-flexible-kundenspezifische-verpackungen\/\",\"name\":\"L\u00f6sungen | Flexible kundenspezifische Verpackungen\",\"isPartOf\":{\"@id\":\"https:\/\/www.opackgroup.com\/de\/#website\"},\"datePublished\":\"2023-11-28T16:47:28+00:00\",\"dateModified\":\"2025-12-11T12:44:17+00:00\",\"description\":\"Entdecken Sie ma\u00dfgeschneiderte Verpackungsl\u00f6sungen f\u00fcr verschiedene Bereiche, darunter Lebensmittel, Non-Food und landwirtschaftliche Anwendungen.\",\"breadcrumb\":{\"@id\":\"https:\/\/www.opackgroup.com\/de\/loesungen-flexible-kundenspezifische-verpackungen\/#breadcrumb\"},\"inLanguage\":\"de\",\"potentialAction\":[{\"@type\":\"ReadAction\",\"target\":[\"https:\/\/www.opackgroup.com\/de\/loesungen-flexible-kundenspezifische-verpackungen\/\"]}]},{\"@type\":\"BreadcrumbList\",\"@id\":\"https:\/\/www.opackgroup.com\/de\/loesungen-flexible-kundenspezifische-verpackungen\/#breadcrumb\",\"itemListElement\":[{\"@type\":\"ListItem\",\"position\":1,\"name\":\"Home\",\"item\":\"https:\/\/www.opackgroup.com\/de\/\"},{\"@type\":\"ListItem\",\"position\":2,\"name\":\"L\u00f6sung\"}]},{\"@type\":\"WebSite\",\"@id\":\"https:\/\/www.opackgroup.com\/de\/#website\",\"url\":\"https:\/\/www.opackgroup.com\/de\/\",\"name\":\"OPACKGROUP\",\"description\":\"The sustainable innovator\",\"potentialAction\":[{\"@type\":\"SearchAction\",\"target\":{\"@type\":\"EntryPoint\",\"urlTemplate\":\"https:\/\/www.opackgroup.com\/de\/?suchanfrage={search_term_string}\"},\"query-input\":{\"@type\":\"PropertyValueSpecification\",\"valueRequired\":true,\"valueName\":\"search_term_string\"}}],\"inLanguage\":\"de\"}]}<\/script>","yoast_head_json":{"title":"L\u00f6sungen | Flexible kundenspezifische Verpackungen","description":"Entdecken Sie ma\u00dfgeschneiderte Verpackungsl\u00f6sungen f\u00fcr verschiedene Bereiche, darunter Lebensmittel, Non-Food und landwirtschaftliche Anwendungen.","robots":{"index":"index","follow":"follow","max-snippet":"max-snippet:-1","max-image-preview":"max-image-preview:large","max-video-preview":"max-video-preview:-1"},"canonical":"https:\/\/www.opackgroup.com\/de\/loesungen-flexible-kundenspezifische-verpackungen\/","og_locale":"de_DE","og_type":"article","og_title":"L\u00f6sungen | Flexible kundenspezifische Verpackungen","og_description":"Entdecken Sie ma\u00dfgeschneiderte Verpackungsl\u00f6sungen f\u00fcr verschiedene Bereiche, darunter Lebensmittel, Non-Food und landwirtschaftliche Anwendungen.","og_url":"https:\/\/www.opackgroup.com\/de\/loesungen-flexible-kundenspezifische-verpackungen\/","og_site_name":"OPACKGROUP","article_modified_time":"2025-12-11T12:44:17+00:00","twitter_card":"summary_large_image","twitter_misc":{"Gesch\u00e4tzte Lesezeit":"1\u00a0Minute"},"schema":{"@context":"https:\/\/schema.org","@graph":[{"@type":"WebPage","@id":"https:\/\/www.opackgroup.com\/de\/loesungen-flexible-kundenspezifische-verpackungen\/","url":"https:\/\/www.opackgroup.com\/de\/loesungen-flexible-kundenspezifische-verpackungen\/","name":"L\u00f6sungen | Flexible kundenspezifische Verpackungen","isPartOf":{"@id":"https:\/\/www.opackgroup.com\/de\/#website"},"datePublished":"2023-11-28T16:47:28+00:00","dateModified":"2025-12-11T12:44:17+00:00","description":"Entdecken Sie ma\u00dfgeschneiderte Verpackungsl\u00f6sungen f\u00fcr verschiedene Bereiche, darunter Lebensmittel, Non-Food und landwirtschaftliche Anwendungen.","breadcrumb":{"@id":"https:\/\/www.opackgroup.com\/de\/loesungen-flexible-kundenspezifische-verpackungen\/#breadcrumb"},"inLanguage":"de","potentialAction":[{"@type":"ReadAction","target":["https:\/\/www.opackgroup.com\/de\/loesungen-flexible-kundenspezifische-verpackungen\/"]}]},{"@type":"BreadcrumbList","@id":"https:\/\/www.opackgroup.com\/de\/loesungen-flexible-kundenspezifische-verpackungen\/#breadcrumb","itemListElement":[{"@type":"ListItem","position":1,"name":"Home","item":"https:\/\/www.opackgroup.com\/de\/"},{"@type":"ListItem","position":2,"name":"L\u00f6sung"}]},{"@type":"WebSite","@id":"https:\/\/www.opackgroup.com\/de\/#website","url":"https:\/\/www.opackgroup.com\/de\/","name":"OPACKGROUP","description":"The sustainable innovator","potentialAction":[{"@type":"SearchAction","target":{"@type":"EntryPoint","urlTemplate":"https:\/\/www.opackgroup.com\/de\/?suchanfrage={search_term_string}"},"query-input":{"@type":"PropertyValueSpecification","valueRequired":true,"valueName":"search_term_string"}}],"inLanguage":"de"}]}},"_links":{"self":[{"href":"https:\/\/www.opackgroup.com\/de\/wp-json\/wp\/v2\/pages\/8506","targetHints":{"allow":["GET"]}}],"collection":[{"href":"https:\/\/www.opackgroup.com\/de\/wp-json\/wp\/v2\/pages"}],"about":[{"href":"https:\/\/www.opackgroup.com\/de\/wp-json\/wp\/v2\/types\/page"}],"author":[{"embeddable":true,"href":"https:\/\/www.opackgroup.com\/de\/wp-json\/wp\/v2\/users\/2"}],"replies":[{"embeddable":true,"href":"https:\/\/www.opackgroup.com\/de\/wp-json\/wp\/v2\/comments?post=8506"}],"version-history":[{"count":25,"href":"https:\/\/www.opackgroup.com\/de\/wp-json\/wp\/v2\/pages\/8506\/revisions"}],"predecessor-version":[{"id":12630,"href":"https:\/\/www.opackgroup.com\/de\/wp-json\/wp\/v2\/pages\/8506\/revisions\/12630"}],"wp:attachment":[{"href":"https:\/\/www.opackgroup.com\/de\/wp-json\/wp\/v2\/media?parent=8506"}],"curies":[{"name":"wp","href":"https:\/\/api.w.org\/{rel}","templated":true}]}}