{"id":8501,"date":"2023-11-28T17:25:47","date_gmt":"2023-11-28T16:25:47","guid":{"rendered":"https:\/\/www.opackgroup.com\/de\/?page_id=8501"},"modified":"2025-12-11T13:47:55","modified_gmt":"2025-12-11T12:47:55","slug":"verschiedene-maerkte-innerhalb-der-opackgroup","status":"publish","type":"page","link":"https:\/\/www.opackgroup.com\/de\/verschiedene-maerkte-innerhalb-der-opackgroup\/","title":{"rendered":"Markt"},"content":{"rendered":"\n<div class=\"hh-block block-row\"data-mb=\"regular\">\n    <div class=\"block-row__row row block-row__row--preset-1\/3|1\/3|1\/3 block-row__row--align-stretch\">\n                \n\n<div class=\"hh-block block-column col col--1 col--lg-1\/3\">\n    \n    <style>\n        .block-paragraph.block-paragraph--id-69d7588422429 {\n                                    --hh-paragraph-font-size: 2rem;\n                    }\n\n            <\/style>\n<p class=\"hh-block block-paragraph block-paragraph--id-69d7588422429\"data-mb=\"small\"><strong>Food<\/strong><\/p>\n<\/div>\n\n\n<div class=\"hh-block block-column col col--1 col--lg-1\/3\">\n    \n    <style>\n        .block-paragraph.block-paragraph--id-69d75884229ea {\n                                    --hh-paragraph-font-size: 2rem;\n                    }\n\n            <\/style>\n<p class=\"hh-block block-paragraph block-paragraph--id-69d75884229ea\"data-mb=\"small\"><strong>Non Food<\/strong><\/p>\n<\/div>\n\n\n<div class=\"hh-block block-column col col--1 col--lg-1\/3\">\n    \n    <style>\n        .block-paragraph.block-paragraph--id-69d7588422e12 {\n                                    --hh-paragraph-font-size: 2rem;\n                    }\n\n            <\/style>\n<p class=\"hh-block block-paragraph block-paragraph--id-69d7588422e12\"data-mb=\"small\"><strong>Agrar &amp; Gartenbau<\/strong><\/p>\n<\/div>\n            <\/div>\n<\/div>\n\n\n\n<div class=\"hh-block block-row\"data-mb=\"regular\">\n    <div class=\"block-row__row row block-row__row--preset-1\/3|1\/3|1\/3 block-row__row--align-stretch\">\n                \n\n<div class=\"hh-block block-column col col--1 col--lg-1\/3\">\n    \n<ul class=\"hh-block block-list block-list--type-unordered\"data-mb=\"small\">\n<li class=\"block-list__item\">\n            \n<a href=\"https:\/\/www.opackgroup.com\/de\/marktubersicht\/lebensmittel\/brot-backwaren\/\">Brot und Backwaren<\/a>\n    <\/li>\n\n\n<li class=\"block-list__item\">\n            \n<a href=\"https:\/\/www.opackgroup.com\/de\/marktubersicht\/lebensmittel\/fertiggerichte\/\">Fertiggerichte<\/a>\n    <\/li>\n\n\n<li class=\"block-list__item\">\n            \n<a href=\"https:\/\/www.opackgroup.com\/de\/marktubersicht\/lebensmittel\/fisch\/\">Fisch<\/a>\n    <\/li>\n\n\n<li class=\"block-list__item\">\n            \n<a href=\"https:\/\/www.opackgroup.com\/de\/marktubersicht\/lebensmittel\/fleisch\/\">Fleisch<\/a>\n    <\/li>\n\n\n<li class=\"block-list__item\">\n            \n<a href=\"https:\/\/www.opackgroup.com\/de\/marktubersicht\/lebensmittel\/geback-susswaren\/\">Geb\u00e4ck und S\u00fc\u00dfwaren<\/a>\n    <\/li>\n\n\n<li class=\"block-list__item\">\n            \n<a href=\"https:\/\/www.opackgroup.com\/de\/marktubersicht\/lebensmittel\/getranke\/\">Getr\u00e4nke<\/a>\n    <\/li>\n\n\n<li class=\"block-list__item\">\n            \n<a href=\"https:\/\/www.opackgroup.com\/de\/marktubersicht\/lebensmittel\/kartoffeln-gemuse-obst\/\">Kartoffeln,Gem\u00fcse &amp; Obst<\/a>\n    <\/li>\n\n\n<li class=\"block-list__item\">\n            \n<a href=\"https:\/\/www.opackgroup.com\/de\/marktubersicht\/lebensmittel\/kraeuter-gewurze\/\">Kr\u00e4uter und Gew\u00fcrze<\/a>\n    <\/li>\n\n\n<li class=\"block-list__item\">\n            \n<a href=\"https:\/\/www.opackgroup.com\/de\/marktubersicht\/lebensmittel\/lebensmittelzutaten\/\">Lebensmittelzutate<\/a>\n    <\/li>\n\n\n<li class=\"block-list__item\">\n            \n<a href=\"https:\/\/www.opackgroup.com\/de\/marktubersicht\/lebensmittel\/milchprodukte\/\">Milchprodukte<\/a>\n    <\/li>\n\n\n<li class=\"block-list__item\">\n            \n<a href=\"https:\/\/www.opackgroup.com\/de\/marktubersicht\/non-food\/retail\/\">Retail<\/a>\n    <\/li>\n\n\n<li class=\"block-list__item\">\n            \n<a href=\"https:\/\/www.opackgroup.com\/de\/marktubersicht\/lebensmittel\/snacks\/\">Snacks<\/a>\n    <\/li>\n\n\n<li class=\"block-list__item\">\n            \n<a href=\"https:\/\/www.opackgroup.com\/de\/marktubersicht\/lebensmittel\/tierfutter\/\">Tierfutter \\ Futtermittel<\/a>\n    <\/li>\n\n\n<li class=\"block-list__item\">\n            \n<a href=\"https:\/\/www.opackgroup.com\/de\/marktubersicht\/lebensmittel\/sonstiges-lebensmittel\/\">Sonstiges<\/a>\n    <\/li>\n\n<\/ul>\n<\/div>\n\n\n<div class=\"hh-block block-column col col--1 col--lg-1\/3\">\n    \n<ul class=\"hh-block block-list block-list--type-unordered\"data-mb=\"small\">\n<li class=\"block-list__item\">\n            \n<a href=\"https:\/\/www.opackgroup.com\/de\/marktubersicht\/non-food\/automobilindustrie\/\">Automobilindustrie<\/a>\n    <\/li>\n\n\n<li class=\"block-list__item\">\n            \n<a href=\"https:\/\/www.opackgroup.com\/de\/marktubersicht\/non-food\/bauwesen\/\">Bauwesen<\/a>\n    <\/li>\n\n\n<li class=\"block-list__item\">\n            \n<a href=\"https:\/\/www.opackgroup.com\/de\/marktubersicht\/non-food\/blumenerde-dungemittel\/\">Blumenerde und D\u00fcngemittel<\/a>\n    <\/li>\n\n\n<li class=\"block-list__item\">\n            \n<a href=\"https:\/\/www.opackgroup.com\/de\/marktubersicht\/non-food\/chemie\/\">Chemie<\/a>\n    <\/li>\n\n\n<li class=\"block-list__item\">\n            \n<a href=\"https:\/\/www.opackgroup.com\/de\/marktubersicht\/non-food\/ecommerce\/\">E-commerce<\/a>\n    <\/li>\n\n\n<li class=\"block-list__item\">\n            \n<a href=\"https:\/\/www.opackgroup.com\/de\/marktubersicht\/non-food\/fertigung\/\">Fertigung<\/a>\n    <\/li>\n\n\n<li class=\"block-list__item\">\n            \n<a href=\"https:\/\/www.opackgroup.com\/de\/marktubersicht\/non-food\/hygiene-ausstattung\/\">Hygiene und Ausstattung<\/a>\n    <\/li>\n\n\n<li class=\"block-list__item\">\n            \n<a href=\"https:\/\/www.opackgroup.com\/de\/marktubersicht\/non-food\/logistik\/\">Logistik<\/a>\n    <\/li>\n\n\n<li class=\"block-list__item\">\n            \n<a href=\"https:\/\/www.opackgroup.com\/de\/marktubersicht\/non-food\/medien\/\">Medien<\/a>\n    <\/li>\n\n\n<li class=\"block-list__item\">\n            \n<a href=\"https:\/\/www.opackgroup.com\/de\/marktubersicht\/non-food\/pharmazie\/\">Pharmazie<\/a>\n    <\/li>\n\n\n<li class=\"block-list__item\">\n            \n<a href=\"https:\/\/www.opackgroup.com\/de\/marktubersicht\/non-food\/retail\/\">Retail<\/a>\n    <\/li>\n\n\n<li class=\"block-list__item\">\n            \n<a href=\"https:\/\/www.opackgroup.com\/de\/marktubersicht\/non-food\/sonstiges-non-food\/\">Sonstiges<\/a>\n    <\/li>\n\n<\/ul>\n<\/div>\n\n\n<div class=\"hh-block block-column col col--1 col--lg-1\/3\">\n    \n<ul class=\"hh-block block-list block-list--type-unordered\"data-mb=\"small\">\n<li class=\"block-list__item\">\n            \n<a href=\"https:\/\/www.opackgroup.com\/de\/marktubersicht\/agrar-gartenbau\/beetbereitung\/\">Beetbereitung<\/a>\n    <\/li>\n\n\n<li class=\"block-list__item\">\n            \n<a href=\"https:\/\/www.opackgroup.com\/de\/marktubersicht\/non-food\/blumenerde-dungemittel\/\">Blumenerde &amp; D\u00fcngemittel<\/a>\n    <\/li>\n\n\n<li class=\"block-list__item\">\n            \n<a href=\"https:\/\/www.opackgroup.com\/de\/marktubersicht\/agrar-gartenbau\/feldanbau\/\">Feldanbau<\/a>\n    <\/li>\n\n\n<li class=\"block-list__item\">\n            \n<a href=\"https:\/\/www.opackgroup.com\/de\/marktubersicht\/agrar-gartenbau\/gewachshausanbau\/\">Gew\u00e4chshausanbau<\/a>\n    <\/li>\n\n\n<li class=\"block-list__item\">\n            \n<a href=\"https:\/\/www.opackgroup.com\/de\/marktubersicht\/lebensmittel\/kartoffeln-gemuse-obst\/\">Kartoffeln, Gem\u00fcse &amp; Obst<\/a>\n    <\/li>\n\n\n<li class=\"block-list__item\">\n            \n<a href=\"https:\/\/www.opackgroup.com\/de\/marktubersicht\/agrar-gartenbau\/landwirtschaft\/\">Landwirtschaft<\/a>\n    <\/li>\n\n\n<li class=\"block-list__item\">\n            \n<a href=\"https:\/\/www.opackgroup.com\/de\/marktubersicht\/agrar-gartenbau\/viehzucht\/\">Viehzucht<\/a>\n    <\/li>\n\n\n<li class=\"block-list__item\">\n            \n<a href=\"https:\/\/www.opackgroup.com\/de\/marktubersicht\/agrar-gartenbau\/sonstiges-agrar\/\">Sonstiges<\/a>\n    <\/li>\n\n<\/ul>\n<\/div>\n            <\/div>\n<\/div>\n","protected":false},"excerpt":{"rendered":"","protected":false},"author":2,"featured_media":0,"parent":0,"menu_order":26,"comment_status":"closed","ping_status":"closed","template":"","meta":{"_acf_changed":false,"footnotes":""},"class_list":["post-8501","page","type-page","status-publish","hentry"],"acf":[],"yoast_head":"<title>Verschiedene M\u00e4rkte innerhalb der OPACKGROUP<\/title>\n<meta name=\"description\" content=\"Entdecken Sie die verschiedenen M\u00e4rkte, die auf die Bed\u00fcrfnisse der verschiedenen Sektoren wie Food, Non-Food und Landwirtschaft zugeschnitten sind\" \/>\n<meta name=\"robots\" content=\"index, follow, max-snippet:-1, max-image-preview:large, max-video-preview:-1\" \/>\n<link rel=\"canonical\" href=\"https:\/\/www.opackgroup.com\/de\/verschiedene-maerkte-innerhalb-der-opackgroup\/\" \/>\n<meta property=\"og:locale\" content=\"de_DE\" \/>\n<meta property=\"og:type\" content=\"article\" \/>\n<meta property=\"og:title\" content=\"Verschiedene M\u00e4rkte innerhalb der OPACKGROUP\" \/>\n<meta property=\"og:description\" content=\"Entdecken Sie die verschiedenen M\u00e4rkte, die auf die Bed\u00fcrfnisse der verschiedenen Sektoren wie Food, Non-Food und Landwirtschaft zugeschnitten sind\" \/>\n<meta property=\"og:url\" content=\"https:\/\/www.opackgroup.com\/de\/verschiedene-maerkte-innerhalb-der-opackgroup\/\" \/>\n<meta property=\"og:site_name\" content=\"OPACKGROUP\" \/>\n<meta property=\"article:modified_time\" content=\"2025-12-11T12:47:55+00:00\" \/>\n<meta name=\"twitter:card\" content=\"summary_large_image\" \/>\n<meta name=\"twitter:label1\" content=\"Gesch\u00e4tzte Lesezeit\" \/>\n\t<meta name=\"twitter:data1\" content=\"1\u00a0Minute\" \/>\n<script type=\"application\/ld+json\" class=\"yoast-schema-graph\">{\"@context\":\"https:\/\/schema.org\",\"@graph\":[{\"@type\":\"WebPage\",\"@id\":\"https:\/\/www.opackgroup.com\/de\/verschiedene-maerkte-innerhalb-der-opackgroup\/\",\"url\":\"https:\/\/www.opackgroup.com\/de\/verschiedene-maerkte-innerhalb-der-opackgroup\/\",\"name\":\"Verschiedene M\u00e4rkte innerhalb der OPACKGROUP\",\"isPartOf\":{\"@id\":\"https:\/\/www.opackgroup.com\/de\/#website\"},\"datePublished\":\"2023-11-28T16:25:47+00:00\",\"dateModified\":\"2025-12-11T12:47:55+00:00\",\"description\":\"Entdecken Sie die verschiedenen M\u00e4rkte, die auf die Bed\u00fcrfnisse der verschiedenen Sektoren wie Food, Non-Food und Landwirtschaft zugeschnitten sind\",\"breadcrumb\":{\"@id\":\"https:\/\/www.opackgroup.com\/de\/verschiedene-maerkte-innerhalb-der-opackgroup\/#breadcrumb\"},\"inLanguage\":\"de\",\"potentialAction\":[{\"@type\":\"ReadAction\",\"target\":[\"https:\/\/www.opackgroup.com\/de\/verschiedene-maerkte-innerhalb-der-opackgroup\/\"]}]},{\"@type\":\"BreadcrumbList\",\"@id\":\"https:\/\/www.opackgroup.com\/de\/verschiedene-maerkte-innerhalb-der-opackgroup\/#breadcrumb\",\"itemListElement\":[{\"@type\":\"ListItem\",\"position\":1,\"name\":\"Home\",\"item\":\"https:\/\/www.opackgroup.com\/de\/\"},{\"@type\":\"ListItem\",\"position\":2,\"name\":\"Markt\"}]},{\"@type\":\"WebSite\",\"@id\":\"https:\/\/www.opackgroup.com\/de\/#website\",\"url\":\"https:\/\/www.opackgroup.com\/de\/\",\"name\":\"OPACKGROUP\",\"description\":\"The sustainable innovator\",\"potentialAction\":[{\"@type\":\"SearchAction\",\"target\":{\"@type\":\"EntryPoint\",\"urlTemplate\":\"https:\/\/www.opackgroup.com\/de\/?suchanfrage={search_term_string}\"},\"query-input\":{\"@type\":\"PropertyValueSpecification\",\"valueRequired\":true,\"valueName\":\"search_term_string\"}}],\"inLanguage\":\"de\"}]}<\/script>","yoast_head_json":{"title":"Verschiedene M\u00e4rkte innerhalb der OPACKGROUP","description":"Entdecken Sie die verschiedenen M\u00e4rkte, die auf die Bed\u00fcrfnisse der verschiedenen Sektoren wie Food, Non-Food und Landwirtschaft zugeschnitten sind","robots":{"index":"index","follow":"follow","max-snippet":"max-snippet:-1","max-image-preview":"max-image-preview:large","max-video-preview":"max-video-preview:-1"},"canonical":"https:\/\/www.opackgroup.com\/de\/verschiedene-maerkte-innerhalb-der-opackgroup\/","og_locale":"de_DE","og_type":"article","og_title":"Verschiedene M\u00e4rkte innerhalb der OPACKGROUP","og_description":"Entdecken Sie die verschiedenen M\u00e4rkte, die auf die Bed\u00fcrfnisse der verschiedenen Sektoren wie Food, Non-Food und Landwirtschaft zugeschnitten sind","og_url":"https:\/\/www.opackgroup.com\/de\/verschiedene-maerkte-innerhalb-der-opackgroup\/","og_site_name":"OPACKGROUP","article_modified_time":"2025-12-11T12:47:55+00:00","twitter_card":"summary_large_image","twitter_misc":{"Gesch\u00e4tzte Lesezeit":"1\u00a0Minute"},"schema":{"@context":"https:\/\/schema.org","@graph":[{"@type":"WebPage","@id":"https:\/\/www.opackgroup.com\/de\/verschiedene-maerkte-innerhalb-der-opackgroup\/","url":"https:\/\/www.opackgroup.com\/de\/verschiedene-maerkte-innerhalb-der-opackgroup\/","name":"Verschiedene M\u00e4rkte innerhalb der OPACKGROUP","isPartOf":{"@id":"https:\/\/www.opackgroup.com\/de\/#website"},"datePublished":"2023-11-28T16:25:47+00:00","dateModified":"2025-12-11T12:47:55+00:00","description":"Entdecken Sie die verschiedenen M\u00e4rkte, die auf die Bed\u00fcrfnisse der verschiedenen Sektoren wie Food, Non-Food und Landwirtschaft zugeschnitten sind","breadcrumb":{"@id":"https:\/\/www.opackgroup.com\/de\/verschiedene-maerkte-innerhalb-der-opackgroup\/#breadcrumb"},"inLanguage":"de","potentialAction":[{"@type":"ReadAction","target":["https:\/\/www.opackgroup.com\/de\/verschiedene-maerkte-innerhalb-der-opackgroup\/"]}]},{"@type":"BreadcrumbList","@id":"https:\/\/www.opackgroup.com\/de\/verschiedene-maerkte-innerhalb-der-opackgroup\/#breadcrumb","itemListElement":[{"@type":"ListItem","position":1,"name":"Home","item":"https:\/\/www.opackgroup.com\/de\/"},{"@type":"ListItem","position":2,"name":"Markt"}]},{"@type":"WebSite","@id":"https:\/\/www.opackgroup.com\/de\/#website","url":"https:\/\/www.opackgroup.com\/de\/","name":"OPACKGROUP","description":"The sustainable innovator","potentialAction":[{"@type":"SearchAction","target":{"@type":"EntryPoint","urlTemplate":"https:\/\/www.opackgroup.com\/de\/?suchanfrage={search_term_string}"},"query-input":{"@type":"PropertyValueSpecification","valueRequired":true,"valueName":"search_term_string"}}],"inLanguage":"de"}]}},"_links":{"self":[{"href":"https:\/\/www.opackgroup.com\/de\/wp-json\/wp\/v2\/pages\/8501","targetHints":{"allow":["GET"]}}],"collection":[{"href":"https:\/\/www.opackgroup.com\/de\/wp-json\/wp\/v2\/pages"}],"about":[{"href":"https:\/\/www.opackgroup.com\/de\/wp-json\/wp\/v2\/types\/page"}],"author":[{"embeddable":true,"href":"https:\/\/www.opackgroup.com\/de\/wp-json\/wp\/v2\/users\/2"}],"replies":[{"embeddable":true,"href":"https:\/\/www.opackgroup.com\/de\/wp-json\/wp\/v2\/comments?post=8501"}],"version-history":[{"count":29,"href":"https:\/\/www.opackgroup.com\/de\/wp-json\/wp\/v2\/pages\/8501\/revisions"}],"predecessor-version":[{"id":12633,"href":"https:\/\/www.opackgroup.com\/de\/wp-json\/wp\/v2\/pages\/8501\/revisions\/12633"}],"wp:attachment":[{"href":"https:\/\/www.opackgroup.com\/de\/wp-json\/wp\/v2\/media?parent=8501"}],"curies":[{"name":"wp","href":"https:\/\/api.w.org\/{rel}","templated":true}]}}