{"id":1495,"date":"2023-08-22T11:13:27","date_gmt":"2023-08-22T09:13:27","guid":{"rendered":"https:\/\/www.opackgroup.com\/de\/?page_id=1495"},"modified":"2024-04-08T17:56:02","modified_gmt":"2024-04-08T15:56:02","slug":"csr","status":"publish","type":"page","link":"https:\/\/www.opackgroup.com\/de\/csr\/","title":{"rendered":"Unternehmerische Gesellschaftsverantwortung"},"content":{"rendered":"<p class=\"hh-block block-paragraph block-paragraph--id-69d61a9d51fd3\"data-mb=\"small\">Corporate Social Responsibility (CSR) ist ein wichtiger Bestandteil der Unternehmensf\u00fchrung der OPACKGROUP und ihrer angeh\u00f6rigen Unternehmen. Diese sind: Fardem Packaging (Edam), Flexpak (Geldermalsen), Oerlemans Plastics (Genderen en Giessen), OPI (Oosterwolde), Perfon (Goor), Plasthill (Hillegom) und Stempher (Rijssen). Die unterzeichnete Selbsterkl\u00e4rung wurde anhand des in NPR 9026+C1:2012 beschriebenen Verfahrens gepr\u00fcft und bewertet. Sie zeigt, dass die soziale Verantwortung innerhalb des Unternehmens gelebt wird.<\/p>\n\n<p class=\"hh-block block-paragraph block-paragraph--id-69d61a9d521a2\"data-mb=\"small\">Die Selbsterkl\u00e4rung wurde in Zusammenarbeit mit dem NRK (Interessenverband der niederl\u00e4ndischen Gummi- und Kunststoffindustrie) erstellt.<\/p>\n\n\n<div class=\"hh-block block-row\"data-mb=\"smaller\">\n    <div class=\"block-row__row row block-row__row--preset-1\/2|1\/2 block-row__row--align-stretch\">\n                \n\n<div class=\"hh-block block-column col col--1 col--lg-1\/2\">\n    \n<p class=\"hh-block block-paragraph block-paragraph--id-69d61a9d5232f\">Im Jahr 2013 startete der NRK das CSR-Projekt gem\u00e4\u00df ISO 26000.&nbsp; Die Unternehmen der OPACKGROUP haben sich zusammen mit einer Reihe von Unternehmen aus der Branche diesem CSR-Projekt angeschlossen. Die Einhaltung der ISO 26000 gibt der CSR-Politik innerhalb der Organisation Struktur. Das Projekt des NRK bezog die verschiedenen Interessengruppen ein. In Absprache mit Kunden, Lieferanten, Mitarbeitenden und dem Umfeld wurden die sieben Kernthemen der ISO 26000 behandelt. Diese Kernthemen sind: Organisationsf\u00fchrung \u2013 Die Umwelt \u2013 Faire Betriebs- und Gesch\u00e4ftspraktiken \u2013 Menschenrechte \u2013 Konsumentenbelange \u2013 Arbeitspraktiken \u2013 Regionale Einbindung und Entwicklung der Gemeinschaft.<\/p>\n<\/div>\n\n\n<div class=\"hh-block block-column col col--1 col--lg-1\/2\">\n    \n\n    <div class=\"hh-block block-image\"\n         data-mt=\"none\"         data-mb=\"none\"         data-horizontal-align=\"centered\"\n         data-vertical-align=\"centered\"\n         data-mobile-align=\"centered\">\n\n         \n        <figure class=\"block-image__inner\" style=\"max-width: 320px\">\n\n            \n            \n            <div class=\"block-image__image-container\">\n\n            \n                <picture class=\"block-image__picture\" draggable=\"false\">\n  <source media=\"(min-width: 414px)\" srcset=\"https:\/\/www.opackgroup.com\/de\/wp-content\/uploads\/2023\/12\/MVO_Logo_RGB_top-1200dpi-320x320.png\" width=\"320\" height=\"320\" \/>\n  <source media=\"(min-width: 0px)\" srcset=\"https:\/\/www.opackgroup.com\/de\/wp-content\/uploads\/2023\/12\/MVO_Logo_RGB_top-1200dpi-320x320.png 1x, https:\/\/www.opackgroup.com\/de\/wp-content\/uploads\/2023\/12\/MVO_Logo_RGB_top-1200dpi-320x320.png 2x\" width=\"320\" height=\"320\" \/>\n  <img class=\"block-image__image\" draggable=\"false\" decoding=\"async\" loading=\"lazy\" src=\"https:\/\/www.opackgroup.com\/de\/wp-content\/uploads\/2023\/12\/MVO_Logo_RGB_top-1200dpi-320x320.png\" alt=\"MVO Logo RGB top 1200dpi\" width=\"320\" height=\"320\" \/>\n<\/picture>\n                                    <div\n                        class=\"block-image__holder block-image__holder--transparent block-image__holder--desktop\"\n                        style=\"aspect-ratio: 320\/320; max-width: 320px\">\n                    <\/div>\n                \n                                    <div\n                        class=\"block-image__holder block-image__holder--transparent block-image__holder--mobile\"\n                        style=\"aspect-ratio: 320\/320; max-width: 320px\">\n                    <\/div>\n                \n                                \n            <\/div>\n\n                        \n\n            \n            \n            \n            \n        <\/figure>\n\n        \n    <\/div>\n\n\n<\/div>\n            <\/div>\n<\/div>\n\n\n<p class=\"hh-block block-paragraph block-paragraph--id-69d61a9d5424d\"data-mb=\"small\">Alle Kernthemen sind innerhalb der Unternehmensf\u00fchrung der Organisationen untrennbar miteinander verbunden. In den Unternehmen der Gruppe wird den Themen Arbeitsgesundheit, Arbeitsschutz und Arbeitssicherheit gro\u00dfe Aufmerksamkeit geschenkt. Dabei dreht sich alles um die Sicherheit und Gesundheit der Mitarbeiterinnen und Mitarbeiter. Die Gesundheits- und Sicherheitspolitik findet sich nun auch in der CSR-Politik wieder. Auch die Umwelt wird in dieser Selbsterkl\u00e4rung ber\u00fccksichtigt. Die Unternehmen der OPACKGROUP sind seit Jahren sehr innovativ bei der Entwicklung nachhaltiger Verpackungsl\u00f6sungen: Wiederverwertbare Verpackungen aus Monomaterial, dickenreduzierende Verpackungen, kompostierbare Verpackungen und biobasierte Verpackungen sind einige Beispiele.<\/p>\n\n\n<div class=\"hh-block block-row\"data-mb=\"regular\">\n    <div class=\"block-row__row row block-row__row--preset-1\/2|1\/2 block-row__row--align-stretch\">\n                \n\n<div class=\"hh-block block-column col col--1 col--lg-1\/2\">\n    \n<p class=\"hh-block block-paragraph block-paragraph--id-69d61a9d54383\"data-mb=\"small\"><\/p>\n\n<p class=\"hh-block block-paragraph block-paragraph--id-69d61a9d54461\"data-mb=\"small\"><\/p>\n\n<p class=\"hh-block block-paragraph block-paragraph--id-69d61a9d5457d\"data-mb=\"small\">Laden Sie unsere Referenzmatrix zur sozialen Verantwortung von Unternehmen gem\u00e4\u00df ISO 26000 herunter. Geben Sie dazu Ihre E-Mail-Adresse ein und klicken Sie auf die Schaltfl\u00e4che zum Anfordern*. (Bitte lesen Sie vorab unsere <a href=\"https:\/\/www.opackgroup.com\/de\/wp-content\/uploads\/2024\/03\/PRIVACY-ERKLARUNG-OPACKGROUP.pdf\">Datenschutzbestimmungen<\/a> \u00fcber die Verwendung Ihrer Daten).<\/p>\n\n\n\n    <div class=\"hh-block form-block\"\n         data-mt=\"none\"         data-mb=\"small\">\n        <script type=\"text\/javascript\">\n\/* <![CDATA[ *\/\nvar gform;gform||(document.addEventListener(\"gform_main_scripts_loaded\",function(){gform.scriptsLoaded=!0}),document.addEventListener(\"gform\/theme\/scripts_loaded\",function(){gform.themeScriptsLoaded=!0}),window.addEventListener(\"DOMContentLoaded\",function(){gform.domLoaded=!0}),gform={domLoaded:!1,scriptsLoaded:!1,themeScriptsLoaded:!1,isFormEditor:()=>\"function\"==typeof InitializeEditor,callIfLoaded:function(o){return!(!gform.domLoaded||!gform.scriptsLoaded||!gform.themeScriptsLoaded&&!gform.isFormEditor()||(gform.isFormEditor()&&console.warn(\"The use of gform.initializeOnLoaded() is deprecated in the form editor context and will be removed in Gravity Forms 3.1.\"),o(),0))},initializeOnLoaded:function(o){gform.callIfLoaded(o)||(document.addEventListener(\"gform_main_scripts_loaded\",()=>{gform.scriptsLoaded=!0,gform.callIfLoaded(o)}),document.addEventListener(\"gform\/theme\/scripts_loaded\",()=>{gform.themeScriptsLoaded=!0,gform.callIfLoaded(o)}),window.addEventListener(\"DOMContentLoaded\",()=>{gform.domLoaded=!0,gform.callIfLoaded(o)}))},hooks:{action:{},filter:{}},addAction:function(o,r,e,t){gform.addHook(\"action\",o,r,e,t)},addFilter:function(o,r,e,t){gform.addHook(\"filter\",o,r,e,t)},doAction:function(o){gform.doHook(\"action\",o,arguments)},applyFilters:function(o){return gform.doHook(\"filter\",o,arguments)},removeAction:function(o,r){gform.removeHook(\"action\",o,r)},removeFilter:function(o,r,e){gform.removeHook(\"filter\",o,r,e)},addHook:function(o,r,e,t,n){null==gform.hooks[o][r]&&(gform.hooks[o][r]=[]);var d=gform.hooks[o][r];null==n&&(n=r+\"_\"+d.length),gform.hooks[o][r].push({tag:n,callable:e,priority:t=null==t?10:t})},doHook:function(r,o,e){var t;if(e=Array.prototype.slice.call(e,1),null!=gform.hooks[r][o]&&((o=gform.hooks[r][o]).sort(function(o,r){return o.priority-r.priority}),o.forEach(function(o){\"function\"!=typeof(t=o.callable)&&(t=window[t]),\"action\"==r?t.apply(null,e):e[0]=t.apply(null,e)})),\"filter\"==r)return e[0]},removeHook:function(o,r,t,n){var e;null!=gform.hooks[o][r]&&(e=(e=gform.hooks[o][r]).filter(function(o,r,e){return!!(null!=n&&n!=o.tag||null!=t&&t!=o.priority)}),gform.hooks[o][r]=e)}});\n\/* ]]> *\/\n<\/script>\n\n                <div class='gf_browser_gecko gform_wrapper gravity-theme gform-theme--no-framework' data-form-theme='gravity-theme' data-form-index='0' id='gform_wrapper_7' ><div id='gf_7' class='gform_anchor' tabindex='-1'><\/div><form method='post' enctype='multipart\/form-data' target='gform_ajax_frame_7' id='gform_7'  action='\/de\/wp-json\/wp\/v2\/pages\/1495#gf_7' data-formid='7' novalidate>\n                        <div class='gform-body gform_body'><div id='gform_fields_7' class='gform_fields top_label form_sublabel_below description_below validation_below'><div id=\"field_7_4\" class=\"gfield gfield--type-email gfield--width-full field_sublabel_below gfield--has-description field_description_below field_validation_below gfield_visibility_visible type-email material-input\"  data-field-class=\"type-email material-input\" ><label class='gfield_label gform-field-label' for='input_7_4'>E-Mail Adresse<\/label><div class='ginput_container ginput_container_email'>\n                            <input name='input_4' id='input_7_4' type='email' value='' class='large'     aria-invalid=\"false\" aria-describedby=\"gfield_description_7_4\" \/>\n                        <\/div><div class='gfield_description' id='gfield_description_7_4'>* Mit der Eingabe Ihrer E-Mail-Adresse erkl\u00e4ren Sie sich mit unserer Datenschutzrichtlinie einverstanden.<\/div><\/div><\/div><\/div>\n        <div class='gform-footer gform_footer top_label'> \n            <button  type='submit' id='gform_submit_button_7' class='gform_button hh-button hh-button--style-filled hh-button--size-medium hh-button--color-primary button' onclick='gform.submission.handleButtonClick(this);' data-submission-type='submit'  role=\"button\">\n                <span class=\"hh-button__text\">\n                    Anfrage                <\/span>\n            <\/button>\n\n             <input type='hidden' name='gform_ajax' value='form_id=7&amp;title=&amp;description=&amp;tabindex=0&amp;theme=gravity-theme&amp;hash=fa899a13c4c212191c359985331205d1' \/>\n            <input type='hidden' class='gform_hidden' name='gform_submission_method' data-js='gform_submission_method_7' value='iframe' \/>\n            <input type='hidden' class='gform_hidden' name='gform_theme' data-js='gform_theme_7' id='gform_theme_7' value='gravity-theme' \/>\n            <input type='hidden' class='gform_hidden' name='gform_style_settings' data-js='gform_style_settings_7' id='gform_style_settings_7' value='' \/>\n            <input type='hidden' class='gform_hidden' name='is_submit_7' value='1' \/>\n            <input type='hidden' class='gform_hidden' name='gform_submit' value='7' \/>\n            \n            <input type='hidden' class='gform_hidden' name='gform_currency' data-currency='USD' value='HCOscByRhitPkmDDgcoWps3aZz4DV5Jmxpggv2n2MgplshJPsX1T8xLY5N6YLqDPqwEqnYarQ5NIJKW1LkXOhuUL6WlZ13XcGVb6IgV3P44pVGk=' \/>\n            <input type='hidden' class='gform_hidden' name='gform_unique_id' value='' \/>\n            <input type='hidden' class='gform_hidden' name='state_7' value='WyJbXSIsIjc5NTJiOWQ2NmViOWE0ZjY0YWYxZGMxNzllNjRkZTc1Il0=' \/>\n            <input type='hidden' autocomplete='off' class='gform_hidden' name='gform_target_page_number_7' id='gform_target_page_number_7' value='0' \/>\n            <input type='hidden' autocomplete='off' class='gform_hidden' name='gform_source_page_number_7' id='gform_source_page_number_7' value='1' \/>\n            <input type='hidden' name='gform_field_values' value='' \/>\n            \n        <\/div>\n                        <p style=\"display: none !important;\" class=\"akismet-fields-container\" data-prefix=\"ak_\"><label>&#916;<textarea name=\"ak_hp_textarea\" cols=\"45\" rows=\"8\" maxlength=\"100\"><\/textarea><\/label><input type=\"hidden\" id=\"ak_js_1\" name=\"ak_js\" value=\"250\"\/><script>document.getElementById( \"ak_js_1\" ).setAttribute( \"value\", ( new Date() ).getTime() );<\/script><\/p><\/form>\n                        <\/div>\n\t\t                <iframe style='display:none;width:0px;height:0px;' src='about:blank' name='gform_ajax_frame_7' id='gform_ajax_frame_7' title='Dieser iframe enth\u00e4lt die erforderliche Logik um Gravity Forms Formulare mit AJAX zu handhaben.'><\/iframe>\n\t\t                <script type=\"text\/javascript\">\n\/* <![CDATA[ *\/\n gform.initializeOnLoaded( function() {gformInitSpinner( 7, 'https:\/\/www.opackgroup.com\/de\/wp-content\/plugins\/gravityforms\/images\/spinner.svg', true );jQuery('#gform_ajax_frame_7').on('load',function(){var contents = jQuery(this).contents().find('*').html();var is_postback = contents.indexOf('GF_AJAX_POSTBACK') >= 0;if(!is_postback){return;}var form_content = jQuery(this).contents().find('#gform_wrapper_7');var is_confirmation = jQuery(this).contents().find('#gform_confirmation_wrapper_7').length > 0;var is_redirect = contents.indexOf('gformRedirect(){') >= 0;var is_form = form_content.length > 0 && ! is_redirect && ! is_confirmation;var mt = parseInt(jQuery('html').css('margin-top'), 10) + parseInt(jQuery('body').css('margin-top'), 10) + 100;if(is_form){jQuery('#gform_wrapper_7').html(form_content.html());if(form_content.hasClass('gform_validation_error')){jQuery('#gform_wrapper_7').addClass('gform_validation_error');} else {jQuery('#gform_wrapper_7').removeClass('gform_validation_error');}setTimeout( function() { \/* delay the scroll by 50 milliseconds to fix a bug in chrome *\/ jQuery(document).scrollTop(jQuery('#gform_wrapper_7').offset().top - mt); }, 50 );if(window['gformInitDatepicker']) {gformInitDatepicker();}if(window['gformInitPriceFields']) {gformInitPriceFields();}var current_page = jQuery('#gform_source_page_number_7').val();gformInitSpinner( 7, 'https:\/\/www.opackgroup.com\/de\/wp-content\/plugins\/gravityforms\/images\/spinner.svg', true );jQuery(document).trigger('gform_page_loaded', [7, current_page]);window['gf_submitting_7'] = false;}else if(!is_redirect){var confirmation_content = jQuery(this).contents().find('.GF_AJAX_POSTBACK').html();if(!confirmation_content){confirmation_content = contents;}jQuery('#gform_wrapper_7').replaceWith(confirmation_content);jQuery(document).scrollTop(jQuery('#gf_7').offset().top - mt);jQuery(document).trigger('gform_confirmation_loaded', [7]);window['gf_submitting_7'] = false;wp.a11y.speak(jQuery('#gform_confirmation_message_7').text());}else{jQuery('#gform_7').append(contents);if(window['gformRedirect']) {gformRedirect();}}jQuery(document).trigger(\"gform_pre_post_render\", [{ formId: \"7\", currentPage: \"current_page\", abort: function() { this.preventDefault(); } }]);        if (event && event.defaultPrevented) {                return;        }        const gformWrapperDiv = document.getElementById( \"gform_wrapper_7\" );        if ( gformWrapperDiv ) {            const visibilitySpan = document.createElement( \"span\" );            visibilitySpan.id = \"gform_visibility_test_7\";            gformWrapperDiv.insertAdjacentElement( \"afterend\", visibilitySpan );        }        const visibilityTestDiv = document.getElementById( \"gform_visibility_test_7\" );        let postRenderFired = false;        function triggerPostRender() {            if ( postRenderFired ) {                return;            }            postRenderFired = true;            gform.core.triggerPostRenderEvents( 7, current_page );            if ( visibilityTestDiv ) {                visibilityTestDiv.parentNode.removeChild( visibilityTestDiv );            }        }        function debounce( func, wait, immediate ) {            var timeout;            return function() {                var context = this, args = arguments;                var later = function() {                    timeout = null;                    if ( !immediate ) func.apply( context, args );                };                var callNow = immediate && !timeout;                clearTimeout( timeout );                timeout = setTimeout( later, wait );                if ( callNow ) func.apply( context, args );            };        }        const debouncedTriggerPostRender = debounce( function() {            triggerPostRender();        }, 200 );        if ( visibilityTestDiv && visibilityTestDiv.offsetParent === null ) {            const observer = new MutationObserver( ( mutations ) => {                mutations.forEach( ( mutation ) => {                    if ( mutation.type === 'attributes' && visibilityTestDiv.offsetParent !== null ) {                        debouncedTriggerPostRender();                        observer.disconnect();                    }                });            });            observer.observe( document.body, {                attributes: true,                childList: false,                subtree: true,                attributeFilter: [ 'style', 'class' ],            });        } else {            triggerPostRender();        }    } );} ); \n\/* ]]> *\/\n<\/script>\n    <\/div>\n\n\n<\/div>\n\n\n<div class=\"hh-block block-column col col--1 col--lg-1\/2\">\n    \n\n    <div class=\"hh-block block-image\"\n         data-mt=\"none\"         data-mb=\"small\"         data-horizontal-align=\"centered\"\n         data-vertical-align=\"centered\"\n         data-mobile-align=\"centered\">\n\n         \n        <figure class=\"block-image__inner\" style=\"max-width: 360px\">\n\n            \n            \n            <div class=\"block-image__image-container\">\n\n            \n                <picture class=\"block-image__picture\" draggable=\"false\">\n  <source media=\"(min-width: 414px)\" srcset=\"https:\/\/www.opackgroup.com\/de\/wp-content\/uploads\/2024\/04\/Cover-CSR-brochure-ENG-schaduw-360x509.png\" width=\"360\" height=\"509\" \/>\n  <source media=\"(min-width: 0px)\" srcset=\"https:\/\/www.opackgroup.com\/de\/wp-content\/uploads\/2024\/04\/Cover-CSR-brochure-ENG-schaduw-360x509.png 1x, https:\/\/www.opackgroup.com\/de\/wp-content\/uploads\/2024\/04\/Cover-CSR-brochure-ENG-schaduw.png 2x\" width=\"360\" height=\"509\" \/>\n  <img class=\"block-image__image\" draggable=\"false\" decoding=\"async\" loading=\"lazy\" src=\"https:\/\/www.opackgroup.com\/de\/wp-content\/uploads\/2024\/04\/Cover-CSR-brochure-ENG-schaduw-360x509.png\" alt=\"Wissenslabor OTC\" width=\"360\" height=\"509\" \/>\n<\/picture>\n                                    <div\n                        class=\"block-image__holder block-image__holder--transparent block-image__holder--desktop\"\n                        style=\"aspect-ratio: 360\/509; max-width: 360px\">\n                    <\/div>\n                \n                                    <div\n                        class=\"block-image__holder block-image__holder--transparent block-image__holder--mobile\"\n                        style=\"aspect-ratio: 360\/509; max-width: 360px\">\n                    <\/div>\n                \n                                \n            <\/div>\n\n                        \n\n            \n            \n            \n            \n        <\/figure>\n\n        \n    <\/div>\n\n\n<\/div>\n            <\/div>\n<\/div>\n","protected":false},"excerpt":{"rendered":"","protected":false},"author":2,"featured_media":0,"parent":0,"menu_order":31,"comment_status":"closed","ping_status":"closed","template":"","meta":{"_acf_changed":false,"footnotes":""},"class_list":["post-1495","page","type-page","status-publish","hentry"],"acf":[],"yoast_head":"<title>Unternehmerische Gesellschaftsverantwortung - OPACKGROUP<\/title>\n<meta name=\"description\" content=\"Lees hier over de zelfverklaring IS026000, waardoor de zusterbedrijven maatschappelijk verantwoord kunnen ondernemen. Bekijk ook de referentiematrix verslag.\" \/>\n<meta name=\"robots\" content=\"index, follow, max-snippet:-1, max-image-preview:large, max-video-preview:-1\" \/>\n<link rel=\"canonical\" href=\"https:\/\/www.opackgroup.com\/de\/csr\/\" \/>\n<meta property=\"og:locale\" content=\"de_DE\" \/>\n<meta property=\"og:type\" content=\"article\" \/>\n<meta property=\"og:title\" content=\"Unternehmerische Gesellschaftsverantwortung - OPACKGROUP\" \/>\n<meta property=\"og:description\" content=\"Lees hier over de zelfverklaring IS026000, waardoor de zusterbedrijven maatschappelijk verantwoord kunnen ondernemen. Bekijk ook de referentiematrix verslag.\" \/>\n<meta property=\"og:url\" content=\"https:\/\/www.opackgroup.com\/de\/csr\/\" \/>\n<meta property=\"og:site_name\" content=\"OPACKGROUP\" \/>\n<meta property=\"article:modified_time\" content=\"2024-04-08T15:56:02+00:00\" \/>\n<meta name=\"twitter:card\" content=\"summary_large_image\" \/>\n<meta name=\"twitter:label1\" content=\"Gesch\u00e4tzte Lesezeit\" \/>\n\t<meta name=\"twitter:data1\" content=\"2\u00a0Minuten\" \/>\n<script type=\"application\/ld+json\" class=\"yoast-schema-graph\">{\"@context\":\"https:\/\/schema.org\",\"@graph\":[{\"@type\":\"WebPage\",\"@id\":\"https:\/\/www.opackgroup.com\/de\/csr\/\",\"url\":\"https:\/\/www.opackgroup.com\/de\/csr\/\",\"name\":\"Unternehmerische Gesellschaftsverantwortung - OPACKGROUP\",\"isPartOf\":{\"@id\":\"https:\/\/www.opackgroup.com\/de\/#website\"},\"datePublished\":\"2023-08-22T09:13:27+00:00\",\"dateModified\":\"2024-04-08T15:56:02+00:00\",\"description\":\"Lees hier over de zelfverklaring IS026000, waardoor de zusterbedrijven maatschappelijk verantwoord kunnen ondernemen. Bekijk ook de referentiematrix verslag.\",\"breadcrumb\":{\"@id\":\"https:\/\/www.opackgroup.com\/de\/csr\/#breadcrumb\"},\"inLanguage\":\"de\",\"potentialAction\":[{\"@type\":\"ReadAction\",\"target\":[\"https:\/\/www.opackgroup.com\/de\/csr\/\"]}]},{\"@type\":\"BreadcrumbList\",\"@id\":\"https:\/\/www.opackgroup.com\/de\/csr\/#breadcrumb\",\"itemListElement\":[{\"@type\":\"ListItem\",\"position\":1,\"name\":\"Home\",\"item\":\"https:\/\/www.opackgroup.com\/de\/\"},{\"@type\":\"ListItem\",\"position\":2,\"name\":\"Unternehmerische Gesellschaftsverantwortung\"}]},{\"@type\":\"WebSite\",\"@id\":\"https:\/\/www.opackgroup.com\/de\/#website\",\"url\":\"https:\/\/www.opackgroup.com\/de\/\",\"name\":\"OPACKGROUP\",\"description\":\"The sustainable innovator\",\"potentialAction\":[{\"@type\":\"SearchAction\",\"target\":{\"@type\":\"EntryPoint\",\"urlTemplate\":\"https:\/\/www.opackgroup.com\/de\/?suchanfrage={search_term_string}\"},\"query-input\":{\"@type\":\"PropertyValueSpecification\",\"valueRequired\":true,\"valueName\":\"search_term_string\"}}],\"inLanguage\":\"de\"}]}<\/script>","yoast_head_json":{"title":"Unternehmerische Gesellschaftsverantwortung - OPACKGROUP","description":"Lees hier over de zelfverklaring IS026000, waardoor de zusterbedrijven maatschappelijk verantwoord kunnen ondernemen. Bekijk ook de referentiematrix verslag.","robots":{"index":"index","follow":"follow","max-snippet":"max-snippet:-1","max-image-preview":"max-image-preview:large","max-video-preview":"max-video-preview:-1"},"canonical":"https:\/\/www.opackgroup.com\/de\/csr\/","og_locale":"de_DE","og_type":"article","og_title":"Unternehmerische Gesellschaftsverantwortung - OPACKGROUP","og_description":"Lees hier over de zelfverklaring IS026000, waardoor de zusterbedrijven maatschappelijk verantwoord kunnen ondernemen. Bekijk ook de referentiematrix verslag.","og_url":"https:\/\/www.opackgroup.com\/de\/csr\/","og_site_name":"OPACKGROUP","article_modified_time":"2024-04-08T15:56:02+00:00","twitter_card":"summary_large_image","twitter_misc":{"Gesch\u00e4tzte Lesezeit":"2\u00a0Minuten"},"schema":{"@context":"https:\/\/schema.org","@graph":[{"@type":"WebPage","@id":"https:\/\/www.opackgroup.com\/de\/csr\/","url":"https:\/\/www.opackgroup.com\/de\/csr\/","name":"Unternehmerische Gesellschaftsverantwortung - OPACKGROUP","isPartOf":{"@id":"https:\/\/www.opackgroup.com\/de\/#website"},"datePublished":"2023-08-22T09:13:27+00:00","dateModified":"2024-04-08T15:56:02+00:00","description":"Lees hier over de zelfverklaring IS026000, waardoor de zusterbedrijven maatschappelijk verantwoord kunnen ondernemen. Bekijk ook de referentiematrix verslag.","breadcrumb":{"@id":"https:\/\/www.opackgroup.com\/de\/csr\/#breadcrumb"},"inLanguage":"de","potentialAction":[{"@type":"ReadAction","target":["https:\/\/www.opackgroup.com\/de\/csr\/"]}]},{"@type":"BreadcrumbList","@id":"https:\/\/www.opackgroup.com\/de\/csr\/#breadcrumb","itemListElement":[{"@type":"ListItem","position":1,"name":"Home","item":"https:\/\/www.opackgroup.com\/de\/"},{"@type":"ListItem","position":2,"name":"Unternehmerische Gesellschaftsverantwortung"}]},{"@type":"WebSite","@id":"https:\/\/www.opackgroup.com\/de\/#website","url":"https:\/\/www.opackgroup.com\/de\/","name":"OPACKGROUP","description":"The sustainable innovator","potentialAction":[{"@type":"SearchAction","target":{"@type":"EntryPoint","urlTemplate":"https:\/\/www.opackgroup.com\/de\/?suchanfrage={search_term_string}"},"query-input":{"@type":"PropertyValueSpecification","valueRequired":true,"valueName":"search_term_string"}}],"inLanguage":"de"}]}},"_links":{"self":[{"href":"https:\/\/www.opackgroup.com\/de\/wp-json\/wp\/v2\/pages\/1495","targetHints":{"allow":["GET"]}}],"collection":[{"href":"https:\/\/www.opackgroup.com\/de\/wp-json\/wp\/v2\/pages"}],"about":[{"href":"https:\/\/www.opackgroup.com\/de\/wp-json\/wp\/v2\/types\/page"}],"author":[{"embeddable":true,"href":"https:\/\/www.opackgroup.com\/de\/wp-json\/wp\/v2\/users\/2"}],"replies":[{"embeddable":true,"href":"https:\/\/www.opackgroup.com\/de\/wp-json\/wp\/v2\/comments?post=1495"}],"version-history":[{"count":25,"href":"https:\/\/www.opackgroup.com\/de\/wp-json\/wp\/v2\/pages\/1495\/revisions"}],"predecessor-version":[{"id":11003,"href":"https:\/\/www.opackgroup.com\/de\/wp-json\/wp\/v2\/pages\/1495\/revisions\/11003"}],"wp:attachment":[{"href":"https:\/\/www.opackgroup.com\/de\/wp-json\/wp\/v2\/media?parent=1495"}],"curies":[{"name":"wp","href":"https:\/\/api.w.org\/{rel}","templated":true}]}}