{"id":1490,"date":"2023-08-22T11:10:36","date_gmt":"2023-08-22T09:10:36","guid":{"rendered":"https:\/\/www.opackgroup.com\/de\/?page_id=1490"},"modified":"2024-07-22T09:19:46","modified_gmt":"2024-07-22T07:19:46","slug":"vision-auftrag","status":"publish","type":"page","link":"https:\/\/www.opackgroup.com\/de\/vision-auftrag\/","title":{"rendered":"Vision, Auftrag und Grundwerte"},"content":{"rendered":"<h3 class=\"hh-block block-heading block-heading--id-69d72696d4cb5 h3\"data-mb=\"smaller\" id=\"hh-heading-7e72ed58-640d-4edb-bd68-292665316b24\"\">Vision, Auftrag und Grundwerte<\/h3>\n\n<p class=\"hh-block block-paragraph block-paragraph--id-69d72696d4ef7\"data-mb=\"small\">Die OPACKGROUP, \u201eThe sustainable innovator\u201d, hat sich zum Ziel gesetzt, ihre Stakeholder nachhaltig, innovativ und erfolgreich zu machen.<\/p>\n\n<h3 class=\"hh-block block-heading block-heading--id-69d72696d50a5 h3\"data-mb=\"smaller\" id=\"hh-heading-6e5e45f4-f370-4689-ba50-8a8b868140d1\"\">Vision<\/h3>\n\n<p class=\"hh-block block-paragraph block-paragraph--id-69d72696d5251\"data-mb=\"small\">Die OPACKGROUP ist ein zuverl\u00e4ssiger Produzent und Partner f\u00fcr hochwertige Spezialverpackungen aus Kunststoff und Papier sowie Folien, der seine Produkte auf der Basis von Kontinuit\u00e4t und langfristigen Partnerschaften anbietet, um seine Stakeholder nachhaltig, innovativ und erfolgreich zu machen. Die 7 Produzenten der OPACKGROUP entwickeln gemeinsam mit allen beteiligten Partnern in einer einzigartigen Kette verschiedene hochwertige Verpackungsl\u00f6sungen.<\/p>\n\n<p class=\"hh-block block-paragraph block-paragraph--id-69d72696d545b\"data-mb=\"small\"><a href=\"https:\/\/www.opackgroup.com\/en\/wp-content\/uploads\/2024\/02\/Referentiematrix-ISO26000-2022-final-ENG-1.pdf\" target=\"_blank\" rel=\"noreferrer noopener\">Corporate Social Responsibility<\/a> (CSR) ist f\u00fcr die OPACKGROUP bereits seit Jahrzehnten das Leitmotiv ihres unternehmerischen Handelns. Mehr als jeder andere sind wir uns unserer sozialen Verantwortung als Unternehmen und Wissenspartner bewusst. Nachhaltiges Produzieren hat daher oberste Priorit\u00e4t.<\/p>\n\n<p class=\"hh-block block-paragraph block-paragraph--id-69d72696d5651\"data-mb=\"small\">Unsere Nachhaltigkeitsvision und unsere Innovationen definieren unsere Identit\u00e4t, die wir mit Stolz in unserem Slogan zum Ausdruck bringen: \u201eThe sustainable innovator\u201d.<\/p>\n\n<h3 class=\"hh-block block-heading block-heading--id-69d72696d57e4 h3\"data-mb=\"smaller\" id=\"hh-heading-e8e3454a-7678-41c6-9c18-d18c3aa4a745\"\">Grundwerte<\/h3>\n\n<p class=\"hh-block block-paragraph block-paragraph--id-69d72696d598a\"data-mb=\"small\">Unsere Nachhaltigkeitsstrategie konzentriert sich auf die Schaffung von Wirkung (IMPACT auf Englisch): <strong>I<\/strong>nnovation, <strong>M<\/strong>embers, <strong>P<\/strong>artners, <strong>A<\/strong>mbassadorship, <strong>C<\/strong>limate-impact und <strong>T<\/strong>ransparency. <br><\/p>\n\n<p class=\"hh-block block-paragraph block-paragraph--id-69d72696d5b24\"data-mb=\"small\"><strong>Innovation<\/strong>: Nachhaltigkeit ist der Hauptschwerpunkt unseres Innovationsprogramms. Wir arbeiten auf der Grundlage von Rethink Plastics-Strategie mit den Themen Re-duce, Re-use, Re-cycle, Re-design und Re-new.<br><\/p>\n\n<p class=\"hh-block block-paragraph block-paragraph--id-69d72696d5cd3\"data-mb=\"small\"><strong>Members:<\/strong> Wir investieren in die Entwicklung unserer Mitarbeiter mit neuen Aus- und Weiterbildungsprogrammen im Rahmen der OPACKGROUP Academy (OKAY).<br><\/p>\n\n<p class=\"hh-block block-paragraph block-paragraph--id-69d72696d5e67\"data-mb=\"small\"><strong>Partners:<\/strong> Gegenseitige, langfristige Beziehungen mit unseren Lieferanten und Kunden sind der Schl\u00fcssel zu Innovation und Kundenservice.<br><\/p>\n\n<p class=\"hh-block block-paragraph block-paragraph--id-69d72696d601a\"data-mb=\"small\"><strong>Ambassadorship:<\/strong> Um den (nachhaltigen) Wandel und die kontinuierliche Verbesserung der Verpackungsindustrie als Ganzes zu f\u00f6rdern, investieren wir bewusst in die Mitgliedschaft in Gremien. So stellen wir rund 20 Vorstandsposten in der Industrie und anderen Organisationen zur Verf\u00fcgung, um die Zusammenarbeit in der Wertsch\u00f6pfungskette zu f\u00f6rdern und zu verbessern.<br><\/p>\n\n<p class=\"hh-block block-paragraph block-paragraph--id-69d72696d61b8\"data-mb=\"small\"><strong>Climate Impact:<\/strong> Wir \u00fcberwachen und reduzieren unsere Auswirkungen auf das Klima. Beispiele daf\u00fcr sind die Nutzung von \u00d6kostrom, Bem\u00fchungen zur Energieeinsparung in Prozessen und alle neuen Firmenfahrzeuge sind elektrisch oder Plug-in-Hybrid.<br><\/p>\n\n<p class=\"hh-block block-paragraph block-paragraph--id-69d72696d636b\"data-mb=\"small\"><strong>Transparency:<\/strong> Wir sind transparent in Bezug auf unsere Gesch\u00e4ftsergebnisse: Unsere Nachhaltigkeitsleistung wird extern gepr\u00fcft und in unseren Qualit\u00e4tszertifikaten best\u00e4tigt.<\/p>","protected":false},"excerpt":{"rendered":"","protected":false},"author":2,"featured_media":0,"parent":0,"menu_order":34,"comment_status":"closed","ping_status":"closed","template":"","meta":{"_acf_changed":false,"footnotes":""},"class_list":["post-1490","page","type-page","status-publish","hentry"],"acf":[],"yoast_head":"<title>Vision, Auftrag und Grundwerte - OPACKGROUP<\/title>\n<meta name=\"description\" content=\"Finden Sie heraus, was die Normen und Werte der OPACKGROUP sind. Lesen Sie auch die Vision und Mission der OPACKGROUP und lernen Sie das Unternehmen kennen.\" \/>\n<meta name=\"robots\" content=\"index, follow, max-snippet:-1, max-image-preview:large, max-video-preview:-1\" \/>\n<link rel=\"canonical\" href=\"https:\/\/www.opackgroup.com\/de\/vision-auftrag\/\" \/>\n<meta property=\"og:locale\" content=\"de_DE\" \/>\n<meta property=\"og:type\" content=\"article\" \/>\n<meta property=\"og:title\" content=\"Vision, Auftrag und Grundwerte - OPACKGROUP\" \/>\n<meta property=\"og:description\" content=\"Finden Sie heraus, was die Normen und Werte der OPACKGROUP sind. Lesen Sie auch die Vision und Mission der OPACKGROUP und lernen Sie das Unternehmen kennen.\" \/>\n<meta property=\"og:url\" content=\"https:\/\/www.opackgroup.com\/de\/vision-auftrag\/\" \/>\n<meta property=\"og:site_name\" content=\"OPACKGROUP\" \/>\n<meta property=\"article:modified_time\" content=\"2024-07-22T07:19:46+00:00\" \/>\n<meta name=\"twitter:card\" content=\"summary_large_image\" \/>\n<meta name=\"twitter:label1\" content=\"Gesch\u00e4tzte Lesezeit\" \/>\n\t<meta name=\"twitter:data1\" content=\"2\u00a0Minuten\" \/>\n<script type=\"application\/ld+json\" class=\"yoast-schema-graph\">{\"@context\":\"https:\/\/schema.org\",\"@graph\":[{\"@type\":\"WebPage\",\"@id\":\"https:\/\/www.opackgroup.com\/de\/vision-auftrag\/\",\"url\":\"https:\/\/www.opackgroup.com\/de\/vision-auftrag\/\",\"name\":\"Vision, Auftrag und Grundwerte - OPACKGROUP\",\"isPartOf\":{\"@id\":\"https:\/\/www.opackgroup.com\/de\/#website\"},\"datePublished\":\"2023-08-22T09:10:36+00:00\",\"dateModified\":\"2024-07-22T07:19:46+00:00\",\"description\":\"Finden Sie heraus, was die Normen und Werte der OPACKGROUP sind. Lesen Sie auch die Vision und Mission der OPACKGROUP und lernen Sie das Unternehmen kennen.\",\"breadcrumb\":{\"@id\":\"https:\/\/www.opackgroup.com\/de\/vision-auftrag\/#breadcrumb\"},\"inLanguage\":\"de\",\"potentialAction\":[{\"@type\":\"ReadAction\",\"target\":[\"https:\/\/www.opackgroup.com\/de\/vision-auftrag\/\"]}]},{\"@type\":\"BreadcrumbList\",\"@id\":\"https:\/\/www.opackgroup.com\/de\/vision-auftrag\/#breadcrumb\",\"itemListElement\":[{\"@type\":\"ListItem\",\"position\":1,\"name\":\"Home\",\"item\":\"https:\/\/www.opackgroup.com\/de\/\"},{\"@type\":\"ListItem\",\"position\":2,\"name\":\"Vision, Auftrag und Grundwerte\"}]},{\"@type\":\"WebSite\",\"@id\":\"https:\/\/www.opackgroup.com\/de\/#website\",\"url\":\"https:\/\/www.opackgroup.com\/de\/\",\"name\":\"OPACKGROUP\",\"description\":\"The sustainable innovator\",\"potentialAction\":[{\"@type\":\"SearchAction\",\"target\":{\"@type\":\"EntryPoint\",\"urlTemplate\":\"https:\/\/www.opackgroup.com\/de\/?suchanfrage={search_term_string}\"},\"query-input\":{\"@type\":\"PropertyValueSpecification\",\"valueRequired\":true,\"valueName\":\"search_term_string\"}}],\"inLanguage\":\"de\"}]}<\/script>","yoast_head_json":{"title":"Vision, Auftrag und Grundwerte - OPACKGROUP","description":"Finden Sie heraus, was die Normen und Werte der OPACKGROUP sind. Lesen Sie auch die Vision und Mission der OPACKGROUP und lernen Sie das Unternehmen kennen.","robots":{"index":"index","follow":"follow","max-snippet":"max-snippet:-1","max-image-preview":"max-image-preview:large","max-video-preview":"max-video-preview:-1"},"canonical":"https:\/\/www.opackgroup.com\/de\/vision-auftrag\/","og_locale":"de_DE","og_type":"article","og_title":"Vision, Auftrag und Grundwerte - OPACKGROUP","og_description":"Finden Sie heraus, was die Normen und Werte der OPACKGROUP sind. Lesen Sie auch die Vision und Mission der OPACKGROUP und lernen Sie das Unternehmen kennen.","og_url":"https:\/\/www.opackgroup.com\/de\/vision-auftrag\/","og_site_name":"OPACKGROUP","article_modified_time":"2024-07-22T07:19:46+00:00","twitter_card":"summary_large_image","twitter_misc":{"Gesch\u00e4tzte Lesezeit":"2\u00a0Minuten"},"schema":{"@context":"https:\/\/schema.org","@graph":[{"@type":"WebPage","@id":"https:\/\/www.opackgroup.com\/de\/vision-auftrag\/","url":"https:\/\/www.opackgroup.com\/de\/vision-auftrag\/","name":"Vision, Auftrag und Grundwerte - OPACKGROUP","isPartOf":{"@id":"https:\/\/www.opackgroup.com\/de\/#website"},"datePublished":"2023-08-22T09:10:36+00:00","dateModified":"2024-07-22T07:19:46+00:00","description":"Finden Sie heraus, was die Normen und Werte der OPACKGROUP sind. Lesen Sie auch die Vision und Mission der OPACKGROUP und lernen Sie das Unternehmen kennen.","breadcrumb":{"@id":"https:\/\/www.opackgroup.com\/de\/vision-auftrag\/#breadcrumb"},"inLanguage":"de","potentialAction":[{"@type":"ReadAction","target":["https:\/\/www.opackgroup.com\/de\/vision-auftrag\/"]}]},{"@type":"BreadcrumbList","@id":"https:\/\/www.opackgroup.com\/de\/vision-auftrag\/#breadcrumb","itemListElement":[{"@type":"ListItem","position":1,"name":"Home","item":"https:\/\/www.opackgroup.com\/de\/"},{"@type":"ListItem","position":2,"name":"Vision, Auftrag und Grundwerte"}]},{"@type":"WebSite","@id":"https:\/\/www.opackgroup.com\/de\/#website","url":"https:\/\/www.opackgroup.com\/de\/","name":"OPACKGROUP","description":"The sustainable innovator","potentialAction":[{"@type":"SearchAction","target":{"@type":"EntryPoint","urlTemplate":"https:\/\/www.opackgroup.com\/de\/?suchanfrage={search_term_string}"},"query-input":{"@type":"PropertyValueSpecification","valueRequired":true,"valueName":"search_term_string"}}],"inLanguage":"de"}]}},"_links":{"self":[{"href":"https:\/\/www.opackgroup.com\/de\/wp-json\/wp\/v2\/pages\/1490","targetHints":{"allow":["GET"]}}],"collection":[{"href":"https:\/\/www.opackgroup.com\/de\/wp-json\/wp\/v2\/pages"}],"about":[{"href":"https:\/\/www.opackgroup.com\/de\/wp-json\/wp\/v2\/types\/page"}],"author":[{"embeddable":true,"href":"https:\/\/www.opackgroup.com\/de\/wp-json\/wp\/v2\/users\/2"}],"replies":[{"embeddable":true,"href":"https:\/\/www.opackgroup.com\/de\/wp-json\/wp\/v2\/comments?post=1490"}],"version-history":[{"count":26,"href":"https:\/\/www.opackgroup.com\/de\/wp-json\/wp\/v2\/pages\/1490\/revisions"}],"predecessor-version":[{"id":11733,"href":"https:\/\/www.opackgroup.com\/de\/wp-json\/wp\/v2\/pages\/1490\/revisions\/11733"}],"wp:attachment":[{"href":"https:\/\/www.opackgroup.com\/de\/wp-json\/wp\/v2\/media?parent=1490"}],"curies":[{"name":"wp","href":"https:\/\/api.w.org\/{rel}","templated":true}]}}