{"id":12752,"date":"2026-04-10T11:17:34","date_gmt":"2026-04-10T09:17:34","guid":{"rendered":"https:\/\/www.opackgroup.com\/de\/?page_id=12752"},"modified":"2026-04-10T11:17:34","modified_gmt":"2026-04-10T09:17:34","slug":"preisdifferenzierung","status":"publish","type":"page","link":"https:\/\/www.opackgroup.com\/de\/preisdifferenzierung\/","title":{"rendered":"Preisdifferenzierung"},"content":{"rendered":"\n<div class=\"hh-block block-row\"data-mb=\"regular\">\n    <div class=\"block-row__row row block-row__row--preset-1\/2|1\/2 block-row__row--align-stretch\">\n                \n\n<div class=\"hh-block block-column col col--1 col--lg-1\/2\">\n    \n<p class=\"hh-block block-paragraph block-paragraph--id-69d9559fc94b4\"data-mb=\"small\">Hersteller, Importeure und Markeninhaber, die Verpackungen auf dem niederl\u00e4ndischen Markt in Verkehr bringen, zahlen einen Abfallmanagementbeitrag an Verpact. F\u00fcr flexible Kunststoffverpackungen betr\u00e4gt dieser Beitrag derzeit \u20ac1,32 pro Kilogramm. Durch die Wahl der richtigen Verpackung k\u00f6nnen Sie Einsparungen von bis zu \u20ac0,60 pro Kilogramm erzielen.<\/p>\n\n<p class=\"hh-block block-paragraph block-paragraph--id-69d9559fc9572\"data-mb=\"small\">BEISPIEL F\u00dcR EINSPARUNGEN<\/p>\n\n<p class=\"hh-block block-paragraph block-paragraph--id-69d9559fc95ca\"data-mb=\"small\">Angenommen, Sie bringen 1 Million Kilogramm flexible Kunststoffverpackungen auf den niederl\u00e4ndischen Markt.<\/p>\n\n<p class=\"hh-block block-paragraph block-paragraph--id-69d9559fc9619\"data-mb=\"small\">Ihr Abfallmanagementbeitrag w\u00fcrde sich in diesem Jahr auf \u20ac1.320.000 belaufen.<\/p>\n\n<p class=\"hh-block block-paragraph block-paragraph--id-69d9559fc9675\"data-mb=\"small\">Durch den Einsatz der richtigen Verpackung k\u00f6nnen Sie Einsparungen von bis zu \u20ac600.000 erzielen.<\/p>\n<\/div>\n\n\n<div class=\"hh-block block-column col col--1 col--lg-1\/2\">\n    \n\n    <div class=\"hh-block block-image\"\n         data-mt=\"none\"         data-mb=\"small\"         data-horizontal-align=\"centered\"\n         data-vertical-align=\"centered\"\n         data-mobile-align=\"centered\">\n\n         \n        <figure class=\"block-image__inner\" style=\"max-width: 1280px\">\n\n            \n            \n            <div class=\"block-image__image-container\">\n\n            \n                <picture class=\"block-image__picture\" draggable=\"false\">\n  <source media=\"(min-width: 414px)\" srcset=\"https:\/\/www.opackgroup.com\/de\/wp-content\/uploads\/2026\/03\/080C4126-8464-4145-A8A8-03D33AA27D79.jpeg\" width=\"1280\" height=\"720\" \/>\n  <source media=\"(min-width: 0px)\" srcset=\"https:\/\/www.opackgroup.com\/de\/wp-content\/uploads\/2026\/03\/080C4126-8464-4145-A8A8-03D33AA27D79-360x203.jpeg 1x, https:\/\/www.opackgroup.com\/de\/wp-content\/uploads\/2026\/03\/080C4126-8464-4145-A8A8-03D33AA27D79-720x405.jpeg 2x\" width=\"360\" height=\"203\" \/>\n  <img class=\"block-image__image\" draggable=\"false\" decoding=\"async\" loading=\"lazy\" src=\"https:\/\/www.opackgroup.com\/de\/wp-content\/uploads\/2026\/03\/080C4126-8464-4145-A8A8-03D33AA27D79.jpeg\" alt=\"\" width=\"1280\" height=\"720\" \/>\n<\/picture>\n                                    <div\n                        class=\"block-image__holder block-image__holder--desktop\"\n                        style=\"aspect-ratio: 1280\/720; max-width: 1280px\">\n                    <\/div>\n                \n                                    <div\n                        class=\"block-image__holder block-image__holder--mobile\"\n                        style=\"aspect-ratio: 360\/203; max-width: 360px\">\n                    <\/div>\n                \n                                \n            <\/div>\n\n                        \n\n            \n            \n            \n            \n        <\/figure>\n\n        \n    <\/div>\n\n\n<\/div>\n            <\/div>\n<\/div>\n\n\n<h3 class=\"hh-block block-heading block-heading--id-69d9559fce59b h3\"data-mb=\"smaller\" id=\"hh-heading-6e95059b-fbbf-4d34-9948-b527094be6ea\"\">Wie k\u00f6nnen Sie von Rabatten profitieren?<\/h3>\n\n<p class=\"hh-block block-paragraph block-paragraph--id-69d9559fce63d\"data-mb=\"small\">Wenn die Verpackung die folgenden Kriterien erf\u00fcllt:<\/p>\n\n<ul class=\"hh-block block-list block-list--type-unordered\"data-mb=\"small\">\n<li class=\"block-list__item\">\n            \n\u20ac0,20 pro Kilogramm Rabatt bei Einsatz von mindestens 20 % Rezyklat in nicht lebensmittelkontaktbezogenen Anwendungen \n    <\/li>\n\n\n<li class=\"block-list__item\">\n            \n\u20ac0,10 pro Kilogramm Rabatt, wenn die Verpackung transparent oder wei\u00df ist \n    <\/li>\n\n\n<li class=\"block-list__item\">\n            \n\u20ac0,10 pro Kilogramm Rabatt, wenn die Verpackung aus einem Monomaterial besteht \n    <\/li>\n\n\n<li class=\"block-list__item\">\n            \n\u20ac0,10 pro Kilogramm Rabatt, wenn Etikett, Sleeve oder Bedruckung den Anforderungen entspricht \n    <\/li>\n\n\n<li class=\"block-list__item\">\n            \n\u20ac0,10 pro Kilogramm Rabatt, wenn die Verpackung gem\u00e4\u00df dem KIDV-Recyclingcheck gut recycelbar ist\n    <\/li>\n\n<\/ul>\n\n<p class=\"hh-block block-paragraph block-paragraph--id-69d9559fce8ce\"data-mb=\"small\">Der Abfallmanagementbeitrag sowie die verf\u00fcgbaren Rabatte werden in den kommenden Jahren weiter steigen.<\/p>\n\n<p class=\"hh-block block-paragraph block-paragraph--id-69d9559fce941\"data-mb=\"small\"><strong>M\u00f6chten Sie Ihre Einsparungen maximieren? Kontaktieren Sie einen unserer Produktspezialisten f\u00fcr eine pers\u00f6nliche Beratung!<\/strong><\/p>\n\n\n\n    <div class=\"hh-block block-button block-button--align-left\"\n         data-mt=\"none\"         data-mb=\"small\">\n\n        \n            \n            <a href=\"https:\/\/www.opackgroup.com\/de\/kontakt\/\" target=\"_self\" class=\"hh-button hh-button--bc hh-button--style-filled hh-button--size-large hh-button--color-primary block-button__button\"><span class=\"hh-button__text block-button__button-text\">Kontakt<\/span><\/a>\n        \n    <\/div>\n\n\n","protected":false},"excerpt":{"rendered":"","protected":false},"author":30,"featured_media":0,"parent":0,"menu_order":6,"comment_status":"closed","ping_status":"closed","template":"","meta":{"_acf_changed":false,"footnotes":""},"class_list":["post-12752","page","type-page","status-publish","hentry"],"acf":[],"yoast_head":"<title>Stellenangebote | Arbeiten in einem Familienbetrieb<\/title>\n<meta name=\"description\" content=\"Informieren Sie sich \u00fcber die aktuellen Stellenangebote der OPACKGROUP und finden Sie heraus, wie Sie zu Verpackungsl\u00f6sungen beitragen k\u00f6nnen.\" \/>\n<meta name=\"robots\" content=\"index, follow, max-snippet:-1, max-image-preview:large, max-video-preview:-1\" \/>\n<link rel=\"canonical\" href=\"https:\/\/www.opackgroup.com\/de\/preisdifferenzierung\/\" \/>\n<meta property=\"og:locale\" content=\"de_DE\" \/>\n<meta property=\"og:type\" content=\"article\" \/>\n<meta property=\"og:title\" content=\"Stellenangebote | Arbeiten in einem Familienbetrieb\" \/>\n<meta property=\"og:description\" content=\"Informieren Sie sich \u00fcber die aktuellen Stellenangebote der OPACKGROUP und finden Sie heraus, wie Sie zu Verpackungsl\u00f6sungen beitragen k\u00f6nnen.\" \/>\n<meta property=\"og:url\" content=\"https:\/\/www.opackgroup.com\/de\/preisdifferenzierung\/\" \/>\n<meta property=\"og:site_name\" content=\"OPACKGROUP\" \/>\n<meta name=\"twitter:card\" content=\"summary_large_image\" \/>\n<script type=\"application\/ld+json\" class=\"yoast-schema-graph\">{\"@context\":\"https:\/\/schema.org\",\"@graph\":[{\"@type\":\"WebPage\",\"@id\":\"https:\/\/www.opackgroup.com\/de\/preisdifferenzierung\/\",\"url\":\"https:\/\/www.opackgroup.com\/de\/preisdifferenzierung\/\",\"name\":\"Stellenangebote | Arbeiten in einem Familienbetrieb\",\"isPartOf\":{\"@id\":\"https:\/\/www.opackgroup.com\/de\/#website\"},\"datePublished\":\"2026-04-10T09:17:34+00:00\",\"description\":\"Informieren Sie sich \u00fcber die aktuellen Stellenangebote der OPACKGROUP und finden Sie heraus, wie Sie zu Verpackungsl\u00f6sungen beitragen k\u00f6nnen.\",\"breadcrumb\":{\"@id\":\"https:\/\/www.opackgroup.com\/de\/preisdifferenzierung\/#breadcrumb\"},\"inLanguage\":\"de\",\"potentialAction\":[{\"@type\":\"ReadAction\",\"target\":[\"https:\/\/www.opackgroup.com\/de\/preisdifferenzierung\/\"]}]},{\"@type\":\"BreadcrumbList\",\"@id\":\"https:\/\/www.opackgroup.com\/de\/preisdifferenzierung\/#breadcrumb\",\"itemListElement\":[{\"@type\":\"ListItem\",\"position\":1,\"name\":\"Home\",\"item\":\"https:\/\/www.opackgroup.com\/de\/\"},{\"@type\":\"ListItem\",\"position\":2,\"name\":\"Preisdifferenzierung\"}]},{\"@type\":\"WebSite\",\"@id\":\"https:\/\/www.opackgroup.com\/de\/#website\",\"url\":\"https:\/\/www.opackgroup.com\/de\/\",\"name\":\"OPACKGROUP\",\"description\":\"The sustainable innovator\",\"potentialAction\":[{\"@type\":\"SearchAction\",\"target\":{\"@type\":\"EntryPoint\",\"urlTemplate\":\"https:\/\/www.opackgroup.com\/de\/?suchanfrage={search_term_string}\"},\"query-input\":{\"@type\":\"PropertyValueSpecification\",\"valueRequired\":true,\"valueName\":\"search_term_string\"}}],\"inLanguage\":\"de\"}]}<\/script>","yoast_head_json":{"title":"Stellenangebote | Arbeiten in einem Familienbetrieb","description":"Informieren Sie sich \u00fcber die aktuellen Stellenangebote der OPACKGROUP und finden Sie heraus, wie Sie zu Verpackungsl\u00f6sungen beitragen k\u00f6nnen.","robots":{"index":"index","follow":"follow","max-snippet":"max-snippet:-1","max-image-preview":"max-image-preview:large","max-video-preview":"max-video-preview:-1"},"canonical":"https:\/\/www.opackgroup.com\/de\/preisdifferenzierung\/","og_locale":"de_DE","og_type":"article","og_title":"Stellenangebote | Arbeiten in einem Familienbetrieb","og_description":"Informieren Sie sich \u00fcber die aktuellen Stellenangebote der OPACKGROUP und finden Sie heraus, wie Sie zu Verpackungsl\u00f6sungen beitragen k\u00f6nnen.","og_url":"https:\/\/www.opackgroup.com\/de\/preisdifferenzierung\/","og_site_name":"OPACKGROUP","twitter_card":"summary_large_image","schema":{"@context":"https:\/\/schema.org","@graph":[{"@type":"WebPage","@id":"https:\/\/www.opackgroup.com\/de\/preisdifferenzierung\/","url":"https:\/\/www.opackgroup.com\/de\/preisdifferenzierung\/","name":"Stellenangebote | Arbeiten in einem Familienbetrieb","isPartOf":{"@id":"https:\/\/www.opackgroup.com\/de\/#website"},"datePublished":"2026-04-10T09:17:34+00:00","description":"Informieren Sie sich \u00fcber die aktuellen Stellenangebote der OPACKGROUP und finden Sie heraus, wie Sie zu Verpackungsl\u00f6sungen beitragen k\u00f6nnen.","breadcrumb":{"@id":"https:\/\/www.opackgroup.com\/de\/preisdifferenzierung\/#breadcrumb"},"inLanguage":"de","potentialAction":[{"@type":"ReadAction","target":["https:\/\/www.opackgroup.com\/de\/preisdifferenzierung\/"]}]},{"@type":"BreadcrumbList","@id":"https:\/\/www.opackgroup.com\/de\/preisdifferenzierung\/#breadcrumb","itemListElement":[{"@type":"ListItem","position":1,"name":"Home","item":"https:\/\/www.opackgroup.com\/de\/"},{"@type":"ListItem","position":2,"name":"Preisdifferenzierung"}]},{"@type":"WebSite","@id":"https:\/\/www.opackgroup.com\/de\/#website","url":"https:\/\/www.opackgroup.com\/de\/","name":"OPACKGROUP","description":"The sustainable innovator","potentialAction":[{"@type":"SearchAction","target":{"@type":"EntryPoint","urlTemplate":"https:\/\/www.opackgroup.com\/de\/?suchanfrage={search_term_string}"},"query-input":{"@type":"PropertyValueSpecification","valueRequired":true,"valueName":"search_term_string"}}],"inLanguage":"de"}]}},"_links":{"self":[{"href":"https:\/\/www.opackgroup.com\/de\/wp-json\/wp\/v2\/pages\/12752","targetHints":{"allow":["GET"]}}],"collection":[{"href":"https:\/\/www.opackgroup.com\/de\/wp-json\/wp\/v2\/pages"}],"about":[{"href":"https:\/\/www.opackgroup.com\/de\/wp-json\/wp\/v2\/types\/page"}],"author":[{"embeddable":true,"href":"https:\/\/www.opackgroup.com\/de\/wp-json\/wp\/v2\/users\/30"}],"replies":[{"embeddable":true,"href":"https:\/\/www.opackgroup.com\/de\/wp-json\/wp\/v2\/comments?post=12752"}],"version-history":[{"count":2,"href":"https:\/\/www.opackgroup.com\/de\/wp-json\/wp\/v2\/pages\/12752\/revisions"}],"predecessor-version":[{"id":12754,"href":"https:\/\/www.opackgroup.com\/de\/wp-json\/wp\/v2\/pages\/12752\/revisions\/12754"}],"wp:attachment":[{"href":"https:\/\/www.opackgroup.com\/de\/wp-json\/wp\/v2\/media?parent=12752"}],"curies":[{"name":"wp","href":"https:\/\/api.w.org\/{rel}","templated":true}]}}