{"id":12033,"date":"2024-11-27T12:24:39","date_gmt":"2024-11-27T11:24:39","guid":{"rendered":"https:\/\/www.opackgroup.com\/de\/?page_id=12033"},"modified":"2024-11-27T12:24:41","modified_gmt":"2024-11-27T11:24:41","slug":"iscc-plus","status":"publish","type":"page","link":"https:\/\/www.opackgroup.com\/de\/iscc-plus\/","title":{"rendered":"ISCC plus"},"content":{"rendered":"\n<div class=\"hh-block block-row\"data-mb=\"regular\">\n    <div class=\"block-row__row row block-row__row--preset-1\/3|1\/3|1\/3 block-row__row--align-stretch\">\n                \n\n<div class=\"hh-block block-column col col--1 col--lg-1\/3\">\n    \n<p class=\"hh-block block-paragraph block-paragraph--id-69e4ffd4e1292\"data-mb=\"small\">Die Internationale Nachhaltigkeits- und Kohlenstoffzertifizierung (ISCC) ist ein internationales Zertifizierungssystem f\u00fcr vollst\u00e4ndig r\u00fcckverfolgbare Lieferketten, die \u00f6kologisch, sozial und wirtschaftlich nachhaltig sind. Es bietet einen umfassenden Satz von Kriterien f\u00fcr die Bewertung und Pr\u00fcfung weltweit, um die Agenda 2030 f\u00fcr nachhaltige Entwicklung der Vereinten Nationen zu erf\u00fcllen.<br>Mit der ISCC plus-Zertifizierung in der gesamten Lieferkette k\u00f6nnen Nachhaltigkeitsanspr\u00fcche geltend gemacht und die Einhaltung von Vorschriften nachgewiesen werden. Jedes Glied der Lieferkette muss zertifiziert werden, angefangen bei den Ausgangsstoffen. Dabei handelt es sich um Bio-Rohstoffe (Zuckerrohr, Mais), Bio-Kreislauf-Rohstoffe (Waldrestholz, Altspeise\u00f6l) oder Kreislauf-Rohstoffe (Kunststoffabf\u00e4lle).<\/p>\n<\/div>\n\n\n<div class=\"hh-block block-column col col--1 col--lg-1\/3\">\n    \n\n    <div class=\"hh-block block-image\"\n         data-mt=\"none\"         data-mb=\"small\"         data-horizontal-align=\"centered\"\n         data-vertical-align=\"centered\"\n         data-mobile-align=\"centered\">\n\n         \n        <figure class=\"block-image__inner\" style=\"max-width: 200px\">\n\n            \n            \n            <div class=\"block-image__image-container\">\n\n            \n                <picture class=\"block-image__picture\" draggable=\"false\">\n  <source media=\"(min-width: 414px)\" srcset=\"https:\/\/www.opackgroup.com\/de\/wp-content\/uploads\/2024\/10\/ISCC-plus.jpg\" width=\"200\" height=\"200\" \/>\n  <source media=\"(min-width: 0px)\" srcset=\"https:\/\/www.opackgroup.com\/de\/wp-content\/uploads\/2024\/10\/ISCC-plus.jpg 1x, https:\/\/www.opackgroup.com\/de\/wp-content\/uploads\/2024\/10\/ISCC-plus.jpg 2x\" width=\"200\" height=\"200\" \/>\n  <img class=\"block-image__image\" draggable=\"false\" decoding=\"async\" loading=\"lazy\" src=\"https:\/\/www.opackgroup.com\/de\/wp-content\/uploads\/2024\/10\/ISCC-plus.jpg\" alt=\"ISO26000\" width=\"200\" height=\"200\" \/>\n<\/picture>\n                                    <div\n                        class=\"block-image__holder block-image__holder--desktop\"\n                        style=\"aspect-ratio: 200\/200; max-width: 200px\">\n                    <\/div>\n                \n                                    <div\n                        class=\"block-image__holder block-image__holder--mobile\"\n                        style=\"aspect-ratio: 200\/200; max-width: 200px\">\n                    <\/div>\n                \n                                \n            <\/div>\n\n                        \n\n            \n            \n            \n            \n        <\/figure>\n\n        \n    <\/div>\n\n\n\n\n    <div class=\"hh-block block-image\"\n         data-mt=\"none\"         data-mb=\"small\"         data-horizontal-align=\"centered\"\n         data-vertical-align=\"centered\"\n         data-mobile-align=\"centered\">\n\n         \n        <figure class=\"block-image__inner\" style=\"max-width: 260px\">\n\n            \n            \n            <div class=\"block-image__image-container\">\n\n            \n                <picture class=\"block-image__picture\" draggable=\"false\">\n  <source media=\"(min-width: 414px)\" srcset=\"https:\/\/www.opackgroup.com\/de\/wp-content\/uploads\/2023\/08\/OTC-Anja-11-Laboratorium-325x250.jpg\" width=\"260\" height=\"200\" \/>\n  <source media=\"(min-width: 0px)\" srcset=\"https:\/\/www.opackgroup.com\/de\/wp-content\/uploads\/2023\/08\/OTC-Anja-11-Laboratorium-325x250.jpg 1x, https:\/\/www.opackgroup.com\/de\/wp-content\/uploads\/2023\/08\/OTC-Anja-11-Laboratorium-325x250.jpg 2x\" width=\"260\" height=\"200\" \/>\n  <img class=\"block-image__image\" draggable=\"false\" decoding=\"async\" loading=\"lazy\" src=\"https:\/\/www.opackgroup.com\/de\/wp-content\/uploads\/2023\/08\/OTC-Anja-11-Laboratorium-325x250.jpg\" alt=\"OTC &#8211; Anja 11 Laboratorium\" width=\"260\" height=\"200\" \/>\n<\/picture>\n                                    <div\n                        class=\"block-image__holder block-image__holder--desktop\"\n                        style=\"aspect-ratio: 260\/200; max-width: 260px\">\n                    <\/div>\n                \n                                    <div\n                        class=\"block-image__holder block-image__holder--mobile\"\n                        style=\"aspect-ratio: 260\/200; max-width: 260px\">\n                    <\/div>\n                \n                                \n            <\/div>\n\n                        \n\n            \n            \n            \n            \n        <\/figure>\n\n        \n    <\/div>\n\n\n<\/div>\n\n\n<div class=\"hh-block block-column col col--1 col--lg-1\/3\">\n    <\/div>\n            <\/div>\n<\/div>\n","protected":false},"excerpt":{"rendered":"","protected":false},"author":2,"featured_media":0,"parent":0,"menu_order":11,"comment_status":"closed","ping_status":"closed","template":"","meta":{"_acf_changed":false,"footnotes":""},"class_list":["post-12033","page","type-page","status-publish","hentry"],"acf":[],"yoast_head":"<title>ISCC plus - OPACKGROUP<\/title>\n<meta name=\"robots\" content=\"index, follow, max-snippet:-1, max-image-preview:large, max-video-preview:-1\" \/>\n<link rel=\"canonical\" href=\"https:\/\/www.opackgroup.com\/de\/iscc-plus\/\" \/>\n<meta property=\"og:locale\" content=\"de_DE\" \/>\n<meta property=\"og:type\" content=\"article\" \/>\n<meta property=\"og:title\" content=\"ISCC plus - OPACKGROUP\" \/>\n<meta property=\"og:url\" content=\"https:\/\/www.opackgroup.com\/de\/iscc-plus\/\" \/>\n<meta property=\"og:site_name\" content=\"OPACKGROUP\" \/>\n<meta property=\"article:modified_time\" content=\"2024-11-27T11:24:41+00:00\" \/>\n<meta name=\"twitter:card\" content=\"summary_large_image\" \/>\n<meta name=\"twitter:label1\" content=\"Gesch\u00e4tzte Lesezeit\" \/>\n\t<meta name=\"twitter:data1\" content=\"1\u00a0Minute\" \/>\n<script type=\"application\/ld+json\" class=\"yoast-schema-graph\">{\"@context\":\"https:\/\/schema.org\",\"@graph\":[{\"@type\":\"WebPage\",\"@id\":\"https:\/\/www.opackgroup.com\/de\/iscc-plus\/\",\"url\":\"https:\/\/www.opackgroup.com\/de\/iscc-plus\/\",\"name\":\"ISCC plus - OPACKGROUP\",\"isPartOf\":{\"@id\":\"https:\/\/www.opackgroup.com\/de\/#website\"},\"datePublished\":\"2024-11-27T11:24:39+00:00\",\"dateModified\":\"2024-11-27T11:24:41+00:00\",\"breadcrumb\":{\"@id\":\"https:\/\/www.opackgroup.com\/de\/iscc-plus\/#breadcrumb\"},\"inLanguage\":\"de\",\"potentialAction\":[{\"@type\":\"ReadAction\",\"target\":[\"https:\/\/www.opackgroup.com\/de\/iscc-plus\/\"]}]},{\"@type\":\"BreadcrumbList\",\"@id\":\"https:\/\/www.opackgroup.com\/de\/iscc-plus\/#breadcrumb\",\"itemListElement\":[{\"@type\":\"ListItem\",\"position\":1,\"name\":\"Home\",\"item\":\"https:\/\/www.opackgroup.com\/de\/\"},{\"@type\":\"ListItem\",\"position\":2,\"name\":\"ISCC plus\"}]},{\"@type\":\"WebSite\",\"@id\":\"https:\/\/www.opackgroup.com\/de\/#website\",\"url\":\"https:\/\/www.opackgroup.com\/de\/\",\"name\":\"OPACKGROUP\",\"description\":\"The sustainable innovator\",\"potentialAction\":[{\"@type\":\"SearchAction\",\"target\":{\"@type\":\"EntryPoint\",\"urlTemplate\":\"https:\/\/www.opackgroup.com\/de\/?suchanfrage={search_term_string}\"},\"query-input\":{\"@type\":\"PropertyValueSpecification\",\"valueRequired\":true,\"valueName\":\"search_term_string\"}}],\"inLanguage\":\"de\"}]}<\/script>","yoast_head_json":{"title":"ISCC plus - OPACKGROUP","robots":{"index":"index","follow":"follow","max-snippet":"max-snippet:-1","max-image-preview":"max-image-preview:large","max-video-preview":"max-video-preview:-1"},"canonical":"https:\/\/www.opackgroup.com\/de\/iscc-plus\/","og_locale":"de_DE","og_type":"article","og_title":"ISCC plus - OPACKGROUP","og_url":"https:\/\/www.opackgroup.com\/de\/iscc-plus\/","og_site_name":"OPACKGROUP","article_modified_time":"2024-11-27T11:24:41+00:00","twitter_card":"summary_large_image","twitter_misc":{"Gesch\u00e4tzte Lesezeit":"1\u00a0Minute"},"schema":{"@context":"https:\/\/schema.org","@graph":[{"@type":"WebPage","@id":"https:\/\/www.opackgroup.com\/de\/iscc-plus\/","url":"https:\/\/www.opackgroup.com\/de\/iscc-plus\/","name":"ISCC plus - OPACKGROUP","isPartOf":{"@id":"https:\/\/www.opackgroup.com\/de\/#website"},"datePublished":"2024-11-27T11:24:39+00:00","dateModified":"2024-11-27T11:24:41+00:00","breadcrumb":{"@id":"https:\/\/www.opackgroup.com\/de\/iscc-plus\/#breadcrumb"},"inLanguage":"de","potentialAction":[{"@type":"ReadAction","target":["https:\/\/www.opackgroup.com\/de\/iscc-plus\/"]}]},{"@type":"BreadcrumbList","@id":"https:\/\/www.opackgroup.com\/de\/iscc-plus\/#breadcrumb","itemListElement":[{"@type":"ListItem","position":1,"name":"Home","item":"https:\/\/www.opackgroup.com\/de\/"},{"@type":"ListItem","position":2,"name":"ISCC plus"}]},{"@type":"WebSite","@id":"https:\/\/www.opackgroup.com\/de\/#website","url":"https:\/\/www.opackgroup.com\/de\/","name":"OPACKGROUP","description":"The sustainable innovator","potentialAction":[{"@type":"SearchAction","target":{"@type":"EntryPoint","urlTemplate":"https:\/\/www.opackgroup.com\/de\/?suchanfrage={search_term_string}"},"query-input":{"@type":"PropertyValueSpecification","valueRequired":true,"valueName":"search_term_string"}}],"inLanguage":"de"}]}},"_links":{"self":[{"href":"https:\/\/www.opackgroup.com\/de\/wp-json\/wp\/v2\/pages\/12033","targetHints":{"allow":["GET"]}}],"collection":[{"href":"https:\/\/www.opackgroup.com\/de\/wp-json\/wp\/v2\/pages"}],"about":[{"href":"https:\/\/www.opackgroup.com\/de\/wp-json\/wp\/v2\/types\/page"}],"author":[{"embeddable":true,"href":"https:\/\/www.opackgroup.com\/de\/wp-json\/wp\/v2\/users\/2"}],"replies":[{"embeddable":true,"href":"https:\/\/www.opackgroup.com\/de\/wp-json\/wp\/v2\/comments?post=12033"}],"version-history":[{"count":1,"href":"https:\/\/www.opackgroup.com\/de\/wp-json\/wp\/v2\/pages\/12033\/revisions"}],"predecessor-version":[{"id":12077,"href":"https:\/\/www.opackgroup.com\/de\/wp-json\/wp\/v2\/pages\/12033\/revisions\/12077"}],"wp:attachment":[{"href":"https:\/\/www.opackgroup.com\/de\/wp-json\/wp\/v2\/media?parent=12033"}],"curies":[{"name":"wp","href":"https:\/\/api.w.org\/{rel}","templated":true}]}}