{"id":12029,"date":"2024-11-27T12:26:09","date_gmt":"2024-11-27T11:26:09","guid":{"rendered":"https:\/\/www.opackgroup.com\/de\/?page_id=12029"},"modified":"2024-11-27T12:26:10","modified_gmt":"2024-11-27T11:26:10","slug":"tuev-oesterreich-ok-compost-industrial","status":"publish","type":"page","link":"https:\/\/www.opackgroup.com\/de\/tuev-oesterreich-ok-compost-industrial\/","title":{"rendered":"T\u00fcv \u00d6sterreich OK compost industrial"},"content":{"rendered":"\n<div class=\"hh-block block-row\"data-mb=\"regular\">\n    <div class=\"block-row__row row block-row__row--preset-1\/3|1\/3|1\/3 block-row__row--align-stretch\">\n                \n\n<div class=\"hh-block block-column col col--1 col--lg-1\/3\">\n    \n<p class=\"hh-block block-paragraph block-paragraph--id-69e17de5af799\"data-mb=\"small\">Durch Kompostierung kann die Menge an organischen Abf\u00e4llen erheblich reduziert werden; au\u00dferdem kann der erzeugte Kompost f\u00fcr landwirtschaftliche und g\u00e4rtnerische Zwecke verwendet werden. Verpackungen oder Produkte mit dem OK compost Industrial Zeichen sind garantiert in einer industriellen Kompostieranlage biologisch abbaubar. Dies gilt f\u00fcr alle ihre Bestandteile, Druckfarben und Zusatzstoffe. Die harmonisierte Norm f\u00fcr die Zertifizierung ist EN 13432:2000. Jedes Produkt mit dem OK compost INDUSTRIAL-Logo entspricht also dieser Norm.<\/p>\n<\/div>\n\n\n<div class=\"hh-block block-column col col--1 col--lg-1\/3\">\n    \n\n    <div class=\"hh-block block-image\"\n         data-mt=\"none\"         data-mb=\"smaller\"         data-horizontal-align=\"centered\"\n         data-vertical-align=\"centered\"\n         data-mobile-align=\"centered\">\n\n         \n        <figure class=\"block-image__inner\" style=\"max-width: 300px\">\n\n            \n            \n            <div class=\"block-image__image-container\">\n\n            \n                <picture class=\"block-image__picture\" draggable=\"false\">\n  <source media=\"(min-width: 414px)\" srcset=\"https:\/\/www.opackgroup.com\/de\/wp-content\/uploads\/2024\/10\/tuv-austria-ok-compost-industrial.png\" width=\"300\" height=\"149\" \/>\n  <source media=\"(min-width: 0px)\" srcset=\"https:\/\/www.opackgroup.com\/de\/wp-content\/uploads\/2024\/10\/tuv-austria-ok-compost-industrial.png 1x, https:\/\/www.opackgroup.com\/de\/wp-content\/uploads\/2024\/10\/tuv-austria-ok-compost-industrial.png 2x\" width=\"300\" height=\"149\" \/>\n  <img class=\"block-image__image\" draggable=\"false\" decoding=\"async\" loading=\"lazy\" src=\"https:\/\/www.opackgroup.com\/de\/wp-content\/uploads\/2024\/10\/tuv-austria-ok-compost-industrial.png\" alt=\"Qualit\u00e4tsstandards\" width=\"300\" height=\"149\" \/>\n<\/picture>\n                                    <div\n                        class=\"block-image__holder block-image__holder--transparent block-image__holder--desktop\"\n                        style=\"aspect-ratio: 300\/149; max-width: 300px\">\n                    <\/div>\n                \n                                    <div\n                        class=\"block-image__holder block-image__holder--transparent block-image__holder--mobile\"\n                        style=\"aspect-ratio: 300\/149; max-width: 300px\">\n                    <\/div>\n                \n                                \n            <\/div>\n\n                        \n\n            \n            \n            \n            \n        <\/figure>\n\n        \n    <\/div>\n\n\n\n\n    <div class=\"hh-block block-image\"\n         data-mt=\"none\"         data-mb=\"small\"         data-horizontal-align=\"centered\"\n         data-vertical-align=\"centered\"\n         data-mobile-align=\"centered\">\n\n         \n        <figure class=\"block-image__inner\" style=\"max-width: 320px\">\n\n            \n            \n            <div class=\"block-image__image-container\">\n\n            \n                <picture class=\"block-image__picture\" draggable=\"false\">\n  <source media=\"(min-width: 414px)\" srcset=\"https:\/\/www.opackgroup.com\/de\/wp-content\/uploads\/2024\/10\/boer-op-zijn-land-powderpack-circuflex-potting-soil-fertilizers-tuinbouw-ss-282828407-320x200.jpg\" width=\"320\" height=\"200\" \/>\n  <source media=\"(min-width: 0px)\" srcset=\"https:\/\/www.opackgroup.com\/de\/wp-content\/uploads\/2024\/10\/boer-op-zijn-land-powderpack-circuflex-potting-soil-fertilizers-tuinbouw-ss-282828407-320x200.jpg 1x, https:\/\/www.opackgroup.com\/de\/wp-content\/uploads\/2024\/10\/boer-op-zijn-land-powderpack-circuflex-potting-soil-fertilizers-tuinbouw-ss-282828407-320x200.jpg 2x\" width=\"320\" height=\"200\" \/>\n  <img class=\"block-image__image\" draggable=\"false\" decoding=\"async\" loading=\"lazy\" src=\"https:\/\/www.opackgroup.com\/de\/wp-content\/uploads\/2024\/10\/boer-op-zijn-land-powderpack-circuflex-potting-soil-fertilizers-tuinbouw-ss-282828407-320x200.jpg\" alt=\"\" width=\"320\" height=\"200\" \/>\n<\/picture>\n                                    <div\n                        class=\"block-image__holder block-image__holder--desktop\"\n                        style=\"aspect-ratio: 320\/200; max-width: 320px\">\n                    <\/div>\n                \n                                    <div\n                        class=\"block-image__holder block-image__holder--mobile\"\n                        style=\"aspect-ratio: 320\/200; max-width: 320px\">\n                    <\/div>\n                \n                                \n            <\/div>\n\n                        \n\n            \n            \n            \n            \n        <\/figure>\n\n        \n    <\/div>\n\n\n<\/div>\n\n\n<div class=\"hh-block block-column col col--1 col--lg-1\/3\">\n    <\/div>\n            <\/div>\n<\/div>\n","protected":false},"excerpt":{"rendered":"","protected":false},"author":2,"featured_media":0,"parent":0,"menu_order":14,"comment_status":"closed","ping_status":"closed","template":"","meta":{"_acf_changed":false,"footnotes":""},"class_list":["post-12029","page","type-page","status-publish","hentry"],"acf":[],"yoast_head":"<title>T\u00fcv \u00d6sterreich OK compost industrial - OPACKGROUP<\/title>\n<meta name=\"robots\" content=\"index, follow, max-snippet:-1, max-image-preview:large, max-video-preview:-1\" \/>\n<link rel=\"canonical\" href=\"https:\/\/www.opackgroup.com\/de\/tuev-oesterreich-ok-compost-industrial\/\" \/>\n<meta property=\"og:locale\" content=\"de_DE\" \/>\n<meta property=\"og:type\" content=\"article\" \/>\n<meta property=\"og:title\" content=\"T\u00fcv \u00d6sterreich OK compost industrial - OPACKGROUP\" \/>\n<meta property=\"og:url\" content=\"https:\/\/www.opackgroup.com\/de\/tuev-oesterreich-ok-compost-industrial\/\" \/>\n<meta property=\"og:site_name\" content=\"OPACKGROUP\" \/>\n<meta property=\"article:modified_time\" content=\"2024-11-27T11:26:10+00:00\" \/>\n<meta name=\"twitter:card\" content=\"summary_large_image\" \/>\n<meta name=\"twitter:label1\" content=\"Gesch\u00e4tzte Lesezeit\" \/>\n\t<meta name=\"twitter:data1\" content=\"1\u00a0Minute\" \/>\n<script type=\"application\/ld+json\" class=\"yoast-schema-graph\">{\"@context\":\"https:\/\/schema.org\",\"@graph\":[{\"@type\":\"WebPage\",\"@id\":\"https:\/\/www.opackgroup.com\/de\/tuev-oesterreich-ok-compost-industrial\/\",\"url\":\"https:\/\/www.opackgroup.com\/de\/tuev-oesterreich-ok-compost-industrial\/\",\"name\":\"T\u00fcv \u00d6sterreich OK compost industrial - OPACKGROUP\",\"isPartOf\":{\"@id\":\"https:\/\/www.opackgroup.com\/de\/#website\"},\"datePublished\":\"2024-11-27T11:26:09+00:00\",\"dateModified\":\"2024-11-27T11:26:10+00:00\",\"breadcrumb\":{\"@id\":\"https:\/\/www.opackgroup.com\/de\/tuev-oesterreich-ok-compost-industrial\/#breadcrumb\"},\"inLanguage\":\"de\",\"potentialAction\":[{\"@type\":\"ReadAction\",\"target\":[\"https:\/\/www.opackgroup.com\/de\/tuev-oesterreich-ok-compost-industrial\/\"]}]},{\"@type\":\"BreadcrumbList\",\"@id\":\"https:\/\/www.opackgroup.com\/de\/tuev-oesterreich-ok-compost-industrial\/#breadcrumb\",\"itemListElement\":[{\"@type\":\"ListItem\",\"position\":1,\"name\":\"Home\",\"item\":\"https:\/\/www.opackgroup.com\/de\/\"},{\"@type\":\"ListItem\",\"position\":2,\"name\":\"T\u00fcv \u00d6sterreich OK compost industrial\"}]},{\"@type\":\"WebSite\",\"@id\":\"https:\/\/www.opackgroup.com\/de\/#website\",\"url\":\"https:\/\/www.opackgroup.com\/de\/\",\"name\":\"OPACKGROUP\",\"description\":\"The sustainable innovator\",\"potentialAction\":[{\"@type\":\"SearchAction\",\"target\":{\"@type\":\"EntryPoint\",\"urlTemplate\":\"https:\/\/www.opackgroup.com\/de\/?suchanfrage={search_term_string}\"},\"query-input\":{\"@type\":\"PropertyValueSpecification\",\"valueRequired\":true,\"valueName\":\"search_term_string\"}}],\"inLanguage\":\"de\"}]}<\/script>","yoast_head_json":{"title":"T\u00fcv \u00d6sterreich OK compost industrial - OPACKGROUP","robots":{"index":"index","follow":"follow","max-snippet":"max-snippet:-1","max-image-preview":"max-image-preview:large","max-video-preview":"max-video-preview:-1"},"canonical":"https:\/\/www.opackgroup.com\/de\/tuev-oesterreich-ok-compost-industrial\/","og_locale":"de_DE","og_type":"article","og_title":"T\u00fcv \u00d6sterreich OK compost industrial - OPACKGROUP","og_url":"https:\/\/www.opackgroup.com\/de\/tuev-oesterreich-ok-compost-industrial\/","og_site_name":"OPACKGROUP","article_modified_time":"2024-11-27T11:26:10+00:00","twitter_card":"summary_large_image","twitter_misc":{"Gesch\u00e4tzte Lesezeit":"1\u00a0Minute"},"schema":{"@context":"https:\/\/schema.org","@graph":[{"@type":"WebPage","@id":"https:\/\/www.opackgroup.com\/de\/tuev-oesterreich-ok-compost-industrial\/","url":"https:\/\/www.opackgroup.com\/de\/tuev-oesterreich-ok-compost-industrial\/","name":"T\u00fcv \u00d6sterreich OK compost industrial - OPACKGROUP","isPartOf":{"@id":"https:\/\/www.opackgroup.com\/de\/#website"},"datePublished":"2024-11-27T11:26:09+00:00","dateModified":"2024-11-27T11:26:10+00:00","breadcrumb":{"@id":"https:\/\/www.opackgroup.com\/de\/tuev-oesterreich-ok-compost-industrial\/#breadcrumb"},"inLanguage":"de","potentialAction":[{"@type":"ReadAction","target":["https:\/\/www.opackgroup.com\/de\/tuev-oesterreich-ok-compost-industrial\/"]}]},{"@type":"BreadcrumbList","@id":"https:\/\/www.opackgroup.com\/de\/tuev-oesterreich-ok-compost-industrial\/#breadcrumb","itemListElement":[{"@type":"ListItem","position":1,"name":"Home","item":"https:\/\/www.opackgroup.com\/de\/"},{"@type":"ListItem","position":2,"name":"T\u00fcv \u00d6sterreich OK compost industrial"}]},{"@type":"WebSite","@id":"https:\/\/www.opackgroup.com\/de\/#website","url":"https:\/\/www.opackgroup.com\/de\/","name":"OPACKGROUP","description":"The sustainable innovator","potentialAction":[{"@type":"SearchAction","target":{"@type":"EntryPoint","urlTemplate":"https:\/\/www.opackgroup.com\/de\/?suchanfrage={search_term_string}"},"query-input":{"@type":"PropertyValueSpecification","valueRequired":true,"valueName":"search_term_string"}}],"inLanguage":"de"}]}},"_links":{"self":[{"href":"https:\/\/www.opackgroup.com\/de\/wp-json\/wp\/v2\/pages\/12029","targetHints":{"allow":["GET"]}}],"collection":[{"href":"https:\/\/www.opackgroup.com\/de\/wp-json\/wp\/v2\/pages"}],"about":[{"href":"https:\/\/www.opackgroup.com\/de\/wp-json\/wp\/v2\/types\/page"}],"author":[{"embeddable":true,"href":"https:\/\/www.opackgroup.com\/de\/wp-json\/wp\/v2\/users\/2"}],"replies":[{"embeddable":true,"href":"https:\/\/www.opackgroup.com\/de\/wp-json\/wp\/v2\/comments?post=12029"}],"version-history":[{"count":1,"href":"https:\/\/www.opackgroup.com\/de\/wp-json\/wp\/v2\/pages\/12029\/revisions"}],"predecessor-version":[{"id":12082,"href":"https:\/\/www.opackgroup.com\/de\/wp-json\/wp\/v2\/pages\/12029\/revisions\/12082"}],"wp:attachment":[{"href":"https:\/\/www.opackgroup.com\/de\/wp-json\/wp\/v2\/media?parent=12029"}],"curies":[{"name":"wp","href":"https:\/\/api.w.org\/{rel}","templated":true}]}}