{"id":12024,"date":"2024-11-27T12:25:19","date_gmt":"2024-11-27T11:25:19","guid":{"rendered":"https:\/\/www.opackgroup.com\/de\/?page_id=12024"},"modified":"2024-11-27T12:25:20","modified_gmt":"2024-11-27T11:25:20","slug":"tuev-oesterreich-ok-biologisch-abbaubarer-boden","status":"publish","type":"page","link":"https:\/\/www.opackgroup.com\/de\/tuev-oesterreich-ok-biologisch-abbaubarer-boden\/","title":{"rendered":"T\u00fcv \u00d6sterreich OK biologisch abbaubarer Boden"},"content":{"rendered":"\n<div class=\"hh-block block-row\"data-mb=\"regular\">\n    <div class=\"block-row__row row block-row__row--preset-1\/3|1\/3|1\/3 block-row__row--align-stretch\">\n                \n\n<div class=\"hh-block block-column col col--1 col--lg-1\/3\">\n    \n<p class=\"hh-block block-paragraph block-paragraph--id-69e368c687e51\"data-mb=\"small\">Der Begriff \u201ebiologische Abbaubarkeit\u201c ist eigentlich bedeutungslos, wenn man nicht auf die Umwelt und den Zeitrahmen eingeht. Denn beim biologischen Abbau greift eine ganze Armee von Mikroorganismen das abzubauende Material an. Diese Mikroorganismen sind in jeder Umgebung anders. Sie h\u00e4ngen von der jeweiligen Temperatur, dem Feuchtigkeitsgehalt, dem pH-Wert, der Sauerstoffzufuhr usw. ab.<br>Die biologische Abbaubarkeit im Boden bietet gro\u00dfe Vorteile f\u00fcr landwirtschaftliche und gartenbauliche Produkte, da sie nach der Verwendung nicht entfernt werden m\u00fcssen, sondern sich einfach an Ort und Stelle abbauen k\u00f6nnen. Das Label OK biodegradable SOIL garantiert, dass ein Produkt im Boden vollst\u00e4ndig biologisch abbaubar ist, ohne sch\u00e4dliche Auswirkungen auf die Umwelt.<\/p>\n<\/div>\n\n\n<div class=\"hh-block block-column col col--1 col--lg-1\/3\">\n    \n\n    <div class=\"hh-block block-image\"\n         data-mt=\"small\"         data-mb=\"smaller\"         data-horizontal-align=\"centered\"\n         data-vertical-align=\"centered\"\n         data-mobile-align=\"centered\">\n\n         \n        <figure class=\"block-image__inner\" style=\"max-width: 300px\">\n\n            \n            \n            <div class=\"block-image__image-container\">\n\n            \n                <picture class=\"block-image__picture\" draggable=\"false\">\n  <source media=\"(min-width: 414px)\" srcset=\"https:\/\/www.opackgroup.com\/de\/wp-content\/uploads\/2024\/10\/Tuv-austria-ok-biodegradable-soil.png\" width=\"300\" height=\"138\" \/>\n  <source media=\"(min-width: 0px)\" srcset=\"https:\/\/www.opackgroup.com\/de\/wp-content\/uploads\/2024\/10\/Tuv-austria-ok-biodegradable-soil.png 1x, https:\/\/www.opackgroup.com\/de\/wp-content\/uploads\/2024\/10\/Tuv-austria-ok-biodegradable-soil.png 2x\" width=\"300\" height=\"138\" \/>\n  <img class=\"block-image__image\" draggable=\"false\" decoding=\"async\" loading=\"lazy\" src=\"https:\/\/www.opackgroup.com\/de\/wp-content\/uploads\/2024\/10\/Tuv-austria-ok-biodegradable-soil.png\" alt=\"\" width=\"300\" height=\"138\" \/>\n<\/picture>\n                                    <div\n                        class=\"block-image__holder block-image__holder--transparent block-image__holder--desktop\"\n                        style=\"aspect-ratio: 300\/138; max-width: 300px\">\n                    <\/div>\n                \n                                    <div\n                        class=\"block-image__holder block-image__holder--transparent block-image__holder--mobile\"\n                        style=\"aspect-ratio: 300\/138; max-width: 300px\">\n                    <\/div>\n                \n                                \n            <\/div>\n\n                        \n\n            \n            \n            \n            \n        <\/figure>\n\n        \n    <\/div>\n\n\n\n\n    <div class=\"hh-block block-image\"\n         data-mt=\"none\"         data-mb=\"small\"         data-horizontal-align=\"centered\"\n         data-vertical-align=\"centered\"\n         data-mobile-align=\"centered\">\n\n         \n        <figure class=\"block-image__inner\" style=\"max-width: 260px\">\n\n            \n            \n            <div class=\"block-image__image-container\">\n\n            \n                <picture class=\"block-image__picture\" draggable=\"false\">\n  <source media=\"(min-width: 414px)\" srcset=\"https:\/\/www.opackgroup.com\/de\/wp-content\/uploads\/2023\/10\/Witte-asperges-productenOerlemans-Plastics-325x250.jpg\" width=\"260\" height=\"200\" \/>\n  <source media=\"(min-width: 0px)\" srcset=\"https:\/\/www.opackgroup.com\/de\/wp-content\/uploads\/2023\/10\/Witte-asperges-productenOerlemans-Plastics-325x250.jpg 1x, https:\/\/www.opackgroup.com\/de\/wp-content\/uploads\/2023\/10\/Witte-asperges-productenOerlemans-Plastics-325x250.jpg 2x\" width=\"260\" height=\"200\" \/>\n  <img class=\"block-image__image\" draggable=\"false\" decoding=\"async\" loading=\"lazy\" src=\"https:\/\/www.opackgroup.com\/de\/wp-content\/uploads\/2023\/10\/Witte-asperges-productenOerlemans-Plastics-325x250.jpg\" alt=\"Witte asperges producten(Oerlemans Plastics)\" width=\"260\" height=\"200\" \/>\n<\/picture>\n                                    <div\n                        class=\"block-image__holder block-image__holder--desktop\"\n                        style=\"aspect-ratio: 260\/200; max-width: 260px\">\n                    <\/div>\n                \n                                    <div\n                        class=\"block-image__holder block-image__holder--mobile\"\n                        style=\"aspect-ratio: 260\/200; max-width: 260px\">\n                    <\/div>\n                \n                                \n            <\/div>\n\n                        \n\n            \n            \n            \n            \n        <\/figure>\n\n        \n    <\/div>\n\n\n<\/div>\n\n\n<div class=\"hh-block block-column col col--1 col--lg-1\/3\">\n    <\/div>\n            <\/div>\n<\/div>\n","protected":false},"excerpt":{"rendered":"","protected":false},"author":2,"featured_media":0,"parent":0,"menu_order":13,"comment_status":"closed","ping_status":"closed","template":"","meta":{"_acf_changed":false,"footnotes":""},"class_list":["post-12024","page","type-page","status-publish","hentry"],"acf":[],"yoast_head":"<title>T\u00fcv \u00d6sterreich OK biologisch abbaubarer Boden - OPACKGROUP<\/title>\n<meta name=\"robots\" content=\"index, follow, max-snippet:-1, max-image-preview:large, max-video-preview:-1\" \/>\n<link rel=\"canonical\" href=\"https:\/\/www.opackgroup.com\/de\/tuev-oesterreich-ok-biologisch-abbaubarer-boden\/\" \/>\n<meta property=\"og:locale\" content=\"de_DE\" \/>\n<meta property=\"og:type\" content=\"article\" \/>\n<meta property=\"og:title\" content=\"T\u00fcv \u00d6sterreich OK biologisch abbaubarer Boden - OPACKGROUP\" \/>\n<meta property=\"og:url\" content=\"https:\/\/www.opackgroup.com\/de\/tuev-oesterreich-ok-biologisch-abbaubarer-boden\/\" \/>\n<meta property=\"og:site_name\" content=\"OPACKGROUP\" \/>\n<meta property=\"article:modified_time\" content=\"2024-11-27T11:25:20+00:00\" \/>\n<meta name=\"twitter:card\" content=\"summary_large_image\" \/>\n<script type=\"application\/ld+json\" class=\"yoast-schema-graph\">{\"@context\":\"https:\/\/schema.org\",\"@graph\":[{\"@type\":\"WebPage\",\"@id\":\"https:\/\/www.opackgroup.com\/de\/tuev-oesterreich-ok-biologisch-abbaubarer-boden\/\",\"url\":\"https:\/\/www.opackgroup.com\/de\/tuev-oesterreich-ok-biologisch-abbaubarer-boden\/\",\"name\":\"T\u00fcv \u00d6sterreich OK biologisch abbaubarer Boden - OPACKGROUP\",\"isPartOf\":{\"@id\":\"https:\/\/www.opackgroup.com\/de\/#website\"},\"datePublished\":\"2024-11-27T11:25:19+00:00\",\"dateModified\":\"2024-11-27T11:25:20+00:00\",\"breadcrumb\":{\"@id\":\"https:\/\/www.opackgroup.com\/de\/tuev-oesterreich-ok-biologisch-abbaubarer-boden\/#breadcrumb\"},\"inLanguage\":\"de\",\"potentialAction\":[{\"@type\":\"ReadAction\",\"target\":[\"https:\/\/www.opackgroup.com\/de\/tuev-oesterreich-ok-biologisch-abbaubarer-boden\/\"]}]},{\"@type\":\"BreadcrumbList\",\"@id\":\"https:\/\/www.opackgroup.com\/de\/tuev-oesterreich-ok-biologisch-abbaubarer-boden\/#breadcrumb\",\"itemListElement\":[{\"@type\":\"ListItem\",\"position\":1,\"name\":\"Home\",\"item\":\"https:\/\/www.opackgroup.com\/de\/\"},{\"@type\":\"ListItem\",\"position\":2,\"name\":\"T\u00fcv \u00d6sterreich OK biologisch abbaubarer Boden\"}]},{\"@type\":\"WebSite\",\"@id\":\"https:\/\/www.opackgroup.com\/de\/#website\",\"url\":\"https:\/\/www.opackgroup.com\/de\/\",\"name\":\"OPACKGROUP\",\"description\":\"The sustainable innovator\",\"potentialAction\":[{\"@type\":\"SearchAction\",\"target\":{\"@type\":\"EntryPoint\",\"urlTemplate\":\"https:\/\/www.opackgroup.com\/de\/?suchanfrage={search_term_string}\"},\"query-input\":{\"@type\":\"PropertyValueSpecification\",\"valueRequired\":true,\"valueName\":\"search_term_string\"}}],\"inLanguage\":\"de\"}]}<\/script>","yoast_head_json":{"title":"T\u00fcv \u00d6sterreich OK biologisch abbaubarer Boden - OPACKGROUP","robots":{"index":"index","follow":"follow","max-snippet":"max-snippet:-1","max-image-preview":"max-image-preview:large","max-video-preview":"max-video-preview:-1"},"canonical":"https:\/\/www.opackgroup.com\/de\/tuev-oesterreich-ok-biologisch-abbaubarer-boden\/","og_locale":"de_DE","og_type":"article","og_title":"T\u00fcv \u00d6sterreich OK biologisch abbaubarer Boden - OPACKGROUP","og_url":"https:\/\/www.opackgroup.com\/de\/tuev-oesterreich-ok-biologisch-abbaubarer-boden\/","og_site_name":"OPACKGROUP","article_modified_time":"2024-11-27T11:25:20+00:00","twitter_card":"summary_large_image","schema":{"@context":"https:\/\/schema.org","@graph":[{"@type":"WebPage","@id":"https:\/\/www.opackgroup.com\/de\/tuev-oesterreich-ok-biologisch-abbaubarer-boden\/","url":"https:\/\/www.opackgroup.com\/de\/tuev-oesterreich-ok-biologisch-abbaubarer-boden\/","name":"T\u00fcv \u00d6sterreich OK biologisch abbaubarer Boden - OPACKGROUP","isPartOf":{"@id":"https:\/\/www.opackgroup.com\/de\/#website"},"datePublished":"2024-11-27T11:25:19+00:00","dateModified":"2024-11-27T11:25:20+00:00","breadcrumb":{"@id":"https:\/\/www.opackgroup.com\/de\/tuev-oesterreich-ok-biologisch-abbaubarer-boden\/#breadcrumb"},"inLanguage":"de","potentialAction":[{"@type":"ReadAction","target":["https:\/\/www.opackgroup.com\/de\/tuev-oesterreich-ok-biologisch-abbaubarer-boden\/"]}]},{"@type":"BreadcrumbList","@id":"https:\/\/www.opackgroup.com\/de\/tuev-oesterreich-ok-biologisch-abbaubarer-boden\/#breadcrumb","itemListElement":[{"@type":"ListItem","position":1,"name":"Home","item":"https:\/\/www.opackgroup.com\/de\/"},{"@type":"ListItem","position":2,"name":"T\u00fcv \u00d6sterreich OK biologisch abbaubarer Boden"}]},{"@type":"WebSite","@id":"https:\/\/www.opackgroup.com\/de\/#website","url":"https:\/\/www.opackgroup.com\/de\/","name":"OPACKGROUP","description":"The sustainable innovator","potentialAction":[{"@type":"SearchAction","target":{"@type":"EntryPoint","urlTemplate":"https:\/\/www.opackgroup.com\/de\/?suchanfrage={search_term_string}"},"query-input":{"@type":"PropertyValueSpecification","valueRequired":true,"valueName":"search_term_string"}}],"inLanguage":"de"}]}},"_links":{"self":[{"href":"https:\/\/www.opackgroup.com\/de\/wp-json\/wp\/v2\/pages\/12024","targetHints":{"allow":["GET"]}}],"collection":[{"href":"https:\/\/www.opackgroup.com\/de\/wp-json\/wp\/v2\/pages"}],"about":[{"href":"https:\/\/www.opackgroup.com\/de\/wp-json\/wp\/v2\/types\/page"}],"author":[{"embeddable":true,"href":"https:\/\/www.opackgroup.com\/de\/wp-json\/wp\/v2\/users\/2"}],"replies":[{"embeddable":true,"href":"https:\/\/www.opackgroup.com\/de\/wp-json\/wp\/v2\/comments?post=12024"}],"version-history":[{"count":9,"href":"https:\/\/www.opackgroup.com\/de\/wp-json\/wp\/v2\/pages\/12024\/revisions"}],"predecessor-version":[{"id":12038,"href":"https:\/\/www.opackgroup.com\/de\/wp-json\/wp\/v2\/pages\/12024\/revisions\/12038"}],"wp:attachment":[{"href":"https:\/\/www.opackgroup.com\/de\/wp-json\/wp\/v2\/media?parent=12024"}],"curies":[{"name":"wp","href":"https:\/\/api.w.org\/{rel}","templated":true}]}}