{"id":12015,"date":"2024-11-27T12:27:20","date_gmt":"2024-11-27T11:27:20","guid":{"rendered":"https:\/\/www.opackgroup.com\/de\/?page_id=12015"},"modified":"2024-11-27T12:27:22","modified_gmt":"2024-11-27T11:27:22","slug":"tuev-oesterreich-ok-biobasiert","status":"publish","type":"page","link":"https:\/\/www.opackgroup.com\/de\/tuev-oesterreich-ok-biobasiert\/","title":{"rendered":"T\u00fcv \u00d6sterreich OK biobasiert"},"content":{"rendered":"\n<div class=\"hh-block block-row\"data-mb=\"regular\">\n    <div class=\"block-row__row row block-row__row--preset-1\/3|1\/3|1\/3 block-row__row--align-stretch\">\n                \n\n<div class=\"hh-block block-column col col--1 col--lg-1\/3\">\n    \n<p class=\"hh-block block-paragraph block-paragraph--id-69e368d418cf1\"data-mb=\"small\">Aufgrund des gestiegenen Umweltbewusstseins der Kunden gibt es einen wachsenden Markt f\u00fcr Produkte auf Basis nachwachsender Rohstoffe. Dieses Umweltbewusstsein der Kunden bedeutet, dass es einen gro\u00dfen Bedarf an nachwachsenden Rohstoffen von hoher Qualit\u00e4t gibt. Die \u201eOK biobased\u201c-Zertifizierung erf\u00fcllt dies perfekt. Je nach festgestelltem Anteil an nachwachsenden Rohstoffen (% biobasiert) kann Ihr Produkt als mit einem, zwei, drei oder vier Sternen biobasiert zertifiziert werden.<br>Die Pr\u00fcfmethode hinter der OK-Biobased-Zertifizierung ist sehr einfach. Der genaue Prozentsatz kann nach der standardisierten C14-Methode genau gemessen werden. Dies macht die \u00dcberpr\u00fcfung sehr transparent und erm\u00f6glicht einen Vergleich von \u201e\u00c4pfeln mit \u00c4pfeln\u201c.<\/p>\n<\/div>\n\n\n<div class=\"hh-block block-column col col--1 col--lg-1\/3\">\n    \n\n    <div class=\"hh-block block-image\"\n         data-mt=\"smaller\"         data-mb=\"small\"         data-horizontal-align=\"centered\"\n         data-vertical-align=\"centered\"\n         data-mobile-align=\"centered\">\n\n         \n        <figure class=\"block-image__inner\" style=\"max-width: 300px\">\n\n            \n            \n            <div class=\"block-image__image-container\">\n\n            \n                <picture class=\"block-image__picture\" draggable=\"false\">\n  <source media=\"(min-width: 414px)\" srcset=\"https:\/\/www.opackgroup.com\/de\/wp-content\/uploads\/2024\/10\/Tuv-austria-ok-biobased.png\" width=\"300\" height=\"149\" \/>\n  <source media=\"(min-width: 0px)\" srcset=\"https:\/\/www.opackgroup.com\/de\/wp-content\/uploads\/2024\/10\/Tuv-austria-ok-biobased.png 1x, https:\/\/www.opackgroup.com\/de\/wp-content\/uploads\/2024\/10\/Tuv-austria-ok-biobased.png 2x\" width=\"300\" height=\"149\" \/>\n  <img class=\"block-image__image\" draggable=\"false\" decoding=\"async\" loading=\"lazy\" src=\"https:\/\/www.opackgroup.com\/de\/wp-content\/uploads\/2024\/10\/Tuv-austria-ok-biobased.png\" alt=\"\" width=\"300\" height=\"149\" \/>\n<\/picture>\n                                    <div\n                        class=\"block-image__holder block-image__holder--transparent block-image__holder--desktop\"\n                        style=\"aspect-ratio: 300\/149; max-width: 300px\">\n                    <\/div>\n                \n                                    <div\n                        class=\"block-image__holder block-image__holder--transparent block-image__holder--mobile\"\n                        style=\"aspect-ratio: 300\/149; max-width: 300px\">\n                    <\/div>\n                \n                                \n            <\/div>\n\n                        \n\n            \n            \n            \n            \n        <\/figure>\n\n        \n    <\/div>\n\n\n\n\n    <div class=\"hh-block block-image\"\n         data-mt=\"none\"         data-mb=\"small\"         data-horizontal-align=\"centered\"\n         data-vertical-align=\"centered\"\n         data-mobile-align=\"centered\">\n\n         \n        <figure class=\"block-image__inner\" style=\"max-width: 1619px\">\n\n            \n            \n            <div class=\"block-image__image-container\">\n\n            \n                <picture class=\"block-image__picture\" draggable=\"false\">\n  <source media=\"(min-width: 414px)\" srcset=\"https:\/\/www.opackgroup.com\/de\/wp-content\/uploads\/2024\/10\/Boer-die-rietsuiker-op-zijn-schouder-draagt-biobased-PE-natuur-OPI-ss-214996531-scaled.jpg\" width=\"1619\" height=\"1080\" \/>\n  <source media=\"(min-width: 0px)\" srcset=\"https:\/\/www.opackgroup.com\/de\/wp-content\/uploads\/2024\/10\/Boer-die-rietsuiker-op-zijn-schouder-draagt-biobased-PE-natuur-OPI-ss-214996531-360x240.jpg 1x, https:\/\/www.opackgroup.com\/de\/wp-content\/uploads\/2024\/10\/Boer-die-rietsuiker-op-zijn-schouder-draagt-biobased-PE-natuur-OPI-ss-214996531-720x481.jpg 2x\" width=\"360\" height=\"240\" \/>\n  <img class=\"block-image__image\" draggable=\"false\" decoding=\"async\" loading=\"lazy\" src=\"https:\/\/www.opackgroup.com\/de\/wp-content\/uploads\/2024\/10\/Boer-die-rietsuiker-op-zijn-schouder-draagt-biobased-PE-natuur-OPI-ss-214996531-scaled.jpg\" alt=\"Stretchfolien OPI\" width=\"1619\" height=\"1080\" \/>\n<\/picture>\n                                    <div\n                        class=\"block-image__holder block-image__holder--desktop\"\n                        style=\"aspect-ratio: 1619\/1080; max-width: 1619px\">\n                    <\/div>\n                \n                                    <div\n                        class=\"block-image__holder block-image__holder--mobile\"\n                        style=\"aspect-ratio: 360\/240; max-width: 360px\">\n                    <\/div>\n                \n                                \n            <\/div>\n\n                        \n\n            \n            \n            \n            \n        <\/figure>\n\n        \n    <\/div>\n\n\n<\/div>\n\n\n<div class=\"hh-block block-column col col--1 col--lg-1\/3\">\n    <\/div>\n            <\/div>\n<\/div>\n","protected":false},"excerpt":{"rendered":"","protected":false},"author":2,"featured_media":0,"parent":0,"menu_order":15,"comment_status":"closed","ping_status":"closed","template":"","meta":{"_acf_changed":false,"footnotes":""},"class_list":["post-12015","page","type-page","status-publish","hentry"],"acf":[],"yoast_head":"<title>T\u00fcv \u00d6sterreich OK biobasiert - OPACKGROUP<\/title>\n<meta name=\"robots\" content=\"index, follow, max-snippet:-1, max-image-preview:large, max-video-preview:-1\" \/>\n<link rel=\"canonical\" href=\"https:\/\/www.opackgroup.com\/de\/tuev-oesterreich-ok-biobasiert\/\" \/>\n<meta property=\"og:locale\" content=\"de_DE\" \/>\n<meta property=\"og:type\" content=\"article\" \/>\n<meta property=\"og:title\" content=\"T\u00fcv \u00d6sterreich OK biobasiert - OPACKGROUP\" \/>\n<meta property=\"og:url\" content=\"https:\/\/www.opackgroup.com\/de\/tuev-oesterreich-ok-biobasiert\/\" \/>\n<meta property=\"og:site_name\" content=\"OPACKGROUP\" \/>\n<meta property=\"article:modified_time\" content=\"2024-11-27T11:27:22+00:00\" \/>\n<meta name=\"twitter:card\" content=\"summary_large_image\" \/>\n<meta name=\"twitter:label1\" content=\"Gesch\u00e4tzte Lesezeit\" \/>\n\t<meta name=\"twitter:data1\" content=\"1\u00a0Minute\" \/>\n<script type=\"application\/ld+json\" class=\"yoast-schema-graph\">{\"@context\":\"https:\/\/schema.org\",\"@graph\":[{\"@type\":\"WebPage\",\"@id\":\"https:\/\/www.opackgroup.com\/de\/tuev-oesterreich-ok-biobasiert\/\",\"url\":\"https:\/\/www.opackgroup.com\/de\/tuev-oesterreich-ok-biobasiert\/\",\"name\":\"T\u00fcv \u00d6sterreich OK biobasiert - OPACKGROUP\",\"isPartOf\":{\"@id\":\"https:\/\/www.opackgroup.com\/de\/#website\"},\"datePublished\":\"2024-11-27T11:27:20+00:00\",\"dateModified\":\"2024-11-27T11:27:22+00:00\",\"breadcrumb\":{\"@id\":\"https:\/\/www.opackgroup.com\/de\/tuev-oesterreich-ok-biobasiert\/#breadcrumb\"},\"inLanguage\":\"de\",\"potentialAction\":[{\"@type\":\"ReadAction\",\"target\":[\"https:\/\/www.opackgroup.com\/de\/tuev-oesterreich-ok-biobasiert\/\"]}]},{\"@type\":\"BreadcrumbList\",\"@id\":\"https:\/\/www.opackgroup.com\/de\/tuev-oesterreich-ok-biobasiert\/#breadcrumb\",\"itemListElement\":[{\"@type\":\"ListItem\",\"position\":1,\"name\":\"Home\",\"item\":\"https:\/\/www.opackgroup.com\/de\/\"},{\"@type\":\"ListItem\",\"position\":2,\"name\":\"T\u00fcv \u00d6sterreich OK biobasiert\"}]},{\"@type\":\"WebSite\",\"@id\":\"https:\/\/www.opackgroup.com\/de\/#website\",\"url\":\"https:\/\/www.opackgroup.com\/de\/\",\"name\":\"OPACKGROUP\",\"description\":\"The sustainable innovator\",\"potentialAction\":[{\"@type\":\"SearchAction\",\"target\":{\"@type\":\"EntryPoint\",\"urlTemplate\":\"https:\/\/www.opackgroup.com\/de\/?suchanfrage={search_term_string}\"},\"query-input\":{\"@type\":\"PropertyValueSpecification\",\"valueRequired\":true,\"valueName\":\"search_term_string\"}}],\"inLanguage\":\"de\"}]}<\/script>","yoast_head_json":{"title":"T\u00fcv \u00d6sterreich OK biobasiert - OPACKGROUP","robots":{"index":"index","follow":"follow","max-snippet":"max-snippet:-1","max-image-preview":"max-image-preview:large","max-video-preview":"max-video-preview:-1"},"canonical":"https:\/\/www.opackgroup.com\/de\/tuev-oesterreich-ok-biobasiert\/","og_locale":"de_DE","og_type":"article","og_title":"T\u00fcv \u00d6sterreich OK biobasiert - OPACKGROUP","og_url":"https:\/\/www.opackgroup.com\/de\/tuev-oesterreich-ok-biobasiert\/","og_site_name":"OPACKGROUP","article_modified_time":"2024-11-27T11:27:22+00:00","twitter_card":"summary_large_image","twitter_misc":{"Gesch\u00e4tzte Lesezeit":"1\u00a0Minute"},"schema":{"@context":"https:\/\/schema.org","@graph":[{"@type":"WebPage","@id":"https:\/\/www.opackgroup.com\/de\/tuev-oesterreich-ok-biobasiert\/","url":"https:\/\/www.opackgroup.com\/de\/tuev-oesterreich-ok-biobasiert\/","name":"T\u00fcv \u00d6sterreich OK biobasiert - OPACKGROUP","isPartOf":{"@id":"https:\/\/www.opackgroup.com\/de\/#website"},"datePublished":"2024-11-27T11:27:20+00:00","dateModified":"2024-11-27T11:27:22+00:00","breadcrumb":{"@id":"https:\/\/www.opackgroup.com\/de\/tuev-oesterreich-ok-biobasiert\/#breadcrumb"},"inLanguage":"de","potentialAction":[{"@type":"ReadAction","target":["https:\/\/www.opackgroup.com\/de\/tuev-oesterreich-ok-biobasiert\/"]}]},{"@type":"BreadcrumbList","@id":"https:\/\/www.opackgroup.com\/de\/tuev-oesterreich-ok-biobasiert\/#breadcrumb","itemListElement":[{"@type":"ListItem","position":1,"name":"Home","item":"https:\/\/www.opackgroup.com\/de\/"},{"@type":"ListItem","position":2,"name":"T\u00fcv \u00d6sterreich OK biobasiert"}]},{"@type":"WebSite","@id":"https:\/\/www.opackgroup.com\/de\/#website","url":"https:\/\/www.opackgroup.com\/de\/","name":"OPACKGROUP","description":"The sustainable innovator","potentialAction":[{"@type":"SearchAction","target":{"@type":"EntryPoint","urlTemplate":"https:\/\/www.opackgroup.com\/de\/?suchanfrage={search_term_string}"},"query-input":{"@type":"PropertyValueSpecification","valueRequired":true,"valueName":"search_term_string"}}],"inLanguage":"de"}]}},"_links":{"self":[{"href":"https:\/\/www.opackgroup.com\/de\/wp-json\/wp\/v2\/pages\/12015","targetHints":{"allow":["GET"]}}],"collection":[{"href":"https:\/\/www.opackgroup.com\/de\/wp-json\/wp\/v2\/pages"}],"about":[{"href":"https:\/\/www.opackgroup.com\/de\/wp-json\/wp\/v2\/types\/page"}],"author":[{"embeddable":true,"href":"https:\/\/www.opackgroup.com\/de\/wp-json\/wp\/v2\/users\/2"}],"replies":[{"embeddable":true,"href":"https:\/\/www.opackgroup.com\/de\/wp-json\/wp\/v2\/comments?post=12015"}],"version-history":[{"count":9,"href":"https:\/\/www.opackgroup.com\/de\/wp-json\/wp\/v2\/pages\/12015\/revisions"}],"predecessor-version":[{"id":12084,"href":"https:\/\/www.opackgroup.com\/de\/wp-json\/wp\/v2\/pages\/12015\/revisions\/12084"}],"wp:attachment":[{"href":"https:\/\/www.opackgroup.com\/de\/wp-json\/wp\/v2\/media?parent=12015"}],"curies":[{"name":"wp","href":"https:\/\/api.w.org\/{rel}","templated":true}]}}