{"id":12009,"date":"2024-11-27T12:28:01","date_gmt":"2024-11-27T11:28:01","guid":{"rendered":"https:\/\/www.opackgroup.com\/de\/?page_id=12009"},"modified":"2025-01-29T14:11:46","modified_gmt":"2025-01-29T13:11:46","slug":"kosher-zertifizierung-opackgroup-zuverlaessige-verpackung","status":"publish","type":"page","link":"https:\/\/www.opackgroup.com\/de\/kosher-zertifizierung-opackgroup-zuverlaessige-verpackung\/","title":{"rendered":"Koscher"},"content":{"rendered":"\n<div class=\"hh-block block-row\"data-mb=\"regular\">\n    <div class=\"block-row__row row block-row__row--preset-1\/4|1\/4|1\/4|1\/4 block-row__row--align-stretch\">\n                \n\n<div class=\"hh-block block-column col col--1 col--lg-1\/4\">\n    \n<p class=\"hh-block block-paragraph block-paragraph--id-69ed08da8a817\"data-mb=\"small\"><br>Das Koscher-Zertifikat garantiert die Einhaltung der Regeln, die bei der Herstellung, der Verpackung und dem Verkauf von Lebensmitteln und Getr\u00e4nken nach j\u00fcdischem Glauben befolgt werden m\u00fcssen. Dieses Zertifikat ist wichtig, weil nach der j\u00fcdischen Religion der Verzehr bestimmter Arten von Tierprodukten nicht erlaubt ist und Tierfleisch gesondert verarbeitet wird.<\/p>\n<\/div>\n\n\n<div class=\"hh-block block-column col col--1 col--lg-1\/4\">\n    \n\n    <div class=\"hh-block block-image\"\n         data-mt=\"none\"         data-mb=\"smaller\"         data-horizontal-align=\"centered\"\n         data-vertical-align=\"centered\"\n         data-mobile-align=\"centered\">\n\n         \n        <figure class=\"block-image__inner\" style=\"max-width: 325px\">\n\n            \n            \n            <div class=\"block-image__image-container\">\n\n            \n                <picture class=\"block-image__picture\" draggable=\"false\">\n  <source media=\"(min-width: 414px)\" srcset=\"https:\/\/www.opackgroup.com\/de\/wp-content\/uploads\/2024\/10\/Kosher-logo-325x148.jpg\" width=\"325\" height=\"148\" \/>\n  <source media=\"(min-width: 0px)\" srcset=\"https:\/\/www.opackgroup.com\/de\/wp-content\/uploads\/2024\/10\/Kosher-logo-325x148.jpg 1x, https:\/\/www.opackgroup.com\/de\/wp-content\/uploads\/2024\/10\/Kosher-logo-325x148.jpg 2x\" width=\"325\" height=\"148\" \/>\n  <img class=\"block-image__image\" draggable=\"false\" decoding=\"async\" loading=\"lazy\" src=\"https:\/\/www.opackgroup.com\/de\/wp-content\/uploads\/2024\/10\/Kosher-logo-325x148.jpg\" alt=\"\" width=\"325\" height=\"148\" \/>\n<\/picture>\n                                    <div\n                        class=\"block-image__holder block-image__holder--desktop\"\n                        style=\"aspect-ratio: 325\/148; max-width: 325px\">\n                    <\/div>\n                \n                                    <div\n                        class=\"block-image__holder block-image__holder--mobile\"\n                        style=\"aspect-ratio: 325\/148; max-width: 325px\">\n                    <\/div>\n                \n                                \n            <\/div>\n\n                        \n\n            \n            \n            \n            \n        <\/figure>\n\n        \n    <\/div>\n\n\n\n\n    <div class=\"hh-block block-image\"\n         data-mt=\"none\"         data-mb=\"small\"         data-horizontal-align=\"centered\"\n         data-vertical-align=\"centered\"\n         data-mobile-align=\"centered\">\n\n         \n        <figure class=\"block-image__inner\" style=\"max-width: 320px\">\n\n            \n            \n            <div class=\"block-image__image-container\">\n\n            \n                <picture class=\"block-image__picture\" draggable=\"false\">\n  <source media=\"(min-width: 414px)\" srcset=\"https:\/\/www.opackgroup.com\/de\/wp-content\/uploads\/2023\/11\/Kratzak-stiftzak-vlees-industrie-320x200.jpg\" width=\"320\" height=\"200\" \/>\n  <source media=\"(min-width: 0px)\" srcset=\"https:\/\/www.opackgroup.com\/de\/wp-content\/uploads\/2023\/11\/Kratzak-stiftzak-vlees-industrie-320x200.jpg 1x, https:\/\/www.opackgroup.com\/de\/wp-content\/uploads\/2023\/11\/Kratzak-stiftzak-vlees-industrie-320x200.jpg 2x\" width=\"320\" height=\"200\" \/>\n  <img class=\"block-image__image\" draggable=\"false\" decoding=\"async\" loading=\"lazy\" src=\"https:\/\/www.opackgroup.com\/de\/wp-content\/uploads\/2023\/11\/Kratzak-stiftzak-vlees-industrie-320x200.jpg\" alt=\"Kratzak stiftzak vlees industrie\" width=\"320\" height=\"200\" \/>\n<\/picture>\n                                    <div\n                        class=\"block-image__holder block-image__holder--desktop\"\n                        style=\"aspect-ratio: 320\/200; max-width: 320px\">\n                    <\/div>\n                \n                                    <div\n                        class=\"block-image__holder block-image__holder--mobile\"\n                        style=\"aspect-ratio: 320\/200; max-width: 320px\">\n                    <\/div>\n                \n                                \n            <\/div>\n\n                        \n\n            \n            \n            \n            \n        <\/figure>\n\n        \n    <\/div>\n\n\n<\/div>\n\n\n<div class=\"hh-block block-column col col--1 col--lg-1\/4\">\n    <\/div>\n\n\n<div class=\"hh-block block-column col col--1 col--lg-1\/4\">\n    <\/div>\n            <\/div>\n<\/div>\n\n\n<p class=\"hh-block block-paragraph block-paragraph--id-69ed08da8f154\"data-mb=\"small\"><a href=\"https:\/\/www.fardem-packaging.nl\/de\/koscher\/\">Fardem Packaging<\/a><br><a href=\"https:\/\/www.flexpak.nl\/de\/koscher\/\">Flexpak<\/a><a href=\"https:\/\/www.fardem-packaging.nl\/de\/koscher\/\"><br><\/a><a href=\"https:\/\/www.oerlemansplastics.nl\/de\/koscher\/?preview_id=3422&amp;preview_nonce=0b16b32106&amp;preview=true\">Oerlemans Plastics <\/a><br><a href=\"https:\/\/www.opi-plastics.nl\/de\/koscher\/\">OPI Plastics<\/a><br><a href=\"https:\/\/www.perfon.nl\/de\/koscher\/\">Perfon<\/a><br><a href=\"https:\/\/www.plasthill.nl\/de\/koscher\/\">Plasthill<\/a><br><a href=\"https:\/\/www.stempher.nl\/de\/koscher\/\">Stempher<\/a><\/p>","protected":false},"excerpt":{"rendered":"","protected":false},"author":2,"featured_media":0,"parent":0,"menu_order":16,"comment_status":"closed","ping_status":"closed","template":"","meta":{"_acf_changed":false,"footnotes":""},"class_list":["post-12009","page","type-page","status-publish","hentry"],"acf":[],"yoast_head":"<title>Kosher-Zertifizierung OPACKGROUP | Zuverl\u00e4ssige Verpackung<\/title>\n<meta name=\"description\" content=\"Erfahren Sie, wie die Koscher-Zertifizierung sicherstellt, dass unsere Verpackungen die Standards f\u00fcr die j\u00fcdische Gemeinschaft erf\u00fcllen.\" \/>\n<meta name=\"robots\" content=\"index, follow, max-snippet:-1, max-image-preview:large, max-video-preview:-1\" \/>\n<link rel=\"canonical\" href=\"https:\/\/www.opackgroup.com\/de\/kosher-zertifizierung-opackgroup-zuverlaessige-verpackung\/\" \/>\n<meta property=\"og:locale\" content=\"de_DE\" \/>\n<meta property=\"og:type\" content=\"article\" \/>\n<meta property=\"og:title\" content=\"Kosher-Zertifizierung OPACKGROUP | Zuverl\u00e4ssige Verpackung\" \/>\n<meta property=\"og:description\" content=\"Erfahren Sie, wie die Koscher-Zertifizierung sicherstellt, dass unsere Verpackungen die Standards f\u00fcr die j\u00fcdische Gemeinschaft erf\u00fcllen.\" \/>\n<meta property=\"og:url\" content=\"https:\/\/www.opackgroup.com\/de\/kosher-zertifizierung-opackgroup-zuverlaessige-verpackung\/\" \/>\n<meta property=\"og:site_name\" content=\"OPACKGROUP\" \/>\n<meta property=\"article:modified_time\" content=\"2025-01-29T13:11:46+00:00\" \/>\n<meta name=\"twitter:card\" content=\"summary_large_image\" \/>\n<meta name=\"twitter:label1\" content=\"Gesch\u00e4tzte Lesezeit\" \/>\n\t<meta name=\"twitter:data1\" content=\"1\u00a0Minute\" \/>\n<script type=\"application\/ld+json\" class=\"yoast-schema-graph\">{\"@context\":\"https:\/\/schema.org\",\"@graph\":[{\"@type\":\"WebPage\",\"@id\":\"https:\/\/www.opackgroup.com\/de\/kosher-zertifizierung-opackgroup-zuverlaessige-verpackung\/\",\"url\":\"https:\/\/www.opackgroup.com\/de\/kosher-zertifizierung-opackgroup-zuverlaessige-verpackung\/\",\"name\":\"Kosher-Zertifizierung OPACKGROUP | Zuverl\u00e4ssige Verpackung\",\"isPartOf\":{\"@id\":\"https:\/\/www.opackgroup.com\/de\/#website\"},\"datePublished\":\"2024-11-27T11:28:01+00:00\",\"dateModified\":\"2025-01-29T13:11:46+00:00\",\"description\":\"Erfahren Sie, wie die Koscher-Zertifizierung sicherstellt, dass unsere Verpackungen die Standards f\u00fcr die j\u00fcdische Gemeinschaft erf\u00fcllen.\",\"breadcrumb\":{\"@id\":\"https:\/\/www.opackgroup.com\/de\/kosher-zertifizierung-opackgroup-zuverlaessige-verpackung\/#breadcrumb\"},\"inLanguage\":\"de\",\"potentialAction\":[{\"@type\":\"ReadAction\",\"target\":[\"https:\/\/www.opackgroup.com\/de\/kosher-zertifizierung-opackgroup-zuverlaessige-verpackung\/\"]}]},{\"@type\":\"BreadcrumbList\",\"@id\":\"https:\/\/www.opackgroup.com\/de\/kosher-zertifizierung-opackgroup-zuverlaessige-verpackung\/#breadcrumb\",\"itemListElement\":[{\"@type\":\"ListItem\",\"position\":1,\"name\":\"Home\",\"item\":\"https:\/\/www.opackgroup.com\/de\/\"},{\"@type\":\"ListItem\",\"position\":2,\"name\":\"Koscher\"}]},{\"@type\":\"WebSite\",\"@id\":\"https:\/\/www.opackgroup.com\/de\/#website\",\"url\":\"https:\/\/www.opackgroup.com\/de\/\",\"name\":\"OPACKGROUP\",\"description\":\"The sustainable innovator\",\"potentialAction\":[{\"@type\":\"SearchAction\",\"target\":{\"@type\":\"EntryPoint\",\"urlTemplate\":\"https:\/\/www.opackgroup.com\/de\/?suchanfrage={search_term_string}\"},\"query-input\":{\"@type\":\"PropertyValueSpecification\",\"valueRequired\":true,\"valueName\":\"search_term_string\"}}],\"inLanguage\":\"de\"}]}<\/script>","yoast_head_json":{"title":"Kosher-Zertifizierung OPACKGROUP | Zuverl\u00e4ssige Verpackung","description":"Erfahren Sie, wie die Koscher-Zertifizierung sicherstellt, dass unsere Verpackungen die Standards f\u00fcr die j\u00fcdische Gemeinschaft erf\u00fcllen.","robots":{"index":"index","follow":"follow","max-snippet":"max-snippet:-1","max-image-preview":"max-image-preview:large","max-video-preview":"max-video-preview:-1"},"canonical":"https:\/\/www.opackgroup.com\/de\/kosher-zertifizierung-opackgroup-zuverlaessige-verpackung\/","og_locale":"de_DE","og_type":"article","og_title":"Kosher-Zertifizierung OPACKGROUP | Zuverl\u00e4ssige Verpackung","og_description":"Erfahren Sie, wie die Koscher-Zertifizierung sicherstellt, dass unsere Verpackungen die Standards f\u00fcr die j\u00fcdische Gemeinschaft erf\u00fcllen.","og_url":"https:\/\/www.opackgroup.com\/de\/kosher-zertifizierung-opackgroup-zuverlaessige-verpackung\/","og_site_name":"OPACKGROUP","article_modified_time":"2025-01-29T13:11:46+00:00","twitter_card":"summary_large_image","twitter_misc":{"Gesch\u00e4tzte Lesezeit":"1\u00a0Minute"},"schema":{"@context":"https:\/\/schema.org","@graph":[{"@type":"WebPage","@id":"https:\/\/www.opackgroup.com\/de\/kosher-zertifizierung-opackgroup-zuverlaessige-verpackung\/","url":"https:\/\/www.opackgroup.com\/de\/kosher-zertifizierung-opackgroup-zuverlaessige-verpackung\/","name":"Kosher-Zertifizierung OPACKGROUP | Zuverl\u00e4ssige Verpackung","isPartOf":{"@id":"https:\/\/www.opackgroup.com\/de\/#website"},"datePublished":"2024-11-27T11:28:01+00:00","dateModified":"2025-01-29T13:11:46+00:00","description":"Erfahren Sie, wie die Koscher-Zertifizierung sicherstellt, dass unsere Verpackungen die Standards f\u00fcr die j\u00fcdische Gemeinschaft erf\u00fcllen.","breadcrumb":{"@id":"https:\/\/www.opackgroup.com\/de\/kosher-zertifizierung-opackgroup-zuverlaessige-verpackung\/#breadcrumb"},"inLanguage":"de","potentialAction":[{"@type":"ReadAction","target":["https:\/\/www.opackgroup.com\/de\/kosher-zertifizierung-opackgroup-zuverlaessige-verpackung\/"]}]},{"@type":"BreadcrumbList","@id":"https:\/\/www.opackgroup.com\/de\/kosher-zertifizierung-opackgroup-zuverlaessige-verpackung\/#breadcrumb","itemListElement":[{"@type":"ListItem","position":1,"name":"Home","item":"https:\/\/www.opackgroup.com\/de\/"},{"@type":"ListItem","position":2,"name":"Koscher"}]},{"@type":"WebSite","@id":"https:\/\/www.opackgroup.com\/de\/#website","url":"https:\/\/www.opackgroup.com\/de\/","name":"OPACKGROUP","description":"The sustainable innovator","potentialAction":[{"@type":"SearchAction","target":{"@type":"EntryPoint","urlTemplate":"https:\/\/www.opackgroup.com\/de\/?suchanfrage={search_term_string}"},"query-input":{"@type":"PropertyValueSpecification","valueRequired":true,"valueName":"search_term_string"}}],"inLanguage":"de"}]}},"_links":{"self":[{"href":"https:\/\/www.opackgroup.com\/de\/wp-json\/wp\/v2\/pages\/12009","targetHints":{"allow":["GET"]}}],"collection":[{"href":"https:\/\/www.opackgroup.com\/de\/wp-json\/wp\/v2\/pages"}],"about":[{"href":"https:\/\/www.opackgroup.com\/de\/wp-json\/wp\/v2\/types\/page"}],"author":[{"embeddable":true,"href":"https:\/\/www.opackgroup.com\/de\/wp-json\/wp\/v2\/users\/2"}],"replies":[{"embeddable":true,"href":"https:\/\/www.opackgroup.com\/de\/wp-json\/wp\/v2\/comments?post=12009"}],"version-history":[{"count":14,"href":"https:\/\/www.opackgroup.com\/de\/wp-json\/wp\/v2\/pages\/12009\/revisions"}],"predecessor-version":[{"id":12157,"href":"https:\/\/www.opackgroup.com\/de\/wp-json\/wp\/v2\/pages\/12009\/revisions\/12157"}],"wp:attachment":[{"href":"https:\/\/www.opackgroup.com\/de\/wp-json\/wp\/v2\/media?parent=12009"}],"curies":[{"name":"wp","href":"https:\/\/api.w.org\/{rel}","templated":true}]}}