{"id":11995,"date":"2024-11-27T12:28:43","date_gmt":"2024-11-27T11:28:43","guid":{"rendered":"https:\/\/www.opackgroup.com\/de\/?page_id=11995"},"modified":"2025-08-08T16:02:51","modified_gmt":"2025-08-08T14:02:51","slug":"ecovadis-zertifizierung-unternehmerische-nachhaltigkeit","status":"publish","type":"page","link":"https:\/\/www.opackgroup.com\/de\/ecovadis-zertifizierung-unternehmerische-nachhaltigkeit\/","title":{"rendered":"Ecovadis"},"content":{"rendered":"\n<div class=\"hh-block block-row\"data-mb=\"regular\">\n    <div class=\"block-row__row row block-row__row--preset-1\/3|2\/3 block-row__row--align-stretch\">\n                \n\n<div class=\"hh-block block-column col col--1 col--lg-1\/3\">\n    \n<p class=\"hh-block block-paragraph block-paragraph--id-69d11771d39bf\"data-mb=\"small\">Nachhaltigkeit ist ein wesentlicher Bestandteil der Unternehmenspolitik. Die OPACKGROUP besitzt ein golden Ecovadis-Zertifikat. Ecovadis ist eine globale Kooperationsplattform von f\u00fchrenden Unternehmen, die Wert auf Nachhaltigkeit legen. Ecovadis zielt auf die Verbesserung von Umwelt, Arbeits- und Menschenrechten, Ethik und nachhaltiger Beschaffung ab. Ecovadis ist der weltweit gr\u00f6\u00dfte und vertrauensw\u00fcrdigste Anbieter von Nachhaltigkeitsbewertungen f\u00fcr Unternehmen. Mit dem Ecovadis-System sind die Bewertungen f\u00fcr Kunden und Lieferanten transparent und zeigen, wo die St\u00e4rken und Schw\u00e4chen bei den Nachhaltigkeitskriterien liegen.<\/p>\n<\/div>\n\n\n<div class=\"hh-block block-column col col--1 col--lg-2\/3\">\n    \n\n    <div class=\"hh-block block-image\"\n         data-mt=\"none\"         data-mb=\"small\"         data-horizontal-align=\"centered\"\n         data-vertical-align=\"centered\"\n         data-mobile-align=\"centered\">\n\n         \n        <figure class=\"block-image__inner\" style=\"max-width: 800px\">\n\n            \n            \n            <div class=\"block-image__image-container\">\n\n            \n                <picture class=\"block-image__picture\" draggable=\"false\">\n  <source media=\"(min-width: 414px)\" srcset=\"https:\/\/www.opackgroup.com\/de\/wp-content\/uploads\/2025\/08\/Ecovadis-Goud-2025-1-800x600.jpg\" width=\"800\" height=\"600\" \/>\n  <source media=\"(min-width: 0px)\" srcset=\"https:\/\/www.opackgroup.com\/de\/wp-content\/uploads\/2025\/08\/Ecovadis-Goud-2025-1-360x240.jpg 1x, https:\/\/www.opackgroup.com\/de\/wp-content\/uploads\/2025\/08\/Ecovadis-Goud-2025-1-720x480.jpg 2x\" width=\"360\" height=\"240\" \/>\n  <img class=\"block-image__image\" draggable=\"false\" decoding=\"async\" loading=\"lazy\" src=\"https:\/\/www.opackgroup.com\/de\/wp-content\/uploads\/2025\/08\/Ecovadis-Goud-2025-1-800x600.jpg\" alt=\"\" width=\"800\" height=\"600\" \/>\n<\/picture>\n                                    <div\n                        class=\"block-image__holder block-image__holder--desktop\"\n                        style=\"aspect-ratio: 800\/600; max-width: 800px\">\n                    <\/div>\n                \n                                    <div\n                        class=\"block-image__holder block-image__holder--mobile\"\n                        style=\"aspect-ratio: 360\/240; max-width: 360px\">\n                    <\/div>\n                \n                                \n            <\/div>\n\n                        \n\n            \n            \n            \n            \n        <\/figure>\n\n        \n    <\/div>\n\n\n<\/div>\n            <\/div>\n<\/div>\n\n\n<p class=\"hh-block block-paragraph block-paragraph--id-69d11771d70ea\"data-mb=\"small\"><a href=\"https:\/\/www.fardem-packaging.nl\/de\/ecovadis\/\">Fardem Packaging<\/a><br><a href=\"https:\/\/www.flexpak.nl\/de\/ecovadis\/\">Flexpak<br><\/a><a href=\"https:\/\/www.oerlemansplastics.nl\/de\/ecovadis\/?preview_id=3412&amp;preview_nonce=466f28c6de&amp;preview=true\">Oerlemans Plastics<\/a><br><a href=\"https:\/\/www.opi-plastics.nl\/de\/ecovadis\/\">OPI Plastics<\/a><br><a href=\"https:\/\/www.perfon.nl\/de\/ecovadis\/\">Perfon<\/a><br><a href=\"https:\/\/www.plasthill.nl\/de\/ecovadis\/\">Plasthill<\/a><br><a href=\"https:\/\/www.stempher.nl\/de\/ecovadis\/\">Stempher<br><\/a><\/p>","protected":false},"excerpt":{"rendered":"","protected":false},"author":2,"featured_media":0,"parent":0,"menu_order":18,"comment_status":"closed","ping_status":"closed","template":"","meta":{"_acf_changed":false,"footnotes":""},"class_list":["post-11995","page","type-page","status-publish","hentry"],"acf":[],"yoast_head":"<title>Ecovadis-Zertifizierung | Unternehmerische Nachhaltigkeit<\/title>\n<meta name=\"description\" content=\"Lesen Sie, wie die Ecovadis-Zertifizierung der OPACKGROUP ihr Engagement f\u00fcr nachhaltiges und verantwortungsvolles Wirtschaften best\u00e4tigt.\" \/>\n<meta name=\"robots\" content=\"index, follow, max-snippet:-1, max-image-preview:large, max-video-preview:-1\" \/>\n<link rel=\"canonical\" href=\"https:\/\/www.opackgroup.com\/de\/ecovadis-zertifizierung-unternehmerische-nachhaltigkeit\/\" \/>\n<meta property=\"og:locale\" content=\"de_DE\" \/>\n<meta property=\"og:type\" content=\"article\" \/>\n<meta property=\"og:title\" content=\"Ecovadis-Zertifizierung | Unternehmerische Nachhaltigkeit\" \/>\n<meta property=\"og:description\" content=\"Lesen Sie, wie die Ecovadis-Zertifizierung der OPACKGROUP ihr Engagement f\u00fcr nachhaltiges und verantwortungsvolles Wirtschaften best\u00e4tigt.\" \/>\n<meta property=\"og:url\" content=\"https:\/\/www.opackgroup.com\/de\/ecovadis-zertifizierung-unternehmerische-nachhaltigkeit\/\" \/>\n<meta property=\"og:site_name\" content=\"OPACKGROUP\" \/>\n<meta property=\"article:modified_time\" content=\"2025-08-08T14:02:51+00:00\" \/>\n<meta name=\"twitter:card\" content=\"summary_large_image\" \/>\n<meta name=\"twitter:label1\" content=\"Gesch\u00e4tzte Lesezeit\" \/>\n\t<meta name=\"twitter:data1\" content=\"1\u00a0Minute\" \/>\n<script type=\"application\/ld+json\" class=\"yoast-schema-graph\">{\"@context\":\"https:\/\/schema.org\",\"@graph\":[{\"@type\":\"WebPage\",\"@id\":\"https:\/\/www.opackgroup.com\/de\/ecovadis-zertifizierung-unternehmerische-nachhaltigkeit\/\",\"url\":\"https:\/\/www.opackgroup.com\/de\/ecovadis-zertifizierung-unternehmerische-nachhaltigkeit\/\",\"name\":\"Ecovadis-Zertifizierung | Unternehmerische Nachhaltigkeit\",\"isPartOf\":{\"@id\":\"https:\/\/www.opackgroup.com\/de\/#website\"},\"datePublished\":\"2024-11-27T11:28:43+00:00\",\"dateModified\":\"2025-08-08T14:02:51+00:00\",\"description\":\"Lesen Sie, wie die Ecovadis-Zertifizierung der OPACKGROUP ihr Engagement f\u00fcr nachhaltiges und verantwortungsvolles Wirtschaften best\u00e4tigt.\",\"breadcrumb\":{\"@id\":\"https:\/\/www.opackgroup.com\/de\/ecovadis-zertifizierung-unternehmerische-nachhaltigkeit\/#breadcrumb\"},\"inLanguage\":\"de\",\"potentialAction\":[{\"@type\":\"ReadAction\",\"target\":[\"https:\/\/www.opackgroup.com\/de\/ecovadis-zertifizierung-unternehmerische-nachhaltigkeit\/\"]}]},{\"@type\":\"BreadcrumbList\",\"@id\":\"https:\/\/www.opackgroup.com\/de\/ecovadis-zertifizierung-unternehmerische-nachhaltigkeit\/#breadcrumb\",\"itemListElement\":[{\"@type\":\"ListItem\",\"position\":1,\"name\":\"Home\",\"item\":\"https:\/\/www.opackgroup.com\/de\/\"},{\"@type\":\"ListItem\",\"position\":2,\"name\":\"Ecovadis\"}]},{\"@type\":\"WebSite\",\"@id\":\"https:\/\/www.opackgroup.com\/de\/#website\",\"url\":\"https:\/\/www.opackgroup.com\/de\/\",\"name\":\"OPACKGROUP\",\"description\":\"The sustainable innovator\",\"potentialAction\":[{\"@type\":\"SearchAction\",\"target\":{\"@type\":\"EntryPoint\",\"urlTemplate\":\"https:\/\/www.opackgroup.com\/de\/?suchanfrage={search_term_string}\"},\"query-input\":{\"@type\":\"PropertyValueSpecification\",\"valueRequired\":true,\"valueName\":\"search_term_string\"}}],\"inLanguage\":\"de\"}]}<\/script>","yoast_head_json":{"title":"Ecovadis-Zertifizierung | Unternehmerische Nachhaltigkeit","description":"Lesen Sie, wie die Ecovadis-Zertifizierung der OPACKGROUP ihr Engagement f\u00fcr nachhaltiges und verantwortungsvolles Wirtschaften best\u00e4tigt.","robots":{"index":"index","follow":"follow","max-snippet":"max-snippet:-1","max-image-preview":"max-image-preview:large","max-video-preview":"max-video-preview:-1"},"canonical":"https:\/\/www.opackgroup.com\/de\/ecovadis-zertifizierung-unternehmerische-nachhaltigkeit\/","og_locale":"de_DE","og_type":"article","og_title":"Ecovadis-Zertifizierung | Unternehmerische Nachhaltigkeit","og_description":"Lesen Sie, wie die Ecovadis-Zertifizierung der OPACKGROUP ihr Engagement f\u00fcr nachhaltiges und verantwortungsvolles Wirtschaften best\u00e4tigt.","og_url":"https:\/\/www.opackgroup.com\/de\/ecovadis-zertifizierung-unternehmerische-nachhaltigkeit\/","og_site_name":"OPACKGROUP","article_modified_time":"2025-08-08T14:02:51+00:00","twitter_card":"summary_large_image","twitter_misc":{"Gesch\u00e4tzte Lesezeit":"1\u00a0Minute"},"schema":{"@context":"https:\/\/schema.org","@graph":[{"@type":"WebPage","@id":"https:\/\/www.opackgroup.com\/de\/ecovadis-zertifizierung-unternehmerische-nachhaltigkeit\/","url":"https:\/\/www.opackgroup.com\/de\/ecovadis-zertifizierung-unternehmerische-nachhaltigkeit\/","name":"Ecovadis-Zertifizierung | Unternehmerische Nachhaltigkeit","isPartOf":{"@id":"https:\/\/www.opackgroup.com\/de\/#website"},"datePublished":"2024-11-27T11:28:43+00:00","dateModified":"2025-08-08T14:02:51+00:00","description":"Lesen Sie, wie die Ecovadis-Zertifizierung der OPACKGROUP ihr Engagement f\u00fcr nachhaltiges und verantwortungsvolles Wirtschaften best\u00e4tigt.","breadcrumb":{"@id":"https:\/\/www.opackgroup.com\/de\/ecovadis-zertifizierung-unternehmerische-nachhaltigkeit\/#breadcrumb"},"inLanguage":"de","potentialAction":[{"@type":"ReadAction","target":["https:\/\/www.opackgroup.com\/de\/ecovadis-zertifizierung-unternehmerische-nachhaltigkeit\/"]}]},{"@type":"BreadcrumbList","@id":"https:\/\/www.opackgroup.com\/de\/ecovadis-zertifizierung-unternehmerische-nachhaltigkeit\/#breadcrumb","itemListElement":[{"@type":"ListItem","position":1,"name":"Home","item":"https:\/\/www.opackgroup.com\/de\/"},{"@type":"ListItem","position":2,"name":"Ecovadis"}]},{"@type":"WebSite","@id":"https:\/\/www.opackgroup.com\/de\/#website","url":"https:\/\/www.opackgroup.com\/de\/","name":"OPACKGROUP","description":"The sustainable innovator","potentialAction":[{"@type":"SearchAction","target":{"@type":"EntryPoint","urlTemplate":"https:\/\/www.opackgroup.com\/de\/?suchanfrage={search_term_string}"},"query-input":{"@type":"PropertyValueSpecification","valueRequired":true,"valueName":"search_term_string"}}],"inLanguage":"de"}]}},"_links":{"self":[{"href":"https:\/\/www.opackgroup.com\/de\/wp-json\/wp\/v2\/pages\/11995","targetHints":{"allow":["GET"]}}],"collection":[{"href":"https:\/\/www.opackgroup.com\/de\/wp-json\/wp\/v2\/pages"}],"about":[{"href":"https:\/\/www.opackgroup.com\/de\/wp-json\/wp\/v2\/types\/page"}],"author":[{"embeddable":true,"href":"https:\/\/www.opackgroup.com\/de\/wp-json\/wp\/v2\/users\/2"}],"replies":[{"embeddable":true,"href":"https:\/\/www.opackgroup.com\/de\/wp-json\/wp\/v2\/comments?post=11995"}],"version-history":[{"count":13,"href":"https:\/\/www.opackgroup.com\/de\/wp-json\/wp\/v2\/pages\/11995\/revisions"}],"predecessor-version":[{"id":12515,"href":"https:\/\/www.opackgroup.com\/de\/wp-json\/wp\/v2\/pages\/11995\/revisions\/12515"}],"wp:attachment":[{"href":"https:\/\/www.opackgroup.com\/de\/wp-json\/wp\/v2\/media?parent=11995"}],"curies":[{"name":"wp","href":"https:\/\/api.w.org\/{rel}","templated":true}]}}