{"id":11986,"date":"2024-11-27T12:29:42","date_gmt":"2024-11-27T11:29:42","guid":{"rendered":"https:\/\/www.opackgroup.com\/de\/?page_id=11986"},"modified":"2025-07-16T12:16:13","modified_gmt":"2025-07-16T10:16:13","slug":"iso14001-zertifizierung-nachhaltig-und-verantwortungsbewusst","status":"publish","type":"page","link":"https:\/\/www.opackgroup.com\/de\/iso14001-zertifizierung-nachhaltig-und-verantwortungsbewusst\/","title":{"rendered":"ISO14001"},"content":{"rendered":"\n<div class=\"hh-block block-row\"data-mb=\"regular\">\n    <div class=\"block-row__row row block-row__row--preset-1\/4|1\/4|1\/4|1\/4 block-row__row--align-stretch\">\n                \n\n<div class=\"hh-block block-column col col--1 col--lg-1\/4\">\n    \n<p class=\"hh-block block-paragraph block-paragraph--id-69ed078f6ab4e\"data-mb=\"small\">ISO 14001 ist eine internationale Norm und die Grundlage f\u00fcr das Umweltmanagement. Zu diesem Zweck wurde eine Umweltpolitik entwickelt. ISO 14001 legt die Anforderungen an ein Umweltmanagementsystem fest, das eine Organisation zur Verbesserung ihrer Umweltleistung einsetzen kann. Die Norm ist f\u00fcr Organisationen gedacht, die ihre Umweltverantwortung systematisch wahrnehmen wollen und damit einen Beitrag zur \u00f6kologischen S\u00e4ule der Nachhaltigkeit leisten wollen.<\/p>\n<\/div>\n\n\n<div class=\"hh-block block-column col col--1 col--lg-1\/4\">\n    \n\n    <div class=\"hh-block block-image\"\n         data-mt=\"none\"         data-mb=\"smaller\"         data-horizontal-align=\"centered\"\n         data-vertical-align=\"centered\"\n         data-mobile-align=\"centered\">\n\n         \n        <figure class=\"block-image__inner\" style=\"max-width: 200px\">\n\n            \n            \n            <div class=\"block-image__image-container\">\n\n            \n                <picture class=\"block-image__picture\" draggable=\"false\">\n  <source media=\"(min-width: 414px)\" srcset=\"https:\/\/www.opackgroup.com\/de\/wp-content\/uploads\/2025\/07\/Certificatie.ISO14001.CO2REDUCTIEMANAGEMENT-200x200.png\" width=\"200\" height=\"200\" \/>\n  <source media=\"(min-width: 0px)\" srcset=\"https:\/\/www.opackgroup.com\/de\/wp-content\/uploads\/2025\/07\/Certificatie.ISO14001.CO2REDUCTIEMANAGEMENT-200x200.png 1x, https:\/\/www.opackgroup.com\/de\/wp-content\/uploads\/2025\/07\/Certificatie.ISO14001.CO2REDUCTIEMANAGEMENT-200x200.png 2x\" width=\"200\" height=\"200\" \/>\n  <img class=\"block-image__image\" draggable=\"false\" decoding=\"async\" loading=\"lazy\" src=\"https:\/\/www.opackgroup.com\/de\/wp-content\/uploads\/2025\/07\/Certificatie.ISO14001.CO2REDUCTIEMANAGEMENT-200x200.png\" alt=\"\" width=\"200\" height=\"200\" \/>\n<\/picture>\n                                    <div\n                        class=\"block-image__holder block-image__holder--transparent block-image__holder--desktop\"\n                        style=\"aspect-ratio: 200\/200; max-width: 200px\">\n                    <\/div>\n                \n                                    <div\n                        class=\"block-image__holder block-image__holder--transparent block-image__holder--mobile\"\n                        style=\"aspect-ratio: 200\/200; max-width: 200px\">\n                    <\/div>\n                \n                                \n            <\/div>\n\n                        \n\n            \n            \n            \n            \n        <\/figure>\n\n        \n    <\/div>\n\n\n\n\n    <div class=\"hh-block block-image\"\n         data-mt=\"none\"         data-mb=\"small\"         data-horizontal-align=\"centered\"\n         data-vertical-align=\"centered\"\n         data-mobile-align=\"centered\">\n\n         \n        <figure class=\"block-image__inner\" style=\"max-width: 1497px\">\n\n            \n            \n            <div class=\"block-image__image-container\">\n\n            \n                <picture class=\"block-image__picture\" draggable=\"false\">\n  <source media=\"(min-width: 414px)\" srcset=\"https:\/\/www.opackgroup.com\/de\/wp-content\/uploads\/2024\/11\/Oerlemans-Packaging-CO2-reductie-programma-EED-scaled.jpg\" width=\"1497\" height=\"1080\" \/>\n  <source media=\"(min-width: 0px)\" srcset=\"https:\/\/www.opackgroup.com\/de\/wp-content\/uploads\/2024\/11\/Oerlemans-Packaging-CO2-reductie-programma-EED-360x260.jpg 1x, https:\/\/www.opackgroup.com\/de\/wp-content\/uploads\/2024\/11\/Oerlemans-Packaging-CO2-reductie-programma-EED-720x519.jpg 2x\" width=\"360\" height=\"260\" \/>\n  <img class=\"block-image__image\" draggable=\"false\" decoding=\"async\" loading=\"lazy\" src=\"https:\/\/www.opackgroup.com\/de\/wp-content\/uploads\/2024\/11\/Oerlemans-Packaging-CO2-reductie-programma-EED-scaled.jpg\" alt=\"Sort order\" width=\"1497\" height=\"1080\" \/>\n<\/picture>\n                                    <div\n                        class=\"block-image__holder block-image__holder--desktop\"\n                        style=\"aspect-ratio: 1497\/1080; max-width: 1497px\">\n                    <\/div>\n                \n                                    <div\n                        class=\"block-image__holder block-image__holder--mobile\"\n                        style=\"aspect-ratio: 360\/260; max-width: 360px\">\n                    <\/div>\n                \n                                \n            <\/div>\n\n                        \n\n            \n            \n            \n            \n        <\/figure>\n\n        \n    <\/div>\n\n\n<\/div>\n\n\n<div class=\"hh-block block-column col col--1 col--lg-1\/4\">\n    <\/div>\n\n\n<div class=\"hh-block block-column col col--1 col--lg-1\/4\">\n    <\/div>\n            <\/div>\n<\/div>\n\n\n<p class=\"hh-block block-paragraph block-paragraph--id-69ed078f71a09\"data-mb=\"small\"><a href=\"https:\/\/www.fardem-packaging.nl\/de\/iso14001\/\">Fardem Packaging<\/a><br><a href=\"https:\/\/www.flexpak.nl\/de\/iso14001\/\">Flexpak<\/a><a href=\"https:\/\/www.fardem-packaging.nl\/de\/iso14001\/\"><br><\/a><a href=\"https:\/\/www.oerlemansplastics.nl\/de\/iso14001\/?preview_id=3415&amp;preview_nonce=c152167b2b&amp;preview=true\">Oerlemans Plastics<\/a><br><a href=\"https:\/\/www.opi-plastics.nl\/de\/iso14001\/\">OPI Plastics<\/a><br><a href=\"https:\/\/www.perfon.nl\/de\/iso14001\/\">Perfon<\/a><br><a href=\"https:\/\/www.plasthill.nl\/de\/iso14001\/\">Plasthill<\/a><\/p>","protected":false},"excerpt":{"rendered":"","protected":false},"author":2,"featured_media":0,"parent":0,"menu_order":21,"comment_status":"closed","ping_status":"closed","template":"","meta":{"_acf_changed":false,"footnotes":""},"class_list":["post-11986","page","type-page","status-publish","hentry"],"acf":[],"yoast_head":"<title>ISO14001 Zertifizierung | Nachhaltig und verantwortungsbewusst<\/title>\n<meta name=\"description\" content=\"Finden Sie heraus, wie die ISO14001-Zertifizierung das Engagement f\u00fcr unternehmerische Verantwortung und nachhaltige Verpackungsl\u00f6sungen gew\u00e4hrleistet\" \/>\n<meta name=\"robots\" content=\"index, follow, max-snippet:-1, max-image-preview:large, max-video-preview:-1\" \/>\n<link rel=\"canonical\" href=\"https:\/\/www.opackgroup.com\/de\/iso14001-zertifizierung-nachhaltig-und-verantwortungsbewusst\/\" \/>\n<meta property=\"og:locale\" content=\"de_DE\" \/>\n<meta property=\"og:type\" content=\"article\" \/>\n<meta property=\"og:title\" content=\"ISO14001 Zertifizierung | Nachhaltig und verantwortungsbewusst\" \/>\n<meta property=\"og:description\" content=\"Finden Sie heraus, wie die ISO14001-Zertifizierung das Engagement f\u00fcr unternehmerische Verantwortung und nachhaltige Verpackungsl\u00f6sungen gew\u00e4hrleistet\" \/>\n<meta property=\"og:url\" content=\"https:\/\/www.opackgroup.com\/de\/iso14001-zertifizierung-nachhaltig-und-verantwortungsbewusst\/\" \/>\n<meta property=\"og:site_name\" content=\"OPACKGROUP\" \/>\n<meta property=\"article:modified_time\" content=\"2025-07-16T10:16:13+00:00\" \/>\n<meta name=\"twitter:card\" content=\"summary_large_image\" \/>\n<meta name=\"twitter:label1\" content=\"Gesch\u00e4tzte Lesezeit\" \/>\n\t<meta name=\"twitter:data1\" content=\"1\u00a0Minute\" \/>\n<script type=\"application\/ld+json\" class=\"yoast-schema-graph\">{\"@context\":\"https:\/\/schema.org\",\"@graph\":[{\"@type\":\"WebPage\",\"@id\":\"https:\/\/www.opackgroup.com\/de\/iso14001-zertifizierung-nachhaltig-und-verantwortungsbewusst\/\",\"url\":\"https:\/\/www.opackgroup.com\/de\/iso14001-zertifizierung-nachhaltig-und-verantwortungsbewusst\/\",\"name\":\"ISO14001 Zertifizierung | Nachhaltig und verantwortungsbewusst\",\"isPartOf\":{\"@id\":\"https:\/\/www.opackgroup.com\/de\/#website\"},\"datePublished\":\"2024-11-27T11:29:42+00:00\",\"dateModified\":\"2025-07-16T10:16:13+00:00\",\"description\":\"Finden Sie heraus, wie die ISO14001-Zertifizierung das Engagement f\u00fcr unternehmerische Verantwortung und nachhaltige Verpackungsl\u00f6sungen gew\u00e4hrleistet\",\"breadcrumb\":{\"@id\":\"https:\/\/www.opackgroup.com\/de\/iso14001-zertifizierung-nachhaltig-und-verantwortungsbewusst\/#breadcrumb\"},\"inLanguage\":\"de\",\"potentialAction\":[{\"@type\":\"ReadAction\",\"target\":[\"https:\/\/www.opackgroup.com\/de\/iso14001-zertifizierung-nachhaltig-und-verantwortungsbewusst\/\"]}]},{\"@type\":\"BreadcrumbList\",\"@id\":\"https:\/\/www.opackgroup.com\/de\/iso14001-zertifizierung-nachhaltig-und-verantwortungsbewusst\/#breadcrumb\",\"itemListElement\":[{\"@type\":\"ListItem\",\"position\":1,\"name\":\"Home\",\"item\":\"https:\/\/www.opackgroup.com\/de\/\"},{\"@type\":\"ListItem\",\"position\":2,\"name\":\"ISO14001\"}]},{\"@type\":\"WebSite\",\"@id\":\"https:\/\/www.opackgroup.com\/de\/#website\",\"url\":\"https:\/\/www.opackgroup.com\/de\/\",\"name\":\"OPACKGROUP\",\"description\":\"The sustainable innovator\",\"potentialAction\":[{\"@type\":\"SearchAction\",\"target\":{\"@type\":\"EntryPoint\",\"urlTemplate\":\"https:\/\/www.opackgroup.com\/de\/?suchanfrage={search_term_string}\"},\"query-input\":{\"@type\":\"PropertyValueSpecification\",\"valueRequired\":true,\"valueName\":\"search_term_string\"}}],\"inLanguage\":\"de\"}]}<\/script>","yoast_head_json":{"title":"ISO14001 Zertifizierung | Nachhaltig und verantwortungsbewusst","description":"Finden Sie heraus, wie die ISO14001-Zertifizierung das Engagement f\u00fcr unternehmerische Verantwortung und nachhaltige Verpackungsl\u00f6sungen gew\u00e4hrleistet","robots":{"index":"index","follow":"follow","max-snippet":"max-snippet:-1","max-image-preview":"max-image-preview:large","max-video-preview":"max-video-preview:-1"},"canonical":"https:\/\/www.opackgroup.com\/de\/iso14001-zertifizierung-nachhaltig-und-verantwortungsbewusst\/","og_locale":"de_DE","og_type":"article","og_title":"ISO14001 Zertifizierung | Nachhaltig und verantwortungsbewusst","og_description":"Finden Sie heraus, wie die ISO14001-Zertifizierung das Engagement f\u00fcr unternehmerische Verantwortung und nachhaltige Verpackungsl\u00f6sungen gew\u00e4hrleistet","og_url":"https:\/\/www.opackgroup.com\/de\/iso14001-zertifizierung-nachhaltig-und-verantwortungsbewusst\/","og_site_name":"OPACKGROUP","article_modified_time":"2025-07-16T10:16:13+00:00","twitter_card":"summary_large_image","twitter_misc":{"Gesch\u00e4tzte Lesezeit":"1\u00a0Minute"},"schema":{"@context":"https:\/\/schema.org","@graph":[{"@type":"WebPage","@id":"https:\/\/www.opackgroup.com\/de\/iso14001-zertifizierung-nachhaltig-und-verantwortungsbewusst\/","url":"https:\/\/www.opackgroup.com\/de\/iso14001-zertifizierung-nachhaltig-und-verantwortungsbewusst\/","name":"ISO14001 Zertifizierung | Nachhaltig und verantwortungsbewusst","isPartOf":{"@id":"https:\/\/www.opackgroup.com\/de\/#website"},"datePublished":"2024-11-27T11:29:42+00:00","dateModified":"2025-07-16T10:16:13+00:00","description":"Finden Sie heraus, wie die ISO14001-Zertifizierung das Engagement f\u00fcr unternehmerische Verantwortung und nachhaltige Verpackungsl\u00f6sungen gew\u00e4hrleistet","breadcrumb":{"@id":"https:\/\/www.opackgroup.com\/de\/iso14001-zertifizierung-nachhaltig-und-verantwortungsbewusst\/#breadcrumb"},"inLanguage":"de","potentialAction":[{"@type":"ReadAction","target":["https:\/\/www.opackgroup.com\/de\/iso14001-zertifizierung-nachhaltig-und-verantwortungsbewusst\/"]}]},{"@type":"BreadcrumbList","@id":"https:\/\/www.opackgroup.com\/de\/iso14001-zertifizierung-nachhaltig-und-verantwortungsbewusst\/#breadcrumb","itemListElement":[{"@type":"ListItem","position":1,"name":"Home","item":"https:\/\/www.opackgroup.com\/de\/"},{"@type":"ListItem","position":2,"name":"ISO14001"}]},{"@type":"WebSite","@id":"https:\/\/www.opackgroup.com\/de\/#website","url":"https:\/\/www.opackgroup.com\/de\/","name":"OPACKGROUP","description":"The sustainable innovator","potentialAction":[{"@type":"SearchAction","target":{"@type":"EntryPoint","urlTemplate":"https:\/\/www.opackgroup.com\/de\/?suchanfrage={search_term_string}"},"query-input":{"@type":"PropertyValueSpecification","valueRequired":true,"valueName":"search_term_string"}}],"inLanguage":"de"}]}},"_links":{"self":[{"href":"https:\/\/www.opackgroup.com\/de\/wp-json\/wp\/v2\/pages\/11986","targetHints":{"allow":["GET"]}}],"collection":[{"href":"https:\/\/www.opackgroup.com\/de\/wp-json\/wp\/v2\/pages"}],"about":[{"href":"https:\/\/www.opackgroup.com\/de\/wp-json\/wp\/v2\/types\/page"}],"author":[{"embeddable":true,"href":"https:\/\/www.opackgroup.com\/de\/wp-json\/wp\/v2\/users\/2"}],"replies":[{"embeddable":true,"href":"https:\/\/www.opackgroup.com\/de\/wp-json\/wp\/v2\/comments?post=11986"}],"version-history":[{"count":15,"href":"https:\/\/www.opackgroup.com\/de\/wp-json\/wp\/v2\/pages\/11986\/revisions"}],"predecessor-version":[{"id":12504,"href":"https:\/\/www.opackgroup.com\/de\/wp-json\/wp\/v2\/pages\/11986\/revisions\/12504"}],"wp:attachment":[{"href":"https:\/\/www.opackgroup.com\/de\/wp-json\/wp\/v2\/media?parent=11986"}],"curies":[{"name":"wp","href":"https:\/\/api.w.org\/{rel}","templated":true}]}}